{"id":1625,"date":"2023-06-13T20:19:30","date_gmt":"2023-06-13T20:19:30","guid":{"rendered":"https:\/\/icsmontreal.com\/orthopaedic-surgery\/"},"modified":"2025-02-06T13:28:41","modified_gmt":"2025-02-06T13:28:41","slug":"orthopaedic-surgery","status":"publish","type":"page","link":"https:\/\/icsmontreal.com\/en\/orthopaedic-surgery\/","title":{"rendered":"Orthopaedic surgery"},"content":{"rendered":"<p>[vc_row css_animation=&#8221;&#8221; row_type=&#8221;row&#8221; use_row_as_full_screen_section=&#8221;no&#8221; type=&#8221;full_width&#8221; angled_section=&#8221;no&#8221; text_align=&#8221;left&#8221; background_image_as_pattern=&#8221;without_pattern&#8221; z_index=&#8221;&#8221; el_class=&#8221;main-proc-page&#8221;][vc_column][vc_row_inner row_type=&#8221;row&#8221; type=&#8221;grid&#8221; text_align=&#8221;left&#8221; css_animation=&#8221;&#8221;][vc_column_inner][vc_column_text el_class=&#8221;title-section anim-single anim-up&#8221;]The Institut for Specialized Surgery of Montreal is the authority in arthroscopic (camera) orthopaedic surgery of the shoulder, elbow, hip and knee. The Institute also has a specialist unit for wrist and hand surgery. To include a complete range of orthopaedic services, we also offer hip and knee replacement surgery. The majority of our patients find it difficult to see a specialist in the public sector. Their names remain on orthopaedic surgeons&#8217; waiting lists, often for more than two years. Our fast and friendly approach is therefore an indispensable solution. Our specialists will assess you and proceed with surgery, if necessary, in less than two weeks. We understand that rapid intervention is the key to a successful recovery. On the contrary, the unacceptable delays in operating rooms in public hospitals run the risk of aggravating an injury to the point where it becomes a permanent handicap. Don&#8217;t wait any longer and consult one of our specialists.[\/vc_column_text][\/vc_column_inner][\/vc_row_inner][vc_row_inner row_type=&#8221;row&#8221; type=&#8221;full_width&#8221; text_align=&#8221;left&#8221; css_animation=&#8221;&#8221; el_id=&#8221;epaule&#8221;][vc_column_inner][vc_column_text el_class=&#8221;anim-single anim-up services&#8221;]<\/p>\n<h2>Arthroscopic shoulder surgery<\/h2>\n<p>[\/vc_column_text][vc_empty_space height=&#8221;60px&#8221;][vc_raw_html]JTNDZGl2JTIwY2xhc3MlM0QlMjJhbmltLXNpbmdsZSUyMGFuaW0tdXAlMjBwcm9jLXNob3J0JTIwZ3RjLTUlMjIlM0UlM0NkaXYlM0UlM0NhJTIwY2xhc3MlM0QlMjJob29kJTIyJTIwaHJlZiUzRCUyMmh0dHBzJTNBJTJGJTJGaWNzbW9udHJlYWwuY29tJTJGZW4lMkZwcm9jZWR1cmUlMkZhY3JvbWlvcGxhc3RpZSUyRiUyMiUzRSUzQ2ZpZ3VyZSUzRSUwQSUwOSUzQ2ltZyUyMGRlY29kaW5nJTNEJTIyYXN5bmMlMjIlMjBzcmMlM0QlMjJodHRwcyUzQSUyRiUyRmljc21vbnRyZWFsLmNvbSUyRndwLWNvbnRlbnQlMkZ1cGxvYWRzJTJGMjAyMyUyRjA1JTJGam9pbnQtY28uanBnJTIyJTNFJTBBJTA5JTIwJTIwJTNDZmlnY2FwdGlvbiUzRSUwQSUwOSUwOSUzQ2gzJTNFQWNyb21pb3BsYXN0eSUzQyUyRmgzJTNFJTBBJTA5JTA5JTNDcCUzRUFydGhyb3Njb3BpYyUyMGFjcm9taW9wbGFzdHklMjBjb25zaXN0cyUyMG9mJTIwcmVtb3ZpbmclMjBhbiUyMGV4Y2Vzc2l2ZSUyMHRoaWNrbmVzcyUyMG9mJTIwYm9uZSUyMGluJTIwdGhlJTIwc2hvdWxkZXIlMjAlMjhzdWJhY3JvbWlhbCUyMGltcGluZ2VtZW50JTI5JTIwY2F1c2luZyUyMGluZmxhbW1hdGlvbiUyMG9mJTIwdGhlJTIwdGVuZG9ucy4lM0MlMkZwJTNFJTBBJTA5JTNDJTJGZmlnY2FwdGlvbiUzRSUwQSUzQyUyRmZpZ3VyZSUzRSUzQyUyRmElM0UlM0MlMkZkaXYlM0UlM0NkaXYlM0UlM0NhJTIwY2xhc3MlM0QlMjJob29kJTIyJTIwaHJlZiUzRCUyMmh0dHBzJTNBJTJGJTJGaWNzbW9udHJlYWwuY29tJTJGZW4lMkZwcm9jZWR1cmUlMkZyZXBhcmF0aW9uLWRlLWxhLWNvaWZmZSUyRiUyMiUzRSUzQ2ZpZ3VyZSUzRSUwQSUwOSUzQ2ltZyUyMGRlY29kaW5nJTNEJTIyYXN5bmMlMjIlMjBzcmMlM0QlMjJodHRwcyUzQSUyRiUyRmljc21vbnRyZWFsLmNvbSUyRndwLWNvbnRlbnQlMkZ1cGxvYWRzJTJGMjAyMyUyRjA1JTJGUnVwdHVyZS1kZS1sYS1jb2lmZmUtZGVzLXJvdGF0ZXVycy5qcGclMjIlM0UlMEElMDklMjAlMjAlM0NmaWdjYXB0aW9uJTNFJTBBJTA5JTA5JTNDaDMlM0VSb3RhdG9yJTIwY3VmZiUyMHJlcGFpciUzQyUyRmgzJTNFJTBBJTA5JTA5JTNDcCUzRVRoZSUyMGFpbSUyMG9mJTIwY3VmZiUyMHJlcGFpciUyMGlzJTIwdG8lMjByZWxpZXZlJTIwcGFpbiUyMGFuZCUyMHJlc3RvcmUlMjBtb2JpbGl0eSUyMGFuZCUyMHN0cmVuZ3RoJTIwdG8lMjB0aGUlMjBzaG91bGRlci4lM0MlMkZwJTNFJTBBJTA5JTNDJTJGZmlnY2FwdGlvbiUzRSUwQSUzQyUyRmZpZ3VyZSUzRSUzQyUyRmElM0UlM0MlMkZkaXYlM0UlM0NkaXYlM0UlM0NhJTIwY2xhc3MlM0QlMjJob29kJTIyJTIwaHJlZiUzRCUyMmh0dHBzJTNBJTJGJTJGaWNzbW9udHJlYWwuY29tJTJGZW4lMkZwcm9jZWR1cmUlMkZzdGFiaWxpc2F0aW9uLWRlLXR5cGUtc2xhcCUyRiUyMiUzRSUzQ2ZpZ3VyZSUzRSUwQSUwOSUzQ2ltZyUyMGRlY29kaW5nJTNEJTIyYXN5bmMlMjIlMjBzcmMlM0QlMjJodHRwcyUzQSUyRiUyRmljc21vbnRyZWFsLmNvbSUyRndwLWNvbnRlbnQlMkZ1cGxvYWRzJTJGMjAyMyUyRjA1JTJGU0xBUC1SZXBhaXIuanBnJTIyJTNFJTBBJTA5JTIwJTIwJTNDZmlnY2FwdGlvbiUzRSUwQSUwOSUwOSUzQ2gzJTNFU0xBUCUyMHR5cGUlMjBzdGFiaWxpc2F0aW9uJTNDJTJGaDMlM0UlMEElMDklMDklM0NwJTNFQXJ0aHJvc2NvcGljJTIwU0xBUCUyMHN1cmdlcnklMjByZXBhaXJzJTIwZGFtYWdlJTIwdG8lMjB0aGUlMjBjYXJ0aWxhZ2UlMjAlMjhsYWJydW0lMjklMjB0aGF0JTIwbGluZXMlMjB0aGUlMjB1cHBlciUyMHBhcnQlMjBvZiUyMHlvdXIlMjBzaG91bGRlciUyMGpvaW50LiUzQyUyRnAlM0UlMEElMDklM0MlMkZmaWdjYXB0aW9uJTNFJTBBJTNDJTJGZmlndXJlJTNFJTNDJTJGYSUzRSUzQyUyRmRpdiUzRSUzQ2RpdiUzRSUzQ2ElMjBjbGFzcyUzRCUyMmhvb2QlMjIlMjBocmVmJTNEJTIyaHR0cHMlM0ElMkYlMkZpY3Ntb250cmVhbC5jb20lMkZlbiUyRnByb2NlZHVyZSUyRnN0YWJpbGlzYXRpb24tZGUtdHlwZS1iYW5rYXJ0JTJGJTIyJTNFJTNDZmlndXJlJTNFJTBBJTA5JTNDaW1nJTIwZGVjb2RpbmclM0QlMjJhc3luYyUyMiUyMHNyYyUzRCUyMmh0dHBzJTNBJTJGJTJGaWNzbW9udHJlYWwuY29tJTJGd3AtY29udGVudCUyRnVwbG9hZHMlMkYyMDIzJTJGMDUlMkZiYW5rYXJ0LTYwMC5qcGclMjIlM0UlMEElMDklMjAlMjAlM0NmaWdjYXB0aW9uJTNFJTBBJTA5JTA5JTNDaDMlM0VCYW5rYXJ0JTIwc3RhYmlsaXNhdGlvbiUzQyUyRmgzJTNFJTBBJTA5JTA5JTNDcCUzRUJhbmthcnQlMjBzdGFiaWxpc2F0aW9uJTIwaXMlMjBvbmUlMjBvZiUyMHR3byUyMG9wZXJhdGlvbnMlMjAlMjhhbG9uZyUyMHdpdGglMjBMYXRhcmpldCUyOSUyMHVzZWQlMjB0byUyMHRyZWF0JTIwc2hvdWxkZXIlMjBpbnN0YWJpbGl0eS4lM0MlMkZwJTNFJTBBJTA5JTNDJTJGZmlnY2FwdGlvbiUzRSUwQSUzQyUyRmZpZ3VyZSUzRSUzQyUyRmElM0UlM0MlMkZkaXYlM0UlM0NkaXYlM0UlM0NhJTIwY2xhc3MlM0QlMjJob29kJTIyJTIwaHJlZiUzRCUyMmh0dHBzJTNBJTJGJTJGaWNzbW9udHJlYWwuY29tJTJGZW4lMkZwcm9jZWR1cmUlMkZleGVyZXNlLWRlLWxhLWNsYXZpY3VsZS1kaXN0YWxlJTJGJTIyJTNFJTNDZmlndXJlJTNFJTBBJTA5JTNDaW1nJTIwZGVjb2RpbmclM0QlMjJhc3luYyUyMiUyMHNyYyUzRCUyMmh0dHBzJTNBJTJGJTJGaWNzbW9udHJlYWwuY29tJTJGd3AtY29udGVudCUyRnVwbG9hZHMlMkYyMDIzJTJGMDUlMkZEaXN0YWwtQ2xhdmljbGUtRXhjaXNpb24uanBnJTIyJTNFJTBBJTA5JTIwJTIwJTNDZmlnY2FwdGlvbiUzRSUwQSUwOSUwOSUzQ2gzJTNFUmVtb3ZhbCUyMG9mJTIwdGhlJTIwZGlzdGFsJTIwY2xhdmljbGUlM0MlMkZoMyUzRSUwQSUwOSUwOSUzQ3AlM0VSZW1vdmFsJTIwb2YlMjB0aGUlMjBkaXN0YWwlMjBjbGF2aWNsZSUyMGNhbiUyMHJlbGlldmUlMjBwYWluZnVsJTIwYWNyb21pb2NsYXZpY3VsYXIlMjBvc3Rlb2FydGhyaXRpcyUyMGFuZCUyMGhlbHAlMjBwYXRpZW50cyUyMHJlZ2FpbiUyMG1vYmlsaXR5JTIwaW4lMjB0aGUlMjBhY3JvbWlvY2xhdmljdWxhciUyMGpvaW50LiUzQyUyRnAlM0UlMEElMDklM0MlMkZmaWdjYXB0aW9uJTNFJTBBJTNDJTJGZmlndXJlJTNFJTNDJTJGYSUzRSUzQyUyRmRpdiUzRSUzQyUyRmRpdiUzRQ==[\/vc_raw_html][\/vc_column_inner][\/vc_row_inner][vc_row_inner row_type=&#8221;row&#8221; type=&#8221;full_width&#8221; text_align=&#8221;left&#8221; css_animation=&#8221;&#8221; el_id=&#8221;genou&#8221;][vc_column_inner][vc_column_text el_class=&#8221;anim-single anim-up services&#8221;]<\/p>\n<h2>Arthroscopic knee surgery<\/h2>\n<p>[\/vc_column_text][vc_empty_space height=&#8221;60px&#8221;][vc_raw_html]JTNDZGl2JTIwY2xhc3MlM0QlMjJhbmltLXNpbmdsZSUyMGFuaW0tdXAlMjBwcm9jLXNob3J0JTIwZ3RjLTMlMjIlM0UlM0NkaXYlM0UlM0NhJTIwY2xhc3MlM0QlMjJob29kJTIyJTIwaHJlZiUzRCUyMmh0dHBzJTNBJTJGJTJGaWNzbW9udHJlYWwuY29tJTJGZW4lMkZwcm9jZWR1cmUlMkZtZW5pc2VjdG9taWUlMkYlMjIlM0UlM0NmaWd1cmUlM0UlMEElMDklM0NpbWclMjBkZWNvZGluZyUzRCUyMmFzeW5jJTIyJTIwc3JjJTNEJTIyaHR0cHMlM0ElMkYlMkZpY3Ntb250cmVhbC5jb20lMkZ3cC1jb250ZW50JTJGdXBsb2FkcyUyRjIwMjMlMkYwNSUyRm1lbnVzYy02MDAuanBnJTIyJTNFJTBBJTA5JTIwJTIwJTNDZmlnY2FwdGlvbiUzRSUwQSUwOSUwOSUzQ2gzJTNFTWVuaXNjZWN0b215JTIwYW5kJTIwbWVuaXNjYWwlMjByZXBhaXIlM0MlMkZoMyUzRSUwQSUwOSUwOSUzQ3AlM0VNZW5pc2N1cyUyMHN1cmdlcnklMjB0cmVhdHMlMjBkYW1hZ2VkJTIwa25lZSUyMG1lbmlzY2klMjBhbmQlMjBpcyUyMHBlcmZvcm1lZCUyMGFydGhyb3Njb3BpY2FsbHklMkMlMjBpLmUuJTIwd2l0aG91dCUyMG9wZW5pbmclMjB0aGUlMjBqb2ludC4lM0MlMkZwJTNFJTBBJTA5JTNDJTJGZmlnY2FwdGlvbiUzRSUwQSUzQyUyRmZpZ3VyZSUzRSUzQyUyRmElM0UlM0MlMkZkaXYlM0UlM0NkaXYlM0UlM0NhJTIwY2xhc3MlM0QlMjJob29kJTIyJTIwaHJlZiUzRCUyMmh0dHBzJTNBJTJGJTJGaWNzbW9udHJlYWwuY29tJTJGZW4lMkZwcm9jZWR1cmUlMkZyZWNvbnN0cnVjdGlvbi1kdS1saWdhbWVudC1jcm9pc2UlMkYlMjIlM0UlM0NmaWd1cmUlM0UlMEElMDklM0NpbWclMjBkZWNvZGluZyUzRCUyMmFzeW5jJTIyJTIwc3JjJTNEJTIyaHR0cHMlM0ElMkYlMkZpY3Ntb250cmVhbC5jb20lMkZ3cC1jb250ZW50JTJGdXBsb2FkcyUyRjIwMjMlMkYwNSUyRnJ1cHR1cmUtZHUtbGlnYW1lbnQtY3JvaXNlLXBvc3RlcmlldXItNjAwLmpwZyUyMiUzRSUwQSUwOSUyMCUyMCUzQ2ZpZ2NhcHRpb24lM0UlMEElMDklMDklM0NoMyUzRVJlY29uc3RydWN0aW9uJTIwb2YlMjB0aGUlMjBjcnVjaWF0ZSUyMGxpZ2FtZW50JTNDJTJGaDMlM0UlMEElMDklMDklM0NwJTNFU3VyZ2VyeSUyMG9uJTIwdGhlJTIwcG9zdGVyaW9yJTIwb3IlMjBhbnRlcmlvciUyMGNydWNpYXRlJTIwbGlnYW1lbnQlMkMlMjBrbm93biUyMGFzJTIwYXJ0aHJvc2NvcGljJTIwbGlnYW1lbnRvcGxhc3R5JTJDJTIwaW52b2x2ZXMlMjByZXBhaXJpbmclMjBhJTIwdGVhciUyMGluJTIwdGhlJTIwY3J1Y2lhdGUlMjBsaWdhbWVudC4lM0MlMkZwJTNFJTBBJTA5JTNDJTJGZmlnY2FwdGlvbiUzRSUwQSUzQyUyRmZpZ3VyZSUzRSUzQyUyRmElM0UlM0MlMkZkaXYlM0UlM0NkaXYlM0UlM0NhJTIwY2xhc3MlM0QlMjJob29kJTIyJTIwaHJlZiUzRCUyMmh0dHBzJTNBJTJGJTJGaWNzbW9udHJlYWwuY29tJTJGZW4lMkZwcm9jZWR1cmUlMkZjaGlydXJnaWUtY2FydGlsYWdpbmV1c2UtZHUtZ2Vub3UlMkYlMjIlM0UlM0NmaWd1cmUlM0UlMEElMDklM0NpbWclMjBkZWNvZGluZyUzRCUyMmFzeW5jJTIyJTIwc3JjJTNEJTIyaHR0cHMlM0ElMkYlMkZpY3Ntb250cmVhbC5jb20lMkZ3cC1jb250ZW50JTJGdXBsb2FkcyUyRjIwMjMlMkYwNSUyRmxlc2Nhci02MDAuanBnJTIyJTNFJTBBJTA5JTIwJTIwJTNDZmlnY2FwdGlvbiUzRSUwQSUwOSUwOSUzQ2gzJTNFS25lZSUyMGNhcnRpbGFnZSUyMHN1cmdlcnklM0MlMkZoMyUzRSUwQSUwOSUwOSUzQ3AlM0VUaGUlMjBhaW0lMjBvZiUyMHRoZSUyMG9wZXJhdGlvbiUyMGlzJTIwdG8lMjByZXN0b3JlJTIwYSUyMGhvbW9nZW5vdXMlMjBzbGlkaW5nJTIwc3VyZmFjZSUyQyUyMHRoZXJlYnklMjByZWxpZXZpbmclMjBwYWluJTJDJTIwYmxvY2thZ2VzJTIwYW5kJTIwc3dlbGxpbmcuJTNDJTJGcCUzRSUwQSUwOSUzQyUyRmZpZ2NhcHRpb24lM0UlMEElM0MlMkZmaWd1cmUlM0UlM0MlMkZhJTNFJTNDJTJGZGl2JTNFJTNDJTJGZGl2JTNF[\/vc_raw_html][\/vc_column_inner][\/vc_row_inner][vc_row_inner row_type=&#8221;row&#8221; type=&#8221;full_width&#8221; text_align=&#8221;left&#8221; css_animation=&#8221;&#8221; el_id=&#8221;hanche&#8221;][vc_column_inner][vc_column_text el_class=&#8221;anim-single anim-up services&#8221;]<\/p>\n<h2>Arthroscopic hip surgery<\/h2>\n<p>[\/vc_column_text][vc_empty_space height=&#8221;60px&#8221;][vc_raw_html]JTNDZGl2JTIwY2xhc3MlM0QlMjJhbmltLXNpbmdsZSUyMGFuaW0tdXAlMjBwcm9jLXNob3J0JTIwZ3RjLTIlMjIlM0UlM0NkaXYlM0UlM0NhJTIwY2xhc3MlM0QlMjJob29kJTIyJTIwaHJlZiUzRCUyMmh0dHBzJTNBJTJGJTJGaWNzbW9udHJlYWwuY29tJTJGZW4lMkZwcm9jZWR1cmUlMkZhcnRocm9zY29waWUtZGUtbGEtaGFuY2hlJTJGJTIyJTNFJTNDZmlndXJlJTNFJTBBJTA5JTNDaW1nJTIwZGVjb2RpbmclM0QlMjJhc3luYyUyMiUyMHNyYyUzRCUyMmh0dHBzJTNBJTJGJTJGaWNzbW9udHJlYWwuY29tJTJGd3AtY29udGVudCUyRnVwbG9hZHMlMkYyMDIzJTJGMDYlMkZQaW5jZXItaW1waW5nZW1lbnQuanBnJTIyJTNFJTBBJTA5JTIwJTIwJTNDZmlnY2FwdGlvbiUzRSUwQSUwOSUwOSUzQ2gzJTNFQXJ0aHJvc2NvcHklMjBvZiUyMHRoZSUyMGhpcCUzQyUyRmgzJTNFJTBBJTA5JTA5JTNDcCUzRUFydGhyb3Njb3B5JTIwb2YlMjB0aGUlMjBoaXAlMjByZXNwZWN0cyUyMGFsbCUyMHRoZSUyMG11c2NsZXMlMjBvZiUyMHRoZSUyMGhpcCUyMGFuZCUyMGFsbG93cyUyMHJhcGlkJTIwcG9zdC1vcGVyYXRpdmUlMjByZWNvdmVyeS4lM0MlMkZwJTNFJTBBJTA5JTNDJTJGZmlnY2FwdGlvbiUzRSUwQSUzQyUyRmZpZ3VyZSUzRSUzQyUyRmElM0UlM0MlMkZkaXYlM0UlM0NkaXYlM0UlM0NhJTIwY2xhc3MlM0QlMjJob29kJTIyJTIwaHJlZiUzRCUyMmh0dHBzJTNBJTJGJTJGaWNzbW9udHJlYWwuY29tJTJGZW4lMkZwcm9jZWR1cmUlMkZyZXBhcmF0aW9uLWRlLWxhYnJ1bSUyRiUyMiUzRSUzQ2ZpZ3VyZSUzRSUwQSUwOSUzQ2ltZyUyMGRlY29kaW5nJTNEJTIyYXN5bmMlMjIlMjBzcmMlM0QlMjJodHRwcyUzQSUyRiUyRmljc21vbnRyZWFsLmNvbSUyRndwLWNvbnRlbnQlMkZ1cGxvYWRzJTJGMjAyMyUyRjA2JTJGRGVjaGlydXJlLWxhYnJhbGUuanBnJTIyJTNFJTBBJTA5JTIwJTIwJTNDZmlnY2FwdGlvbiUzRSUwQSUwOSUwOSUzQ2gzJTNFTGFicnVtJTIwcmVwYWlyJTNDJTJGaDMlM0UlMEElMDklMDklM0NwJTNFTGFicnVtJTIwcmVwYWlyJTIwaXMlMjBhbiUyMGVmZmVjdGl2ZSUyMG9wdGlvbiUyMGZvciUyMHBlb3BsZSUyMHN1ZmZlcmluZyUyMGZyb20lMjBoaXAlMjBwYWluJTJDJTIwam9pbnQlMjBpbnN0YWJpbGl0eSUyMGFuZCUyMGZ1bmN0aW9uYWwlMjBsaW1pdGF0aW9ucyUyMGR1ZSUyMHRvJTIwYSUyMGRhbWFnZWQlMjBsYWJydW0uJTNDJTJGcCUzRSUwQSUwOSUzQyUyRmZpZ2NhcHRpb24lM0UlMEElM0MlMkZmaWd1cmUlM0UlM0MlMkZhJTNFJTNDJTJGZGl2JTNFJTNDJTJGZGl2JTNF[\/vc_raw_html][\/vc_column_inner][\/vc_row_inner][\/vc_column][\/vc_row]<\/p>\n","protected":false},"excerpt":{"rendered":"<p>A rapid return to health<\/p>\n","protected":false},"author":1,"featured_media":1297,"parent":0,"menu_order":0,"comment_status":"closed","ping_status":"closed","template":"full_width.php","meta":{"footnotes":""},"class_list":["post-1625","page","type-page","status-publish","has-post-thumbnail","hentry"],"yoast_head":"<!-- This site is optimized with the Yoast SEO plugin v21.7 - https:\/\/yoast.com\/wordpress\/plugins\/seo\/ -->\n<title>Private Orthopedic surgery Clinic in Montreal<\/title>\n<meta name=\"description\" content=\"Orthopedists at ICS Montreal specialize in the diagnosis and treatment of issues relating to bones, muscles, tendons, ligaments and nerves\" \/>\n<meta name=\"robots\" content=\"index, follow, max-snippet:-1, max-image-preview:large, max-video-preview:-1\" \/>\n<link rel=\"canonical\" href=\"https:\/\/icsmontreal.com\/en\/orthopaedic-surgery\/\" \/>\n<meta property=\"og:locale\" content=\"en_US\" \/>\n<meta property=\"og:type\" content=\"article\" \/>\n<meta property=\"og:title\" content=\"Private Orthopedic surgery Clinic in Montreal\" \/>\n<meta property=\"og:description\" content=\"Orthopedists at ICS Montreal specialize in the diagnosis and treatment of issues relating to bones, muscles, tendons, ligaments and nerves\" \/>\n<meta property=\"og:url\" content=\"https:\/\/icsmontreal.com\/en\/orthopaedic-surgery\/\" \/>\n<meta property=\"og:site_name\" content=\"Institut de chirurgie sp\u00e9cialis\u00e9e de Montr\u00e9al\" \/>\n<meta property=\"article:publisher\" content=\"https:\/\/www.facebook.com\/icsmontreal\" \/>\n<meta property=\"article:modified_time\" content=\"2025-02-06T13:28:41+00:00\" \/>\n<meta property=\"og:image\" content=\"https:\/\/icsmontreal.com\/wp-content\/uploads\/2023\/05\/joint-02.jpg?_t=1739906652\" \/>\n\t<meta property=\"og:image:width\" content=\"1920\" \/>\n\t<meta property=\"og:image:height\" content=\"980\" \/>\n\t<meta property=\"og:image:type\" content=\"image\/jpeg\" \/>\n<meta name=\"twitter:card\" content=\"summary_large_image\" \/>\n<meta name=\"twitter:label1\" content=\"Est. reading time\" \/>\n\t<meta name=\"twitter:data1\" content=\"2 minutes\" \/>\n<script type=\"application\/ld+json\" class=\"yoast-schema-graph\">{\"@context\":\"https:\/\/schema.org\",\"@graph\":[{\"@type\":\"WebPage\",\"@id\":\"https:\/\/icsmontreal.com\/en\/orthopaedic-surgery\/\",\"url\":\"https:\/\/icsmontreal.com\/en\/orthopaedic-surgery\/\",\"name\":\"Private Orthopedic surgery Clinic in Montreal\",\"isPartOf\":{\"@id\":\"https:\/\/icsmontreal.com\/en\/#website\"},\"datePublished\":\"2023-06-13T20:19:30+00:00\",\"dateModified\":\"2025-02-06T13:28:41+00:00\",\"description\":\"Orthopedists at ICS Montreal specialize in the diagnosis and treatment of issues relating to bones, muscles, tendons, ligaments and nerves\",\"breadcrumb\":{\"@id\":\"https:\/\/icsmontreal.com\/en\/orthopaedic-surgery\/#breadcrumb\"},\"inLanguage\":\"en-US\",\"potentialAction\":[{\"@type\":\"ReadAction\",\"target\":[\"https:\/\/icsmontreal.com\/en\/orthopaedic-surgery\/\"]}]},{\"@type\":\"BreadcrumbList\",\"@id\":\"https:\/\/icsmontreal.com\/en\/orthopaedic-surgery\/#breadcrumb\",\"itemListElement\":[{\"@type\":\"ListItem\",\"position\":1,\"name\":\"Home\",\"item\":\"https:\/\/icsmontreal.com\/en\/\"},{\"@type\":\"ListItem\",\"position\":2,\"name\":\"Orthopaedic surgery\"}]},{\"@type\":\"WebSite\",\"@id\":\"https:\/\/icsmontreal.com\/en\/#website\",\"url\":\"https:\/\/icsmontreal.com\/en\/\",\"name\":\"Institut de chirurgie sp\u00e9cialis\u00e9e de Montr\u00e9al\",\"description\":\"\",\"publisher\":{\"@id\":\"https:\/\/icsmontreal.com\/en\/#organization\"},\"potentialAction\":[{\"@type\":\"SearchAction\",\"target\":{\"@type\":\"EntryPoint\",\"urlTemplate\":\"https:\/\/icsmontreal.com\/en\/?s={search_term_string}\"},\"query-input\":\"required name=search_term_string\"}],\"inLanguage\":\"en-US\"},{\"@type\":\"Organization\",\"@id\":\"https:\/\/icsmontreal.com\/en\/#organization\",\"name\":\"Institut de chirurgie sp\u00e9cialis\u00e9e de Montr\u00e9al\",\"url\":\"https:\/\/icsmontreal.com\/en\/\",\"logo\":{\"@type\":\"ImageObject\",\"inLanguage\":\"en-US\",\"@id\":\"https:\/\/icsmontreal.com\/en\/#\/schema\/logo\/image\/\",\"url\":\"https:\/\/icsmontreal.com\/wp-content\/uploads\/2023\/05\/logoics.jpg\",\"contentUrl\":\"https:\/\/icsmontreal.com\/wp-content\/uploads\/2023\/05\/logoics.jpg\",\"width\":310,\"height\":200,\"caption\":\"Institut de chirurgie sp\u00e9cialis\u00e9e de Montr\u00e9al\"},\"image\":{\"@id\":\"https:\/\/icsmontreal.com\/en\/#\/schema\/logo\/image\/\"},\"sameAs\":[\"https:\/\/www.facebook.com\/icsmontreal\",\"https:\/\/www.instagram.com\/ics.montreal\/\"]}]}<\/script>\n<!-- \/ Yoast SEO plugin. -->","yoast_head_json":{"title":"Private Orthopedic surgery Clinic in Montreal","description":"Orthopedists at ICS Montreal specialize in the diagnosis and treatment of issues relating to bones, muscles, tendons, ligaments and nerves","robots":{"index":"index","follow":"follow","max-snippet":"max-snippet:-1","max-image-preview":"max-image-preview:large","max-video-preview":"max-video-preview:-1"},"canonical":"https:\/\/icsmontreal.com\/en\/orthopaedic-surgery\/","og_locale":"en_US","og_type":"article","og_title":"Private Orthopedic surgery Clinic in Montreal","og_description":"Orthopedists at ICS Montreal specialize in the diagnosis and treatment of issues relating to bones, muscles, tendons, ligaments and nerves","og_url":"https:\/\/icsmontreal.com\/en\/orthopaedic-surgery\/","og_site_name":"Institut de chirurgie sp\u00e9cialis\u00e9e de Montr\u00e9al","article_publisher":"https:\/\/www.facebook.com\/icsmontreal","article_modified_time":"2025-02-06T13:28:41+00:00","og_image":[{"width":1920,"height":980,"url":"https:\/\/icsmontreal.com\/wp-content\/uploads\/2023\/05\/joint-02.jpg?_t=1739906652","type":"image\/jpeg"}],"twitter_card":"summary_large_image","twitter_misc":{"Est. reading time":"2 minutes"},"schema":{"@context":"https:\/\/schema.org","@graph":[{"@type":"WebPage","@id":"https:\/\/icsmontreal.com\/en\/orthopaedic-surgery\/","url":"https:\/\/icsmontreal.com\/en\/orthopaedic-surgery\/","name":"Private Orthopedic surgery Clinic in Montreal","isPartOf":{"@id":"https:\/\/icsmontreal.com\/en\/#website"},"datePublished":"2023-06-13T20:19:30+00:00","dateModified":"2025-02-06T13:28:41+00:00","description":"Orthopedists at ICS Montreal specialize in the diagnosis and treatment of issues relating to bones, muscles, tendons, ligaments and nerves","breadcrumb":{"@id":"https:\/\/icsmontreal.com\/en\/orthopaedic-surgery\/#breadcrumb"},"inLanguage":"en-US","potentialAction":[{"@type":"ReadAction","target":["https:\/\/icsmontreal.com\/en\/orthopaedic-surgery\/"]}]},{"@type":"BreadcrumbList","@id":"https:\/\/icsmontreal.com\/en\/orthopaedic-surgery\/#breadcrumb","itemListElement":[{"@type":"ListItem","position":1,"name":"Home","item":"https:\/\/icsmontreal.com\/en\/"},{"@type":"ListItem","position":2,"name":"Orthopaedic surgery"}]},{"@type":"WebSite","@id":"https:\/\/icsmontreal.com\/en\/#website","url":"https:\/\/icsmontreal.com\/en\/","name":"Institut de chirurgie sp\u00e9cialis\u00e9e de Montr\u00e9al","description":"","publisher":{"@id":"https:\/\/icsmontreal.com\/en\/#organization"},"potentialAction":[{"@type":"SearchAction","target":{"@type":"EntryPoint","urlTemplate":"https:\/\/icsmontreal.com\/en\/?s={search_term_string}"},"query-input":"required name=search_term_string"}],"inLanguage":"en-US"},{"@type":"Organization","@id":"https:\/\/icsmontreal.com\/en\/#organization","name":"Institut de chirurgie sp\u00e9cialis\u00e9e de Montr\u00e9al","url":"https:\/\/icsmontreal.com\/en\/","logo":{"@type":"ImageObject","inLanguage":"en-US","@id":"https:\/\/icsmontreal.com\/en\/#\/schema\/logo\/image\/","url":"https:\/\/icsmontreal.com\/wp-content\/uploads\/2023\/05\/logoics.jpg","contentUrl":"https:\/\/icsmontreal.com\/wp-content\/uploads\/2023\/05\/logoics.jpg","width":310,"height":200,"caption":"Institut de chirurgie sp\u00e9cialis\u00e9e de Montr\u00e9al"},"image":{"@id":"https:\/\/icsmontreal.com\/en\/#\/schema\/logo\/image\/"},"sameAs":["https:\/\/www.facebook.com\/icsmontreal","https:\/\/www.instagram.com\/ics.montreal\/"]}]}},"acf":[],"_links":{"self":[{"href":"https:\/\/icsmontreal.com\/en\/wp-json\/wp\/v2\/pages\/1625","targetHints":{"allow":["GET"]}}],"collection":[{"href":"https:\/\/icsmontreal.com\/en\/wp-json\/wp\/v2\/pages"}],"about":[{"href":"https:\/\/icsmontreal.com\/en\/wp-json\/wp\/v2\/types\/page"}],"author":[{"embeddable":true,"href":"https:\/\/icsmontreal.com\/en\/wp-json\/wp\/v2\/users\/1"}],"replies":[{"embeddable":true,"href":"https:\/\/icsmontreal.com\/en\/wp-json\/wp\/v2\/comments?post=1625"}],"version-history":[{"count":7,"href":"https:\/\/icsmontreal.com\/en\/wp-json\/wp\/v2\/pages\/1625\/revisions"}],"predecessor-version":[{"id":1632,"href":"https:\/\/icsmontreal.com\/en\/wp-json\/wp\/v2\/pages\/1625\/revisions\/1632"}],"wp:featuredmedia":[{"embeddable":true,"href":"https:\/\/icsmontreal.com\/en\/wp-json\/wp\/v2\/media\/1297"}],"wp:attachment":[{"href":"https:\/\/icsmontreal.com\/en\/wp-json\/wp\/v2\/media?parent=1625"}],"curies":[{"name":"wp","href":"https:\/\/api.w.org\/{rel}","templated":true}]}}