{"id":1638,"date":"2023-05-18T18:38:18","date_gmt":"2023-05-18T18:38:18","guid":{"rendered":"https:\/\/icsmontreal.com\/consultation\/"},"modified":"2025-02-06T19:35:12","modified_gmt":"2025-02-06T19:35:12","slug":"consultation","status":"publish","type":"page","link":"https:\/\/icsmontreal.com\/en\/consultation\/","title":{"rendered":"Consultation"},"content":{"rendered":"<p>[vc_row css_animation=&#8221;&#8221; row_type=&#8221;row&#8221; use_row_as_full_screen_section=&#8221;no&#8221; type=&#8221;full_width&#8221; angled_section=&#8221;no&#8221; text_align=&#8221;left&#8221; background_image_as_pattern=&#8221;without_pattern&#8221;][vc_column][vc_column_text el_class=&#8221;title-section&#8221;]<\/p>\n<h1 style=\"text-align: center;\">Book a consultation<\/h1>\n<p style=\"text-align: center;\">Take a moment to tell us what&#8217;s on your mind today.<\/p>\n<p>[\/vc_column_text]\n<div class=\"wpcf7 no-js\" id=\"wpcf7-f1641-o1\" lang=\"en-US\" dir=\"ltr\">\n<div class=\"screen-reader-response\"><p role=\"status\" aria-live=\"polite\" aria-atomic=\"true\"><\/p> <ul><\/ul><\/div>\n<form action=\"\/en\/wp-json\/wp\/v2\/pages\/1638#wpcf7-f1641-o1\" method=\"post\" class=\"wpcf7-form init cf7_custom_style_1 contactus\" aria-label=\"Contact form\" novalidate=\"novalidate\" data-status=\"init\">\n<div style=\"display: none;\">\n<input type=\"hidden\" name=\"_wpcf7\" value=\"1641\" \/>\n<input type=\"hidden\" name=\"_wpcf7_version\" value=\"5.7.6\" \/>\n<input type=\"hidden\" name=\"_wpcf7_locale\" value=\"en_US\" \/>\n<input type=\"hidden\" name=\"_wpcf7_unit_tag\" value=\"wpcf7-f1641-o1\" \/>\n<input type=\"hidden\" name=\"_wpcf7_container_post\" value=\"0\" \/>\n<input type=\"hidden\" name=\"_wpcf7_posted_data_hash\" value=\"\" \/>\n<input type=\"hidden\" name=\"_wpcf7cf_hidden_group_fields\" value=\"[]\" \/>\n<input type=\"hidden\" name=\"_wpcf7cf_hidden_groups\" value=\"[]\" \/>\n<input type=\"hidden\" name=\"_wpcf7cf_visible_groups\" value=\"[]\" \/>\n<input type=\"hidden\" name=\"_wpcf7cf_repeaters\" value=\"[]\" \/>\n<input type=\"hidden\" name=\"_wpcf7cf_steps\" value=\"{}\" \/>\n<input type=\"hidden\" name=\"_wpcf7cf_options\" value=\"{&quot;form_id&quot;:1641,&quot;conditions&quot;:[{&quot;then_field&quot;:&quot;group-or&quot;,&quot;and_rules&quot;:[{&quot;if_field&quot;:&quot;radio-144&quot;,&quot;operator&quot;:&quot;equals&quot;,&quot;if_value&quot;:&quot;ORTHOPAEDIC SURGERY&quot;}]},{&quot;then_field&quot;:&quot;group-ae&quot;,&quot;and_rules&quot;:[{&quot;if_field&quot;:&quot;radio-144&quot;,&quot;operator&quot;:&quot;equals&quot;,&quot;if_value&quot;:&quot;COSMETIC SURGERY&quot;}]},{&quot;then_field&quot;:&quot;group-hand&quot;,&quot;and_rules&quot;:[{&quot;if_field&quot;:&quot;radio-144&quot;,&quot;operator&quot;:&quot;equals&quot;,&quot;if_value&quot;:&quot;HAND SURGERY&quot;}]},{&quot;then_field&quot;:&quot;group-sport&quot;,&quot;and_rules&quot;:[{&quot;if_field&quot;:&quot;radio-144&quot;,&quot;operator&quot;:&quot;equals&quot;,&quot;if_value&quot;:&quot;SPORTS MEDICINE AND OSTEOARTHRITIS&quot;}]},{&quot;then_field&quot;:&quot;group-protez&quot;,&quot;and_rules&quot;:[{&quot;if_field&quot;:&quot;radio-144&quot;,&quot;operator&quot;:&quot;equals&quot;,&quot;if_value&quot;:&quot;PROSTHETICS&quot;}]}],&quot;settings&quot;:{&quot;animation&quot;:&quot;yes&quot;,&quot;animation_intime&quot;:200,&quot;animation_outtime&quot;:200,&quot;conditions_ui&quot;:&quot;normal&quot;,&quot;notice_dismissed&quot;:false}}\" \/>\n<input type=\"hidden\" name=\"_wpcf7_recaptcha_response\" value=\"\" \/>\n<\/div>\n<div class=\"form-grid\">\n    <div class=\"form-row col-2\">\n    <label>Name:\n     <span class=\"wpcf7-form-control-wrap\" data-name=\"your-name\"><input size=\"40\" class=\"wpcf7-form-control wpcf7-text wpcf7-validates-as-required\" autocomplete=\"name\" aria-required=\"true\" aria-invalid=\"false\" value=\"\" type=\"text\" name=\"your-name\" \/><\/span> <\/label>\n    <label>Email: \n     <span class=\"wpcf7-form-control-wrap\" data-name=\"your-email\"><input size=\"40\" class=\"wpcf7-form-control wpcf7-text wpcf7-email wpcf7-validates-as-required wpcf7-validates-as-email\" autocomplete=\"email\" aria-required=\"true\" aria-invalid=\"false\" value=\"\" type=\"email\" name=\"your-email\" \/><\/span> \n    <\/label>\n    <label>Phone: \n    <span class=\"wpcf7-form-control-wrap\" data-name=\"tel-189\"><input size=\"40\" class=\"wpcf7-form-control wpcf7-text wpcf7-tel wpcf7-validates-as-required wpcf7-validates-as-tel\" autocomplete=\"phone\" aria-required=\"true\" aria-invalid=\"false\" value=\"\" type=\"tel\" name=\"tel-189\" \/><\/span> \n    <\/label><label>Date of birth \/ Age:\n    <span class=\"wpcf7-form-control-wrap\" data-name=\"text-116\"><input size=\"40\" class=\"wpcf7-form-control wpcf7-text wpcf7-validates-as-required\" aria-required=\"true\" aria-invalid=\"false\" value=\"\" type=\"text\" name=\"text-116\" \/><\/span><\/label>\n    <\/div>\n    <h4 style=\"margin-bottom:0;\">What are you interested in?<\/h4>\n    <span class=\"wpcf7-form-control-wrap\" data-name=\"radio-144\"><span class=\"wpcf7-form-control wpcf7-radio\"><span class=\"wpcf7-list-item first\"><label><input type=\"radio\" name=\"radio-144\" value=\"ORTHOPAEDIC SURGERY\" checked=\"checked\" \/><span class=\"wpcf7-list-item-label\">ORTHOPAEDIC SURGERY<\/span><\/label><\/span><span class=\"wpcf7-list-item\"><label><input type=\"radio\" name=\"radio-144\" value=\"PROSTHETICS\" \/><span class=\"wpcf7-list-item-label\">PROSTHETICS<\/span><\/label><\/span><span class=\"wpcf7-list-item\"><label><input type=\"radio\" name=\"radio-144\" value=\"HAND SURGERY\" \/><span class=\"wpcf7-list-item-label\">HAND SURGERY<\/span><\/label><\/span><span class=\"wpcf7-list-item\"><label><input type=\"radio\" name=\"radio-144\" value=\"SPORTS MEDICINE AND OSTEOARTHRITIS\" \/><span class=\"wpcf7-list-item-label\">SPORTS MEDICINE AND OSTEOARTHRITIS<\/span><\/label><\/span><span class=\"wpcf7-list-item last\"><label><input type=\"radio\" name=\"radio-144\" value=\"COSMETIC SURGERY\" \/><span class=\"wpcf7-list-item-label\">COSMETIC SURGERY<\/span><\/label><\/span><\/span><\/span>\n    <\/div>\n    <div data-id=\"group-or\" data-orig_data_id=\"group-or\" data-clear_on_hide data-class=\"wpcf7cf_group\">\n    <span class=\"wpcf7-form-control-wrap\" data-name=\"menu-ortho\"><select class=\"wpcf7-form-control wpcf7-select\" aria-invalid=\"false\" name=\"menu-ortho\"><option value=\"optgroup-SHOULDER\">optgroup-SHOULDER<\/option><option value=\"Acromioplasty\">Acromioplasty<\/option><option value=\"Cuff repair\">Cuff repair<\/option><option value=\"Slap stabilisation\">Slap stabilisation<\/option><option value=\"Bankart\u2019 type stabilisation\">Bankart\u2019 type stabilisation<\/option><option value=\"Removal of distal clavicle\">Removal of distal clavicle<\/option><option value=\"endoptgroup\">endoptgroup<\/option><option value=\"optgroup-HIP\">optgroup-HIP<\/option><option value=\"Arthroscopy of the hip\">Arthroscopy of the hip<\/option><option value=\"Labrum repair\">Labrum repair<\/option><option value=\"Hip prostheses\">Hip prostheses<\/option><option value=\"endoptgroup\">endoptgroup<\/option><option value=\"optgroup-KNEE\">optgroup-KNEE<\/option><option value=\"Menisectomy and meniscal repair\">Menisectomy and meniscal repair<\/option><option value=\"Cruciate ligament reconstruction\">Cruciate ligament reconstruction<\/option><option value=\"Knee cartilage surgery\">Knee cartilage surgery<\/option><option value=\"Knee prosthesis\">Knee prosthesis<\/option><option value=\"endoptgroup\">endoptgroup<\/option><\/select><\/span>\n    <\/div>\n    <div data-id=\"group-protez\" data-orig_data_id=\"group-protez\" data-clear_on_hide data-class=\"wpcf7cf_group\">\n    <span class=\"wpcf7-form-control-wrap\" data-name=\"menu-prot\"><select class=\"wpcf7-form-control wpcf7-select\" aria-invalid=\"false\" name=\"menu-prot\"><option value=\"Hip prostheses\">Hip prostheses<\/option><option value=\"Knee prostheses\">Knee prostheses<\/option><\/select><\/span>\n    <\/div>\n    <div data-id=\"group-ae\" data-orig_data_id=\"group-ae\" data-clear_on_hide data-class=\"wpcf7cf_group\">\n    <span class=\"wpcf7-form-control-wrap\" data-name=\"menu-aest\"><select class=\"wpcf7-form-control wpcf7-select\" aria-invalid=\"false\" name=\"menu-aest\"><option value=\"optgroup-BREAST\">optgroup-BREAST<\/option><option value=\"Breast augmentation\">Breast augmentation<\/option><option value=\"Breast lift\">Breast lift<\/option><option value=\"Breast reduction\">Breast reduction<\/option><option value=\"endoptgroup\">endoptgroup<\/option><option value=\"optgroup-BODY\">optgroup-BODY<\/option><option value=\"Abdominoplasty\">Abdominoplasty<\/option><option value=\"Liposuction\">Liposuction<\/option><option value=\"Arm lift\">Arm lift<\/option><option value=\"endoptgroup\">endoptgroup<\/option><option value=\"optgroup-FACE\">optgroup-FACE<\/option><option value=\"Blepharoplasty\">Blepharoplasty<\/option><option value=\"Rhinoplasty\">Rhinoplasty<\/option><option value=\"Face lift\">Face lift<\/option><option value=\"endoptgroup\">endoptgroup<\/option><\/select><\/span><\/div>\n    <div data-id=\"group-hand\" data-orig_data_id=\"group-hand\" data-clear_on_hide data-class=\"wpcf7cf_group\">\n    <span class=\"wpcf7-form-control-wrap\" data-name=\"menu-hand\"><select class=\"wpcf7-form-control wpcf7-select\" aria-invalid=\"false\" name=\"menu-hand\"><option value=\"optgroup-ELBOW\">optgroup-ELBOW<\/option><option value=\"Carpal tunnel decompression\">Carpal tunnel decompression<\/option><option value=\"Surgical treatment of epicondylar muscle weakness\">Surgical treatment of epicondylar muscle weakness<\/option><option value=\"endoptgroup\">endoptgroup<\/option><option value=\"optgroup-WRIST\">optgroup-WRIST<\/option><option value=\"Carpal tunnel decompression\">Carpal tunnel decompression<\/option><option value=\"Surgery for ganglion cyst\">Surgery for ganglion cyst<\/option><option value=\"endoptgroup\">endoptgroup<\/option><option value=\"optgroup-THUMB AND FINGERS\">optgroup-THUMB AND FINGERS<\/option><option value=\"Decompression of trigger finger\">Decompression of trigger finger<\/option><option value=\"Decompression of de Quervain&#039;s tenosynovitis\">Decompression of de Quervain&#039;s tenosynovitis<\/option><option value=\"Arthroplasty of the thumb carpal trapezius joint\">Arthroplasty of the thumb carpal trapezius joint<\/option><option value=\"endoptgroup\">endoptgroup<\/option><\/select><\/span>\n    <\/div>\n    <div data-id=\"group-sport\" data-orig_data_id=\"group-sport\" data-clear_on_hide data-class=\"wpcf7cf_group\">\n    <span class=\"wpcf7-form-control-wrap\" data-name=\"menu-sport\"><select class=\"wpcf7-form-control wpcf7-select\" aria-invalid=\"false\" name=\"menu-sport\"><option value=\"Procedure\">Procedure<\/option><option value=\"Infiltration under ultrasound\">Infiltration under ultrasound<\/option><option value=\"Osteoarthritis management\">Osteoarthritis management<\/option><option value=\"Concussion\">Concussion<\/option><option value=\"Platelet-rich plasma (PRP) treatment\">Platelet-rich plasma (PRP) treatment<\/option><option value=\"Other\">Other<\/option><\/select><\/span>\n    <\/div>\n    <span class=\"wpcf7-form-control-wrap\" data-name=\"textarea-748\"><textarea cols=\"40\" rows=\"10\" class=\"wpcf7-form-control wpcf7-textarea\" aria-invalid=\"false\" placeholder=\"What concerns you?\" name=\"textarea-748\"><\/textarea><\/span>\n    <input class=\"wpcf7-form-control has-spinner wpcf7-submit\" type=\"submit\" value=\"Submit\" \/><div class=\"wpcf7-response-output\" aria-hidden=\"true\"><\/div>\n<\/form>\n<\/div>\n[vc_raw_html]CTxzY3JpcHQ+DQpqUXVlcnkoZG9jdW1lbnQpLnJlYWR5KGZ1bmN0aW9uKCQpew0KDQoJdmFyIHNlbGVjdEVuZ2luZXMgPSAkKCdzZWxlY3QnKTsNCgl2YXIgZm91bmRpbiA9ICQoJ29wdGlvbjpjb250YWlucygib3B0Z3JvdXAtIiknLCBzZWxlY3RFbmdpbmVzKTsNCg0KICAkLmVhY2goZm91bmRpbiwgZnVuY3Rpb24odmFsdWUpew0KCXZhciB1cGRhdGVkID0gJCh0aGlzKS52YWwoKS5yZXBsYWNlKCdvcHRncm91cC0nLCcnKTsNCgkkKHRoaXMpLm5leHRVbnRpbCgnb3B0aW9uOmNvbnRhaW5zKCJlbmRvcHRncm91cCIpJykud3JhcEFsbCgnPG9wdGdyb3VwIGxhYmVsPSInK3VwZGF0ZWQrJyI+PC9vcHRncm91cD4nKTsNCiAgfSk7DQoNCiAgJCgnb3B0aW9uOmNvbnRhaW5zKCJvcHRncm91cC0iKSwgb3B0aW9uOmNvbnRhaW5zKCJlbmRvcHRncm91cCIpJywgc2VsZWN0RW5naW5lcykucmVtb3ZlKCk7DQoNCn0pOw0KPC9zY3JpcHQ+[\/vc_raw_html][\/vc_column][\/vc_row]<\/p>\n","protected":false},"excerpt":{"rendered":"<p>[vc_row css_animation=&#8221;&#8221; row_type=&#8221;row&#8221; use_row_as_full_screen_section=&#8221;no&#8221; type=&#8221;full_width&#8221; angled_section=&#8221;no&#8221; text_align=&#8221;left&#8221; background_image_as_pattern=&#8221;without_pattern&#8221;][vc_column][vc_column_text el_class=&#8221;title-section&#8221;] Book a consultation Take a moment to tell us what&#8217;s on your mind today. [\/vc_column_text][vc_raw_html]CTxzY3JpcHQ+DQpqUXVlcnkoZG9jdW1lbnQpLnJlYWR5KGZ1bmN0aW9uKCQpew0KDQoJdmFyIHNlbGVjdEVuZ2luZXMgPSAkKCdzZWxlY3QnKTsNCgl2YXIgZm91bmRpbiA9ICQoJ29wdGlvbjpjb250YWlucygib3B0Z3JvdXAtIiknLCBzZWxlY3RFbmdpbmVzKTsNCg0KICAkLmVhY2goZm91bmRpbiwgZnVuY3Rpb24odmFsdWUpew0KCXZhciB1cGRhdGVkID0gJCh0aGlzKS52YWwoKS5yZXBsYWNlKCdvcHRncm91cC0nLCcnKTsNCgkkKHRoaXMpLm5leHRVbnRpbCgnb3B0aW9uOmNvbnRhaW5zKCJlbmRvcHRncm91cCIpJykud3JhcEFsbCgnPG9wdGdyb3VwIGxhYmVsPSInK3VwZGF0ZWQrJyI+PC9vcHRncm91cD4nKTsNCiAgfSk7DQoNCiAgJCgnb3B0aW9uOmNvbnRhaW5zKCJvcHRncm91cC0iKSwgb3B0aW9uOmNvbnRhaW5zKCJlbmRvcHRncm91cCIpJywgc2VsZWN0RW5naW5lcykucmVtb3ZlKCk7DQoNCn0pOw0KPC9zY3JpcHQ+[\/vc_raw_html][\/vc_column][\/vc_row]<\/p>\n","protected":false},"author":1,"featured_media":0,"parent":0,"menu_order":0,"comment_status":"closed","ping_status":"closed","template":"","meta":{"footnotes":""},"class_list":["post-1638","page","type-page","status-publish","hentry"],"yoast_head":"<!-- This site is optimized with the Yoast SEO plugin v21.7 - https:\/\/yoast.com\/wordpress\/plugins\/seo\/ -->\n<title>Consultation | Montreal Institute of Specialized Surgery<\/title>\n<meta name=\"description\" content=\"Consultation | Montreal orthopedic and plastic surgeons in a private surgical clinic. Book now!\" \/>\n<meta name=\"robots\" content=\"index, follow, max-snippet:-1, max-image-preview:large, max-video-preview:-1\" \/>\n<link rel=\"canonical\" href=\"https:\/\/icsmontreal.com\/en\/consultation\/\" \/>\n<meta property=\"og:locale\" content=\"en_US\" \/>\n<meta property=\"og:type\" content=\"article\" \/>\n<meta property=\"og:title\" content=\"Consultation | Montreal Institute of Specialized Surgery\" \/>\n<meta property=\"og:description\" content=\"Consultation | Montreal orthopedic and plastic surgeons in a private surgical clinic. Book now!\" \/>\n<meta property=\"og:url\" content=\"https:\/\/icsmontreal.com\/en\/consultation\/\" \/>\n<meta property=\"og:site_name\" content=\"Institut de chirurgie sp\u00e9cialis\u00e9e de Montr\u00e9al\" \/>\n<meta property=\"article:publisher\" content=\"https:\/\/www.facebook.com\/icsmontreal\" \/>\n<meta property=\"article:modified_time\" content=\"2025-02-06T19:35:12+00:00\" \/>\n<meta property=\"og:image\" content=\"https:\/\/icsmontreal.com\/wp-content\/uploads\/2023\/12\/Logo-ICS.jpg\" \/>\n\t<meta property=\"og:image:width\" content=\"1200\" \/>\n\t<meta property=\"og:image:height\" content=\"675\" \/>\n\t<meta property=\"og:image:type\" content=\"image\/jpeg\" \/>\n<meta name=\"twitter:card\" content=\"summary_large_image\" \/>\n<meta name=\"twitter:label1\" content=\"Est. reading time\" \/>\n\t<meta name=\"twitter:data1\" content=\"1 minute\" \/>\n<script type=\"application\/ld+json\" class=\"yoast-schema-graph\">{\"@context\":\"https:\/\/schema.org\",\"@graph\":[{\"@type\":\"WebPage\",\"@id\":\"https:\/\/icsmontreal.com\/en\/consultation\/\",\"url\":\"https:\/\/icsmontreal.com\/en\/consultation\/\",\"name\":\"Consultation | Montreal Institute of Specialized Surgery\",\"isPartOf\":{\"@id\":\"https:\/\/icsmontreal.com\/en\/#website\"},\"datePublished\":\"2023-05-18T18:38:18+00:00\",\"dateModified\":\"2025-02-06T19:35:12+00:00\",\"description\":\"Consultation | Montreal orthopedic and plastic surgeons in a private surgical clinic. Book now!\",\"breadcrumb\":{\"@id\":\"https:\/\/icsmontreal.com\/en\/consultation\/#breadcrumb\"},\"inLanguage\":\"en-US\",\"potentialAction\":[{\"@type\":\"ReadAction\",\"target\":[\"https:\/\/icsmontreal.com\/en\/consultation\/\"]}]},{\"@type\":\"BreadcrumbList\",\"@id\":\"https:\/\/icsmontreal.com\/en\/consultation\/#breadcrumb\",\"itemListElement\":[{\"@type\":\"ListItem\",\"position\":1,\"name\":\"Home\",\"item\":\"https:\/\/icsmontreal.com\/en\/\"},{\"@type\":\"ListItem\",\"position\":2,\"name\":\"Consultation\"}]},{\"@type\":\"WebSite\",\"@id\":\"https:\/\/icsmontreal.com\/en\/#website\",\"url\":\"https:\/\/icsmontreal.com\/en\/\",\"name\":\"Institut de chirurgie sp\u00e9cialis\u00e9e de Montr\u00e9al\",\"description\":\"\",\"publisher\":{\"@id\":\"https:\/\/icsmontreal.com\/en\/#organization\"},\"potentialAction\":[{\"@type\":\"SearchAction\",\"target\":{\"@type\":\"EntryPoint\",\"urlTemplate\":\"https:\/\/icsmontreal.com\/en\/?s={search_term_string}\"},\"query-input\":\"required name=search_term_string\"}],\"inLanguage\":\"en-US\"},{\"@type\":\"Organization\",\"@id\":\"https:\/\/icsmontreal.com\/en\/#organization\",\"name\":\"Institut de chirurgie sp\u00e9cialis\u00e9e de Montr\u00e9al\",\"url\":\"https:\/\/icsmontreal.com\/en\/\",\"logo\":{\"@type\":\"ImageObject\",\"inLanguage\":\"en-US\",\"@id\":\"https:\/\/icsmontreal.com\/en\/#\/schema\/logo\/image\/\",\"url\":\"https:\/\/icsmontreal.com\/wp-content\/uploads\/2023\/05\/logoics.jpg\",\"contentUrl\":\"https:\/\/icsmontreal.com\/wp-content\/uploads\/2023\/05\/logoics.jpg\",\"width\":310,\"height\":200,\"caption\":\"Institut de chirurgie sp\u00e9cialis\u00e9e de Montr\u00e9al\"},\"image\":{\"@id\":\"https:\/\/icsmontreal.com\/en\/#\/schema\/logo\/image\/\"},\"sameAs\":[\"https:\/\/www.facebook.com\/icsmontreal\",\"https:\/\/www.instagram.com\/ics.montreal\/\"]}]}<\/script>\n<!-- \/ Yoast SEO plugin. -->","yoast_head_json":{"title":"Consultation | Montreal Institute of Specialized Surgery","description":"Consultation | Montreal orthopedic and plastic surgeons in a private surgical clinic. Book now!","robots":{"index":"index","follow":"follow","max-snippet":"max-snippet:-1","max-image-preview":"max-image-preview:large","max-video-preview":"max-video-preview:-1"},"canonical":"https:\/\/icsmontreal.com\/en\/consultation\/","og_locale":"en_US","og_type":"article","og_title":"Consultation | Montreal Institute of Specialized Surgery","og_description":"Consultation | Montreal orthopedic and plastic surgeons in a private surgical clinic. Book now!","og_url":"https:\/\/icsmontreal.com\/en\/consultation\/","og_site_name":"Institut de chirurgie sp\u00e9cialis\u00e9e de Montr\u00e9al","article_publisher":"https:\/\/www.facebook.com\/icsmontreal","article_modified_time":"2025-02-06T19:35:12+00:00","og_image":[{"width":1200,"height":675,"url":"https:\/\/icsmontreal.com\/wp-content\/uploads\/2023\/12\/Logo-ICS.jpg","type":"image\/jpeg"}],"twitter_card":"summary_large_image","twitter_misc":{"Est. reading time":"1 minute"},"schema":{"@context":"https:\/\/schema.org","@graph":[{"@type":"WebPage","@id":"https:\/\/icsmontreal.com\/en\/consultation\/","url":"https:\/\/icsmontreal.com\/en\/consultation\/","name":"Consultation | Montreal Institute of Specialized Surgery","isPartOf":{"@id":"https:\/\/icsmontreal.com\/en\/#website"},"datePublished":"2023-05-18T18:38:18+00:00","dateModified":"2025-02-06T19:35:12+00:00","description":"Consultation | Montreal orthopedic and plastic surgeons in a private surgical clinic. Book now!","breadcrumb":{"@id":"https:\/\/icsmontreal.com\/en\/consultation\/#breadcrumb"},"inLanguage":"en-US","potentialAction":[{"@type":"ReadAction","target":["https:\/\/icsmontreal.com\/en\/consultation\/"]}]},{"@type":"BreadcrumbList","@id":"https:\/\/icsmontreal.com\/en\/consultation\/#breadcrumb","itemListElement":[{"@type":"ListItem","position":1,"name":"Home","item":"https:\/\/icsmontreal.com\/en\/"},{"@type":"ListItem","position":2,"name":"Consultation"}]},{"@type":"WebSite","@id":"https:\/\/icsmontreal.com\/en\/#website","url":"https:\/\/icsmontreal.com\/en\/","name":"Institut de chirurgie sp\u00e9cialis\u00e9e de Montr\u00e9al","description":"","publisher":{"@id":"https:\/\/icsmontreal.com\/en\/#organization"},"potentialAction":[{"@type":"SearchAction","target":{"@type":"EntryPoint","urlTemplate":"https:\/\/icsmontreal.com\/en\/?s={search_term_string}"},"query-input":"required name=search_term_string"}],"inLanguage":"en-US"},{"@type":"Organization","@id":"https:\/\/icsmontreal.com\/en\/#organization","name":"Institut de chirurgie sp\u00e9cialis\u00e9e de Montr\u00e9al","url":"https:\/\/icsmontreal.com\/en\/","logo":{"@type":"ImageObject","inLanguage":"en-US","@id":"https:\/\/icsmontreal.com\/en\/#\/schema\/logo\/image\/","url":"https:\/\/icsmontreal.com\/wp-content\/uploads\/2023\/05\/logoics.jpg","contentUrl":"https:\/\/icsmontreal.com\/wp-content\/uploads\/2023\/05\/logoics.jpg","width":310,"height":200,"caption":"Institut de chirurgie sp\u00e9cialis\u00e9e de Montr\u00e9al"},"image":{"@id":"https:\/\/icsmontreal.com\/en\/#\/schema\/logo\/image\/"},"sameAs":["https:\/\/www.facebook.com\/icsmontreal","https:\/\/www.instagram.com\/ics.montreal\/"]}]}},"acf":[],"_links":{"self":[{"href":"https:\/\/icsmontreal.com\/en\/wp-json\/wp\/v2\/pages\/1638","targetHints":{"allow":["GET"]}}],"collection":[{"href":"https:\/\/icsmontreal.com\/en\/wp-json\/wp\/v2\/pages"}],"about":[{"href":"https:\/\/icsmontreal.com\/en\/wp-json\/wp\/v2\/types\/page"}],"author":[{"embeddable":true,"href":"https:\/\/icsmontreal.com\/en\/wp-json\/wp\/v2\/users\/1"}],"replies":[{"embeddable":true,"href":"https:\/\/icsmontreal.com\/en\/wp-json\/wp\/v2\/comments?post=1638"}],"version-history":[{"count":4,"href":"https:\/\/icsmontreal.com\/en\/wp-json\/wp\/v2\/pages\/1638\/revisions"}],"predecessor-version":[{"id":1643,"href":"https:\/\/icsmontreal.com\/en\/wp-json\/wp\/v2\/pages\/1638\/revisions\/1643"}],"wp:attachment":[{"href":"https:\/\/icsmontreal.com\/en\/wp-json\/wp\/v2\/media?parent=1638"}],"curies":[{"name":"wp","href":"https:\/\/api.w.org\/{rel}","templated":true}]}}