{"id":335,"date":"2023-06-09T17:43:16","date_gmt":"2023-06-09T17:43:16","guid":{"rendered":"https:\/\/icsmontreal.com\/?page_id=335"},"modified":"2023-06-27T20:32:44","modified_gmt":"2023-06-27T20:32:44","slug":"forms","status":"publish","type":"page","link":"https:\/\/icsmontreal.com\/en\/forms\/","title":{"rendered":"Forms"},"content":{"rendered":"<p>[vc_row css_animation=&#8221;&#8221; row_type=&#8221;row&#8221; use_row_as_full_screen_section=&#8221;no&#8221; type=&#8221;grid&#8221; angled_section=&#8221;no&#8221; text_align=&#8221;left&#8221; background_image_as_pattern=&#8221;without_pattern&#8221; z_index=&#8221;&#8221; el_class=&#8221;grayish&#8221;][vc_column][vc_column_text]<\/p>\n<h2 style=\"text-align: center;\">Recommandations pr\u00e9- et postop\u00e9ratoires<\/h2>\n<p style=\"text-align: center;\">Veuillez vous r\u00e9f\u00e9rer \u00e0 nos recommandations pr\u00e9-op\u00e9ratoires et post-op\u00e9ratoires selon les proc\u00e9dures qui vous int\u00e9ressent.<\/p>\n<p>[\/vc_column_text][\/vc_column][\/vc_row][vc_row css_animation=&#8221;&#8221; row_type=&#8221;row&#8221; use_row_as_full_screen_section=&#8221;no&#8221; type=&#8221;grid&#8221; angled_section=&#8221;no&#8221; text_align=&#8221;left&#8221; background_image_as_pattern=&#8221;without_pattern&#8221; z_index=&#8221;&#8221; el_id=&#8221;forms-table&#8221;][vc_column][vc_column_text el_class=&#8221;anim-single anim-up&#8221;]<\/p>\n<h2 style=\"text-align: center;\">Chirurgie orthop\u00e9dique<\/h2>\n<p>[\/vc_column_text][vc_column_text el_class=&#8221;anim-single anim-up&#8221;]<\/p>\n<h4>Chirurgie arthroscopique de l\u2019\u00e9paule<\/h4>\n<ul>\n<li><a class=\"icon-pdf\" href=\"https:\/\/icsmontreal.com\/wp-content\/uploads\/2023\/06\/Chirurgie-arthroscopique-de-lepaule-recommandations-preoperatoires-FR.pdf\" target=\"_blank\" rel=\"noopener\">Recommandations pr\u00e9op\u00e9ratoires<\/a><\/li>\n<li><a class=\"icon-pdf\" href=\"https:\/\/icsmontreal.com\/wp-content\/uploads\/2023\/06\/Chirurgie-arthroscopique-de-lepaule-recommandations-post-operatoires-FR.pdf\" target=\"_blank\" rel=\"noopener\">Recommandations post-op\u00e9ratoires<\/a><\/li>\n<\/ul>\n<p>[\/vc_column_text][vc_column_text el_class=&#8221;anim-single anim-up&#8221;]<\/p>\n<h4>Chirurgie arthroscopique du genou<\/h4>\n<ul>\n<li><a class=\"icon-pdf\" href=\"https:\/\/icsmontreal.com\/wp-content\/uploads\/2023\/06\/Chirurgie-arthroscopique-du-genou-recommandations-preoperatoires-FR.pdf\" target=\"_blank\" rel=\"noopener\">Recommandations pr\u00e9op\u00e9ratoires<\/a><\/li>\n<li><a class=\"icon-pdf\" href=\"https:\/\/icsmontreal.com\/wp-content\/uploads\/2023\/06\/Chirurgie-arthroscopique-du-genou-recommandations-post-operatoires-FR.pdf\" target=\"_blank\" rel=\"noopener\">Recommandations post-op\u00e9ratoires<\/a><\/li>\n<\/ul>\n<p>[\/vc_column_text][vc_column_text el_class=&#8221;anim-single anim-up&#8221;]<\/p>\n<h4>Ligament crois\u00e9 ant\u00e9rieur du genou<\/h4>\n<ul>\n<li><a class=\"icon-pdf\" href=\"https:\/\/icsmontreal.com\/wp-content\/uploads\/2023\/06\/Ligament-Croise-Anterieur-du-genou-recommandations-preoperatoires-FR.pdf\" target=\"_blank\" rel=\"noopener\">Recommandations pr\u00e9op\u00e9ratoires<\/a><\/li>\n<li><a class=\"icon-pdf\" href=\"https:\/\/icsmontreal.com\/wp-content\/uploads\/2023\/06\/Ligament-Croise-Anterieur-du-genou-recommandations-post-operatoires-FR.pdf\" target=\"_blank\" rel=\"noopener\">Recommandations post-op\u00e9ratoires<\/a><\/li>\n<\/ul>\n<p>[\/vc_column_text][vc_column_text el_class=&#8221;anim-single anim-up&#8221;]<\/p>\n<h4>Chirurgie de la main<\/h4>\n<ul>\n<li><a class=\"icon-pdf\" href=\"https:\/\/icsmontreal.com\/wp-content\/uploads\/2023\/06\/Chirurgie-de-la-main-recommandations-preoperatoires-FR.pdf\" target=\"_blank\" rel=\"noopener\">Recommandations pr\u00e9op\u00e9ratoires<\/a><\/li>\n<li><a class=\"icon-pdf\" href=\"https:\/\/icsmontreal.com\/wp-content\/uploads\/2023\/06\/Chirurgie-de-la-main-recommandations-post-operatoires-FR.pdf\" target=\"_blank\" rel=\"noopener\">Recommandations post-op\u00e9ratoires<\/a><\/li>\n<\/ul>\n<p>[\/vc_column_text][vc_column_text el_class=&#8221;anim-single anim-up&#8221;]<\/p>\n<h4>Tunnel carpien<\/h4>\n<ul>\n<li><a class=\"icon-pdf\" href=\"https:\/\/icsmontreal.com\/wp-content\/uploads\/2023\/06\/Tunnel-carpien-recommandations-preoperatoires-FR.pdf\" target=\"_blank\" rel=\"noopener\">Recommandations pr\u00e9op\u00e9ratoires<\/a><\/li>\n<\/ul>\n<p>[\/vc_column_text][vc_empty_space height=&#8221;60px&#8221;][vc_column_text el_class=&#8221;anim-single anim-up&#8221;]<\/p>\n<h2 style=\"text-align: center;\">Chirurgie esth\u00e9tique<\/h2>\n<p>[\/vc_column_text][vc_column_text el_class=&#8221;anim-single anim-up&#8221;]<\/p>\n<h4>Abdominoplastie<\/h4>\n<ul>\n<li><a class=\"icon-pdf\" href=\"https:\/\/icsmontreal.com\/wp-content\/uploads\/2023\/06\/Abdominoplastie-recommandations-preoperatoires-FR.pdf\" target=\"_blank\" rel=\"noopener\">Recommandations pr\u00e9op\u00e9ratoires<\/a><\/li>\n<li><a class=\"icon-pdf\" href=\"https:\/\/icsmontreal.com\/wp-content\/uploads\/2023\/06\/Abdominoplastie-recommandations-post-operatoires-FR.pdf\" target=\"_blank\" rel=\"noopener\">Recommandations post-op\u00e9ratoires<\/a><\/li>\n<\/ul>\n<p>[\/vc_column_text][vc_column_text el_class=&#8221;anim-single anim-up&#8221;]<\/p>\n<h4>Augmentation mammaire<\/h4>\n<ul>\n<li><a class=\"icon-pdf\" href=\"https:\/\/icsmontreal.com\/wp-content\/uploads\/2023\/06\/Augmentation-mammaire-recommandations-preoperatoires-FR.pdf\" target=\"_blank\" rel=\"noopener\">Recommandations pr\u00e9op\u00e9ratoires<\/a><\/li>\n<li><a class=\"icon-pdf\" href=\"https:\/\/icsmontreal.com\/wp-content\/uploads\/2023\/06\/Augmentation-mammaire-recommandations-post-operatoires-FR.pdf\" target=\"_blank\" rel=\"noopener\">Recommandations post-op\u00e9ratoires<\/a><\/li>\n<\/ul>\n<p>[\/vc_column_text][vc_column_text el_class=&#8221;anim-single anim-up&#8221;]<\/p>\n<h4>Bl\u00e9pharoplastie<\/h4>\n<ul>\n<li><a class=\"icon-pdf\" href=\"https:\/\/icsmontreal.com\/wp-content\/uploads\/2023\/06\/Blepharoplastie-recommandations-preoperatoires-FR.pdf\" target=\"_blank\" rel=\"noopener\">Recommandations pr\u00e9op\u00e9ratoires<\/a><\/li>\n<li><a class=\"icon-pdf\" href=\"https:\/\/icsmontreal.com\/wp-content\/uploads\/2023\/06\/Blepharoplastie-recommandations-post-operatoires-FR.pdf\" target=\"_blank\" rel=\"noopener\">Recommandations post-op\u00e9ratoires<\/a><\/li>\n<\/ul>\n<p>[\/vc_column_text][vc_column_text el_class=&#8221;anim-single anim-up&#8221;]<\/p>\n<h4>Redrapage mammaire<\/h4>\n<ul>\n<li><a class=\"icon-pdf\" href=\"https:\/\/icsmontreal.com\/wp-content\/uploads\/2023\/06\/Redrapage-mammaire-recommandations-preoperatoires-FR.pdf\" target=\"_blank\" rel=\"noopener\">Recommandations pr\u00e9op\u00e9ratoires<\/a><\/li>\n<li><a class=\"icon-pdf\" href=\"https:\/\/icsmontreal.com\/wp-content\/uploads\/2023\/06\/Redrapage-mammaire-recommandations-post-operatoires-FR.pdf\" target=\"_blank\" rel=\"noopener\">Recommandations post-op\u00e9ratoires<\/a><\/li>\n<\/ul>\n<p>[\/vc_column_text][vc_column_text el_class=&#8221;anim-single anim-up&#8221;]<\/p>\n<h4>R\u00e9duction mammaire<\/h4>\n<ul>\n<li><a class=\"icon-pdf\" href=\"https:\/\/icsmontreal.com\/wp-content\/uploads\/2023\/06\/Reduction-mammaire-recommandations-preoperatoires-FR.pdf\" target=\"_blank\" rel=\"noopener\">Recommandations pr\u00e9op\u00e9ratoires<\/a><\/li>\n<li><a class=\"icon-pdf\" href=\"https:\/\/icsmontreal.com\/wp-content\/uploads\/2023\/06\/Reduction-mammaire-recommandations-post-operatoires-FR.pdf\" target=\"_blank\" rel=\"noopener\">Recommandations post-op\u00e9ratoires<\/a><\/li>\n<\/ul>\n<p>[\/vc_column_text][vc_empty_space height=&#8221;60px&#8221;][vc_column_text el_class=&#8221;anim-single anim-up&#8221;]<\/p>\n<h2 style=\"text-align: center;\">Pr\u00e9-anesth\u00e9sique<\/h2>\n<p>[\/vc_column_text][vc_column_text el_class=&#8221;anim-single anim-up&#8221;]<\/p>\n<h4>Anesth\u00e9sie<\/h4>\n<ul>\n<li><a class=\"icon-pdf\" href=\"https:\/\/icsmontreal.com\/wp-content\/uploads\/2023\/06\/recomm_pre_op_avec_anasthesie.pdf\" target=\"_blank\" rel=\"noopener\">Recommandations pr\u00e9op\u00e9ratoires avec anesth\u00e9sie<\/a><\/li>\n<li><a class=\"icon-pdf\" href=\"https:\/\/icsmontreal.com\/wp-content\/uploads\/2023\/06\/Questionnaire_pre_anesthesique.pdf\" target=\"_blank\" rel=\"noopener\">Questionnaire pr\u00e9-anesth\u00e9sique<\/a><\/li>\n<\/ul>\n<p>[\/vc_column_text][\/vc_column][\/vc_row]<\/p>\n","protected":false},"excerpt":{"rendered":"<p>[vc_row css_animation=&#8221;&#8221; row_type=&#8221;row&#8221; use_row_as_full_screen_section=&#8221;no&#8221; type=&#8221;grid&#8221; angled_section=&#8221;no&#8221; text_align=&#8221;left&#8221; background_image_as_pattern=&#8221;without_pattern&#8221; z_index=&#8221;&#8221; el_class=&#8221;grayish&#8221;][vc_column][vc_column_text] Recommandations pr\u00e9- et postop\u00e9ratoires Veuillez vous r\u00e9f\u00e9rer \u00e0 nos recommandations pr\u00e9-op\u00e9ratoires et post-op\u00e9ratoires selon les proc\u00e9dures qui vous int\u00e9ressent. [\/vc_column_text][\/vc_column][\/vc_row][vc_row css_animation=&#8221;&#8221; row_type=&#8221;row&#8221; use_row_as_full_screen_section=&#8221;no&#8221; type=&#8221;grid&#8221; angled_section=&#8221;no&#8221; text_align=&#8221;left&#8221; background_image_as_pattern=&#8221;without_pattern&#8221; z_index=&#8221;&#8221; el_id=&#8221;forms-table&#8221;][vc_column][vc_column_text el_class=&#8221;anim-single anim-up&#8221;] Chirurgie orthop\u00e9dique [\/vc_column_text][vc_column_text el_class=&#8221;anim-single&#8230;<\/p>\n","protected":false},"author":1,"featured_media":0,"parent":0,"menu_order":0,"comment_status":"closed","ping_status":"closed","template":"full_width.php","meta":{"footnotes":""},"class_list":["post-335","page","type-page","status-publish","hentry"],"yoast_head":"<!-- This site is optimized with the Yoast SEO plugin v21.7 - https:\/\/yoast.com\/wordpress\/plugins\/seo\/ -->\n<title>Forms | Institut de chirurgie sp\u00e9cialis\u00e9e de Montr\u00e9al<\/title>\n<meta name=\"description\" content=\"Forms | Chirurgiens orthop\u00e9diques et plasticiens de Montr\u00e9al dans une clinique de chirurgie priv\u00e9e\" \/>\n<meta name=\"robots\" content=\"index, follow, max-snippet:-1, max-image-preview:large, max-video-preview:-1\" \/>\n<link rel=\"canonical\" href=\"https:\/\/icsmontreal.com\/en\/forms\/\" \/>\n<meta property=\"og:locale\" content=\"en_US\" \/>\n<meta property=\"og:type\" content=\"article\" \/>\n<meta property=\"og:title\" content=\"Forms | Institut de chirurgie sp\u00e9cialis\u00e9e de Montr\u00e9al\" \/>\n<meta property=\"og:description\" content=\"Forms | Chirurgiens orthop\u00e9diques et plasticiens de Montr\u00e9al dans une clinique de chirurgie priv\u00e9e\" \/>\n<meta property=\"og:url\" content=\"https:\/\/icsmontreal.com\/en\/forms\/\" \/>\n<meta property=\"og:site_name\" content=\"Institut de chirurgie sp\u00e9cialis\u00e9e de Montr\u00e9al\" \/>\n<meta property=\"article:publisher\" content=\"https:\/\/www.facebook.com\/icsmontreal\" \/>\n<meta property=\"article:modified_time\" content=\"2023-06-27T20:32:44+00:00\" \/>\n<meta property=\"og:image\" content=\"https:\/\/icsmontreal.com\/wp-content\/uploads\/2023\/12\/Logo-ICS.jpg\" \/>\n\t<meta property=\"og:image:width\" content=\"1200\" \/>\n\t<meta property=\"og:image:height\" content=\"675\" \/>\n\t<meta property=\"og:image:type\" content=\"image\/jpeg\" \/>\n<meta name=\"twitter:card\" content=\"summary_large_image\" \/>\n<meta name=\"twitter:label1\" content=\"Est. reading time\" \/>\n\t<meta name=\"twitter:data1\" content=\"2 minutes\" \/>\n<script type=\"application\/ld+json\" class=\"yoast-schema-graph\">{\"@context\":\"https:\/\/schema.org\",\"@graph\":[{\"@type\":\"WebPage\",\"@id\":\"https:\/\/icsmontreal.com\/en\/forms\/\",\"url\":\"https:\/\/icsmontreal.com\/en\/forms\/\",\"name\":\"Forms | Institut de chirurgie sp\u00e9cialis\u00e9e de Montr\u00e9al\",\"isPartOf\":{\"@id\":\"https:\/\/icsmontreal.com\/en\/#website\"},\"datePublished\":\"2023-06-09T17:43:16+00:00\",\"dateModified\":\"2023-06-27T20:32:44+00:00\",\"description\":\"Forms | Chirurgiens orthop\u00e9diques et plasticiens de Montr\u00e9al dans une clinique de chirurgie priv\u00e9e\",\"breadcrumb\":{\"@id\":\"https:\/\/icsmontreal.com\/en\/forms\/#breadcrumb\"},\"inLanguage\":\"en-US\",\"potentialAction\":[{\"@type\":\"ReadAction\",\"target\":[\"https:\/\/icsmontreal.com\/en\/forms\/\"]}]},{\"@type\":\"BreadcrumbList\",\"@id\":\"https:\/\/icsmontreal.com\/en\/forms\/#breadcrumb\",\"itemListElement\":[{\"@type\":\"ListItem\",\"position\":1,\"name\":\"Home\",\"item\":\"https:\/\/icsmontreal.com\/en\/\"},{\"@type\":\"ListItem\",\"position\":2,\"name\":\"Forms\"}]},{\"@type\":\"WebSite\",\"@id\":\"https:\/\/icsmontreal.com\/en\/#website\",\"url\":\"https:\/\/icsmontreal.com\/en\/\",\"name\":\"Institut de chirurgie sp\u00e9cialis\u00e9e de Montr\u00e9al\",\"description\":\"\",\"publisher\":{\"@id\":\"https:\/\/icsmontreal.com\/en\/#organization\"},\"potentialAction\":[{\"@type\":\"SearchAction\",\"target\":{\"@type\":\"EntryPoint\",\"urlTemplate\":\"https:\/\/icsmontreal.com\/en\/?s={search_term_string}\"},\"query-input\":\"required name=search_term_string\"}],\"inLanguage\":\"en-US\"},{\"@type\":\"Organization\",\"@id\":\"https:\/\/icsmontreal.com\/en\/#organization\",\"name\":\"Institut de chirurgie sp\u00e9cialis\u00e9e de Montr\u00e9al\",\"url\":\"https:\/\/icsmontreal.com\/en\/\",\"logo\":{\"@type\":\"ImageObject\",\"inLanguage\":\"en-US\",\"@id\":\"https:\/\/icsmontreal.com\/en\/#\/schema\/logo\/image\/\",\"url\":\"https:\/\/icsmontreal.com\/wp-content\/uploads\/2023\/05\/logoics.jpg\",\"contentUrl\":\"https:\/\/icsmontreal.com\/wp-content\/uploads\/2023\/05\/logoics.jpg\",\"width\":310,\"height\":200,\"caption\":\"Institut de chirurgie sp\u00e9cialis\u00e9e de Montr\u00e9al\"},\"image\":{\"@id\":\"https:\/\/icsmontreal.com\/en\/#\/schema\/logo\/image\/\"},\"sameAs\":[\"https:\/\/www.facebook.com\/icsmontreal\",\"https:\/\/www.instagram.com\/ics.montreal\/\"]}]}<\/script>\n<!-- \/ Yoast SEO plugin. -->","yoast_head_json":{"title":"Forms | Institut de chirurgie sp\u00e9cialis\u00e9e de Montr\u00e9al","description":"Forms | Chirurgiens orthop\u00e9diques et plasticiens de Montr\u00e9al dans une clinique de chirurgie priv\u00e9e","robots":{"index":"index","follow":"follow","max-snippet":"max-snippet:-1","max-image-preview":"max-image-preview:large","max-video-preview":"max-video-preview:-1"},"canonical":"https:\/\/icsmontreal.com\/en\/forms\/","og_locale":"en_US","og_type":"article","og_title":"Forms | Institut de chirurgie sp\u00e9cialis\u00e9e de Montr\u00e9al","og_description":"Forms | Chirurgiens orthop\u00e9diques et plasticiens de Montr\u00e9al dans une clinique de chirurgie priv\u00e9e","og_url":"https:\/\/icsmontreal.com\/en\/forms\/","og_site_name":"Institut de chirurgie sp\u00e9cialis\u00e9e de Montr\u00e9al","article_publisher":"https:\/\/www.facebook.com\/icsmontreal","article_modified_time":"2023-06-27T20:32:44+00:00","og_image":[{"width":1200,"height":675,"url":"https:\/\/icsmontreal.com\/wp-content\/uploads\/2023\/12\/Logo-ICS.jpg","type":"image\/jpeg"}],"twitter_card":"summary_large_image","twitter_misc":{"Est. reading time":"2 minutes"},"schema":{"@context":"https:\/\/schema.org","@graph":[{"@type":"WebPage","@id":"https:\/\/icsmontreal.com\/en\/forms\/","url":"https:\/\/icsmontreal.com\/en\/forms\/","name":"Forms | Institut de chirurgie sp\u00e9cialis\u00e9e de Montr\u00e9al","isPartOf":{"@id":"https:\/\/icsmontreal.com\/en\/#website"},"datePublished":"2023-06-09T17:43:16+00:00","dateModified":"2023-06-27T20:32:44+00:00","description":"Forms | Chirurgiens orthop\u00e9diques et plasticiens de Montr\u00e9al dans une clinique de chirurgie priv\u00e9e","breadcrumb":{"@id":"https:\/\/icsmontreal.com\/en\/forms\/#breadcrumb"},"inLanguage":"en-US","potentialAction":[{"@type":"ReadAction","target":["https:\/\/icsmontreal.com\/en\/forms\/"]}]},{"@type":"BreadcrumbList","@id":"https:\/\/icsmontreal.com\/en\/forms\/#breadcrumb","itemListElement":[{"@type":"ListItem","position":1,"name":"Home","item":"https:\/\/icsmontreal.com\/en\/"},{"@type":"ListItem","position":2,"name":"Forms"}]},{"@type":"WebSite","@id":"https:\/\/icsmontreal.com\/en\/#website","url":"https:\/\/icsmontreal.com\/en\/","name":"Institut de chirurgie sp\u00e9cialis\u00e9e de Montr\u00e9al","description":"","publisher":{"@id":"https:\/\/icsmontreal.com\/en\/#organization"},"potentialAction":[{"@type":"SearchAction","target":{"@type":"EntryPoint","urlTemplate":"https:\/\/icsmontreal.com\/en\/?s={search_term_string}"},"query-input":"required name=search_term_string"}],"inLanguage":"en-US"},{"@type":"Organization","@id":"https:\/\/icsmontreal.com\/en\/#organization","name":"Institut de chirurgie sp\u00e9cialis\u00e9e de Montr\u00e9al","url":"https:\/\/icsmontreal.com\/en\/","logo":{"@type":"ImageObject","inLanguage":"en-US","@id":"https:\/\/icsmontreal.com\/en\/#\/schema\/logo\/image\/","url":"https:\/\/icsmontreal.com\/wp-content\/uploads\/2023\/05\/logoics.jpg","contentUrl":"https:\/\/icsmontreal.com\/wp-content\/uploads\/2023\/05\/logoics.jpg","width":310,"height":200,"caption":"Institut de chirurgie sp\u00e9cialis\u00e9e de Montr\u00e9al"},"image":{"@id":"https:\/\/icsmontreal.com\/en\/#\/schema\/logo\/image\/"},"sameAs":["https:\/\/www.facebook.com\/icsmontreal","https:\/\/www.instagram.com\/ics.montreal\/"]}]}},"acf":[],"_links":{"self":[{"href":"https:\/\/icsmontreal.com\/en\/wp-json\/wp\/v2\/pages\/335","targetHints":{"allow":["GET"]}}],"collection":[{"href":"https:\/\/icsmontreal.com\/en\/wp-json\/wp\/v2\/pages"}],"about":[{"href":"https:\/\/icsmontreal.com\/en\/wp-json\/wp\/v2\/types\/page"}],"author":[{"embeddable":true,"href":"https:\/\/icsmontreal.com\/en\/wp-json\/wp\/v2\/users\/1"}],"replies":[{"embeddable":true,"href":"https:\/\/icsmontreal.com\/en\/wp-json\/wp\/v2\/comments?post=335"}],"version-history":[{"count":18,"href":"https:\/\/icsmontreal.com\/en\/wp-json\/wp\/v2\/pages\/335\/revisions"}],"predecessor-version":[{"id":881,"href":"https:\/\/icsmontreal.com\/en\/wp-json\/wp\/v2\/pages\/335\/revisions\/881"}],"wp:attachment":[{"href":"https:\/\/icsmontreal.com\/en\/wp-json\/wp\/v2\/media?parent=335"}],"curies":[{"name":"wp","href":"https:\/\/api.w.org\/{rel}","templated":true}]}}