{"id":405,"date":"2023-06-14T14:45:09","date_gmt":"2023-06-14T14:45:09","guid":{"rendered":"https:\/\/icsmontreal.com\/?page_id=405"},"modified":"2023-12-11T13:41:11","modified_gmt":"2023-12-11T13:41:11","slug":"chirurgie-de-la-main","status":"publish","type":"page","link":"https:\/\/icsmontreal.com\/en\/chirurgie-de-la-main\/","title":{"rendered":"Chirurgie de la main"},"content":{"rendered":"<p>[vc_row css_animation=&#8221;&#8221; row_type=&#8221;row&#8221; use_row_as_full_screen_section=&#8221;no&#8221; type=&#8221;full_width&#8221; angled_section=&#8221;no&#8221; text_align=&#8221;left&#8221; background_image_as_pattern=&#8221;without_pattern&#8221; z_index=&#8221;&#8221; el_class=&#8221;main-proc-page&#8221;][vc_column][vc_row_inner row_type=&#8221;row&#8221; type=&#8221;grid&#8221; text_align=&#8221;left&#8221; css_animation=&#8221;&#8221;][vc_column_inner][vc_column_text el_class=&#8221;title-section anim-single anim-up&#8221;]Le Dr Daniel Durand est reconnu comme l\u2019un des experts les plus exp\u00e9riment\u00e9s, innovants et faisant autorit\u00e9 en mati\u00e8re de soins des mains et des poignets. Il est reconnu pour son expertise dans les traumatismes du poignet et des nerfs complexes et pour son leadership dans l\u2019am\u00e9lioration de la formation chirurgicale et du niveau de comp\u00e9tence et des techniques pratiqu\u00e9es par les chirurgiens de la main les plus modernes. Le Dr Durand se consacre \u00e0 fournir des soins complets pour une vari\u00e9t\u00e9 de probl\u00e8mes de la main. Des blessures arthritiques, aux affections cong\u00e9nitales de la main, en passant par la reconstruction la plus complexe, il aborde chaque cas individuellement avec un plan sp\u00e9cifique con\u00e7u pour maximiser la restauration de la forme et de la fonction. Selon les types d\u2019affections de la main, le Dr Durand aidera \u00e0 d\u00e9terminer les th\u00e9rapies ou proc\u00e9dures pour maximiser la fonctionnalit\u00e9 et l\u2019apparence des mains.[\/vc_column_text][\/vc_column_inner][\/vc_row_inner][vc_row_inner row_type=&#8221;row&#8221; type=&#8221;full_width&#8221; text_align=&#8221;left&#8221; css_animation=&#8221;&#8221; el_id=&#8221;coude&#8221;][vc_column_inner][vc_column_text el_class=&#8221;anim-single anim-up services&#8221;]<\/p>\n<h2>Coude<\/h2>\n<div class=\"anim-single anim-up proc-short gtc-2\"><div><a class=\"hood\" href=\"https:\/\/icsmontreal.com\/en\/procedure\/decompression-du-tunnel-cubital\/\"><figure>\n           <img decoding=\"async\" src=\"https:\/\/icsmontreal.com\/wp-content\/uploads\/2023\/06\/Decompression-du-tunnel-cubital.jpg\">\n             <figcaption>\n               <h3>D\u00e9compression du tunnel cubital<\/h3>\n               <p>Le Dr Durand peut recommander une intervention chirurgicale pour les personnes souffrant de perte musculaire ou de faiblesse dans leurs mains en raison du syndrome du tunnel cubital. <\/p>\n           <\/figcaption>\n       <\/figure><\/a><\/div><div><a class=\"hood\" href=\"https:\/\/icsmontreal.com\/en\/procedure\/traitement-chirurgical-du-relachement-des-muscles-epicondyliens\/\"><figure>\n           <img decoding=\"async\" src=\"https:\/\/icsmontreal.com\/wp-content\/uploads\/2023\/06\/tennis-elbow.jpg\">\n             <figcaption>\n               <h3>Traitement chirurgical du rel\u00e2chement des muscles \u00e9picondyliens<\/h3>\n               <p>L\u2019intervention vise \u00e0 soulager la douleur de mani\u00e8re \u00e0 ce que le patient retrouve un coude enti\u00e8rement fonctionnel pour les mouvements du quotidien.<\/p>\n           <\/figcaption>\n       <\/figure><\/a><\/div><\/div>[\/vc_column_text][\/vc_column_inner][\/vc_row_inner][vc_row_inner row_type=&#8221;row&#8221; type=&#8221;full_width&#8221; text_align=&#8221;left&#8221; css_animation=&#8221;&#8221;][vc_column_inner][vc_column_text el_class=&#8221;anim-single anim-up services&#8221;]<\/p>\n<h2>Poignet<\/h2>\n<div class=\"anim-single anim-up proc-short gtc-2\"><div><a class=\"hood\" href=\"https:\/\/icsmontreal.com\/en\/procedure\/decompression-du-tunnel-carpien\/\"><figure>\n           <img decoding=\"async\" src=\"https:\/\/icsmontreal.com\/wp-content\/uploads\/2023\/06\/carpien.jpg\">\n             <figcaption>\n               <h3>D\u00e9compression du tunnel carpien<\/h3>\n               <p>Le traitement du tunnel carpien est un soulagement rapide et permanent du syndrome du canal carpien.<\/p>\n           <\/figcaption>\n       <\/figure><\/a><\/div><div><a class=\"hood\" href=\"https:\/\/icsmontreal.com\/en\/procedure\/chirurgie-pour-un-kyste-ganglionnaire\/\"><figure>\n           <img decoding=\"async\" src=\"https:\/\/icsmontreal.com\/wp-content\/uploads\/2023\/06\/Kyste-ganglionnaire.jpg\">\n             <figcaption>\n               <h3>Chirurgie pour un kyste ganglionnaire<\/h3>\n               <p>Cette intervention est l'option chirurgicale id\u00e9ale pour \u00e9liminer une tumeur au poignet pour des raisons fonctionnelles et esth\u00e9tiques.<\/p>\n           <\/figcaption>\n       <\/figure><\/a><\/div><\/div>[\/vc_column_text][\/vc_column_inner][\/vc_row_inner][vc_row_inner row_type=&#8221;row&#8221; type=&#8221;full_width&#8221; text_align=&#8221;left&#8221; css_animation=&#8221;&#8221; el_id=&#8221;pouce&#8221;][vc_column_inner][vc_column_text el_class=&#8221;anim-single anim-up services&#8221;]<\/p>\n<h2>Pouce et doigts<\/h2>\n<div class=\"anim-single anim-up proc-short gtc-3\"><div><a class=\"hood\" href=\"https:\/\/icsmontreal.com\/en\/procedure\/decompression-du-doigt-a-ressaut\/\"><figure>\n           <img decoding=\"async\" src=\"https:\/\/icsmontreal.com\/wp-content\/uploads\/2023\/06\/trigg.jpg\">\n             <figcaption>\n               <h3>D\u00e9compression du doigt \u00e0 ressaut<\/h3>\n               <p>Le traitement chirurgical consiste \u00e0 lib\u00e9rer le tendon de la poulie \u00e0 la base du doigt.<\/p>\n           <\/figcaption>\n       <\/figure><\/a><\/div><div><a class=\"hood\" href=\"https:\/\/icsmontreal.com\/en\/procedure\/decompression-de-la-tenosynovite-de-quervain\/\"><figure>\n           <img decoding=\"async\" src=\"https:\/\/icsmontreal.com\/wp-content\/uploads\/2023\/06\/quervan.jpg\">\n             <figcaption>\n               <h3>D\u00e9compression de la t\u00e9nosynovite de Quervain<\/h3>\n               <p>La d\u00e9compression de la t\u00e9nosynovite de De Quervain est une intervention chirurgicale pour traiter la douleur due aux tendons enfl\u00e9s au poignet.\u00a0<\/p>\n           <\/figcaption>\n       <\/figure><\/a><\/div><div><a class=\"hood\" href=\"https:\/\/icsmontreal.com\/en\/procedure\/arthroplastie-articulaire-du-trapeze-carpien-du-pouce\/\"><figure>\n           <img decoding=\"async\" src=\"https:\/\/icsmontreal.com\/wp-content\/uploads\/2023\/06\/Arthrite-articulaire-basale-du-pouce.jpg\">\n             <figcaption>\n               <h3>Arthroplastie articulaire du trap\u00e8ze carpien du pouce<\/h3>\n               <p>L\u2019arthroplastie du pouce est une intervention chirurgicale pour traiter l\u2019arthrite affectant l\u2019articulation \u00e0 la base du pouce.<\/p>\n           <\/figcaption>\n       <\/figure><\/a><\/div><\/div>[\/vc_column_text][\/vc_column_inner][\/vc_row_inner][\/vc_column][\/vc_row]<\/p>\n","protected":false},"excerpt":{"rendered":"<p>[vc_row css_animation=&#8221;&#8221; row_type=&#8221;row&#8221; use_row_as_full_screen_section=&#8221;no&#8221; type=&#8221;full_width&#8221; angled_section=&#8221;no&#8221; text_align=&#8221;left&#8221; background_image_as_pattern=&#8221;without_pattern&#8221; z_index=&#8221;&#8221; el_class=&#8221;main-proc-page&#8221;][vc_column][vc_row_inner row_type=&#8221;row&#8221; type=&#8221;grid&#8221; text_align=&#8221;left&#8221; css_animation=&#8221;&#8221;][vc_column_inner][vc_column_text el_class=&#8221;title-section anim-single anim-up&#8221;]Le Dr Daniel Durand est reconnu comme l\u2019un des experts les plus exp\u00e9riment\u00e9s, innovants et faisant autorit\u00e9 en mati\u00e8re de soins des mains et des poignets. Il est reconnu&#8230;<\/p>\n","protected":false},"author":1,"featured_media":228,"parent":0,"menu_order":0,"comment_status":"closed","ping_status":"closed","template":"full_width.php","meta":{"footnotes":""},"class_list":["post-405","page","type-page","status-publish","has-post-thumbnail","hentry"],"yoast_head":"<!-- This site is optimized with the Yoast SEO plugin v21.7 - https:\/\/yoast.com\/wordpress\/plugins\/seo\/ -->\n<title>Chirurgie de la main | Institut de chirurgie sp\u00e9cialis\u00e9e de Montr\u00e9al<\/title>\n<meta name=\"description\" content=\"Chirurgie de la main | Chirurgiens orthop\u00e9diques et plasticiens de Montr\u00e9al dans une clinique de chirurgie priv\u00e9e\" \/>\n<meta name=\"robots\" content=\"index, follow, max-snippet:-1, max-image-preview:large, max-video-preview:-1\" \/>\n<link rel=\"canonical\" href=\"https:\/\/icsmontreal.com\/en\/chirurgie-de-la-main\/\" \/>\n<meta property=\"og:locale\" content=\"en_US\" \/>\n<meta property=\"og:type\" content=\"article\" \/>\n<meta property=\"og:title\" content=\"Chirurgie de la main | Institut de chirurgie sp\u00e9cialis\u00e9e de Montr\u00e9al\" \/>\n<meta property=\"og:description\" content=\"Chirurgie de la main | Chirurgiens orthop\u00e9diques et plasticiens de Montr\u00e9al dans une clinique de chirurgie priv\u00e9e\" \/>\n<meta property=\"og:url\" content=\"https:\/\/icsmontreal.com\/en\/chirurgie-de-la-main\/\" \/>\n<meta property=\"og:site_name\" content=\"Institut de chirurgie sp\u00e9cialis\u00e9e de Montr\u00e9al\" \/>\n<meta property=\"article:publisher\" content=\"https:\/\/www.facebook.com\/icsmontreal\" \/>\n<meta property=\"article:modified_time\" content=\"2023-12-11T13:41:11+00:00\" \/>\n<meta property=\"og:image\" content=\"https:\/\/icsmontreal.com\/wp-content\/uploads\/2023\/06\/carpal.jpg?_t=1703086826\" \/>\n\t<meta property=\"og:image:width\" content=\"1920\" \/>\n\t<meta property=\"og:image:height\" content=\"980\" \/>\n\t<meta property=\"og:image:type\" content=\"image\/jpeg\" \/>\n<meta name=\"twitter:card\" content=\"summary_large_image\" \/>\n<meta name=\"twitter:label1\" content=\"Est. reading time\" \/>\n\t<meta name=\"twitter:data1\" content=\"2 minutes\" \/>\n<script type=\"application\/ld+json\" class=\"yoast-schema-graph\">{\"@context\":\"https:\/\/schema.org\",\"@graph\":[{\"@type\":\"WebPage\",\"@id\":\"https:\/\/icsmontreal.com\/en\/chirurgie-de-la-main\/\",\"url\":\"https:\/\/icsmontreal.com\/en\/chirurgie-de-la-main\/\",\"name\":\"Chirurgie de la main | Institut de chirurgie sp\u00e9cialis\u00e9e de Montr\u00e9al\",\"isPartOf\":{\"@id\":\"https:\/\/icsmontreal.com\/en\/#website\"},\"datePublished\":\"2023-06-14T14:45:09+00:00\",\"dateModified\":\"2023-12-11T13:41:11+00:00\",\"description\":\"Chirurgie de la main | Chirurgiens orthop\u00e9diques et plasticiens de Montr\u00e9al dans une clinique de chirurgie priv\u00e9e\",\"breadcrumb\":{\"@id\":\"https:\/\/icsmontreal.com\/en\/chirurgie-de-la-main\/#breadcrumb\"},\"inLanguage\":\"en-US\",\"potentialAction\":[{\"@type\":\"ReadAction\",\"target\":[\"https:\/\/icsmontreal.com\/en\/chirurgie-de-la-main\/\"]}]},{\"@type\":\"BreadcrumbList\",\"@id\":\"https:\/\/icsmontreal.com\/en\/chirurgie-de-la-main\/#breadcrumb\",\"itemListElement\":[{\"@type\":\"ListItem\",\"position\":1,\"name\":\"Home\",\"item\":\"https:\/\/icsmontreal.com\/en\/\"},{\"@type\":\"ListItem\",\"position\":2,\"name\":\"Chirurgie de la main\"}]},{\"@type\":\"WebSite\",\"@id\":\"https:\/\/icsmontreal.com\/en\/#website\",\"url\":\"https:\/\/icsmontreal.com\/en\/\",\"name\":\"Institut de chirurgie sp\u00e9cialis\u00e9e de Montr\u00e9al\",\"description\":\"\",\"publisher\":{\"@id\":\"https:\/\/icsmontreal.com\/en\/#organization\"},\"potentialAction\":[{\"@type\":\"SearchAction\",\"target\":{\"@type\":\"EntryPoint\",\"urlTemplate\":\"https:\/\/icsmontreal.com\/en\/?s={search_term_string}\"},\"query-input\":\"required name=search_term_string\"}],\"inLanguage\":\"en-US\"},{\"@type\":\"Organization\",\"@id\":\"https:\/\/icsmontreal.com\/en\/#organization\",\"name\":\"Institut de chirurgie sp\u00e9cialis\u00e9e de Montr\u00e9al\",\"url\":\"https:\/\/icsmontreal.com\/en\/\",\"logo\":{\"@type\":\"ImageObject\",\"inLanguage\":\"en-US\",\"@id\":\"https:\/\/icsmontreal.com\/en\/#\/schema\/logo\/image\/\",\"url\":\"https:\/\/icsmontreal.com\/wp-content\/uploads\/2023\/05\/logoics.jpg\",\"contentUrl\":\"https:\/\/icsmontreal.com\/wp-content\/uploads\/2023\/05\/logoics.jpg\",\"width\":310,\"height\":200,\"caption\":\"Institut de chirurgie sp\u00e9cialis\u00e9e de Montr\u00e9al\"},\"image\":{\"@id\":\"https:\/\/icsmontreal.com\/en\/#\/schema\/logo\/image\/\"},\"sameAs\":[\"https:\/\/www.facebook.com\/icsmontreal\",\"https:\/\/www.instagram.com\/ics.montreal\/\"]}]}<\/script>\n<!-- \/ Yoast SEO plugin. -->","yoast_head_json":{"title":"Chirurgie de la main | Institut de chirurgie sp\u00e9cialis\u00e9e de Montr\u00e9al","description":"Chirurgie de la main | Chirurgiens orthop\u00e9diques et plasticiens de Montr\u00e9al dans une clinique de chirurgie priv\u00e9e","robots":{"index":"index","follow":"follow","max-snippet":"max-snippet:-1","max-image-preview":"max-image-preview:large","max-video-preview":"max-video-preview:-1"},"canonical":"https:\/\/icsmontreal.com\/en\/chirurgie-de-la-main\/","og_locale":"en_US","og_type":"article","og_title":"Chirurgie de la main | Institut de chirurgie sp\u00e9cialis\u00e9e de Montr\u00e9al","og_description":"Chirurgie de la main | Chirurgiens orthop\u00e9diques et plasticiens de Montr\u00e9al dans une clinique de chirurgie priv\u00e9e","og_url":"https:\/\/icsmontreal.com\/en\/chirurgie-de-la-main\/","og_site_name":"Institut de chirurgie sp\u00e9cialis\u00e9e de Montr\u00e9al","article_publisher":"https:\/\/www.facebook.com\/icsmontreal","article_modified_time":"2023-12-11T13:41:11+00:00","og_image":[{"width":1920,"height":980,"url":"https:\/\/icsmontreal.com\/wp-content\/uploads\/2023\/06\/carpal.jpg?_t=1703086826","type":"image\/jpeg"}],"twitter_card":"summary_large_image","twitter_misc":{"Est. reading time":"2 minutes"},"schema":{"@context":"https:\/\/schema.org","@graph":[{"@type":"WebPage","@id":"https:\/\/icsmontreal.com\/en\/chirurgie-de-la-main\/","url":"https:\/\/icsmontreal.com\/en\/chirurgie-de-la-main\/","name":"Chirurgie de la main | Institut de chirurgie sp\u00e9cialis\u00e9e de Montr\u00e9al","isPartOf":{"@id":"https:\/\/icsmontreal.com\/en\/#website"},"datePublished":"2023-06-14T14:45:09+00:00","dateModified":"2023-12-11T13:41:11+00:00","description":"Chirurgie de la main | Chirurgiens orthop\u00e9diques et plasticiens de Montr\u00e9al dans une clinique de chirurgie priv\u00e9e","breadcrumb":{"@id":"https:\/\/icsmontreal.com\/en\/chirurgie-de-la-main\/#breadcrumb"},"inLanguage":"en-US","potentialAction":[{"@type":"ReadAction","target":["https:\/\/icsmontreal.com\/en\/chirurgie-de-la-main\/"]}]},{"@type":"BreadcrumbList","@id":"https:\/\/icsmontreal.com\/en\/chirurgie-de-la-main\/#breadcrumb","itemListElement":[{"@type":"ListItem","position":1,"name":"Home","item":"https:\/\/icsmontreal.com\/en\/"},{"@type":"ListItem","position":2,"name":"Chirurgie de la main"}]},{"@type":"WebSite","@id":"https:\/\/icsmontreal.com\/en\/#website","url":"https:\/\/icsmontreal.com\/en\/","name":"Institut de chirurgie sp\u00e9cialis\u00e9e de Montr\u00e9al","description":"","publisher":{"@id":"https:\/\/icsmontreal.com\/en\/#organization"},"potentialAction":[{"@type":"SearchAction","target":{"@type":"EntryPoint","urlTemplate":"https:\/\/icsmontreal.com\/en\/?s={search_term_string}"},"query-input":"required name=search_term_string"}],"inLanguage":"en-US"},{"@type":"Organization","@id":"https:\/\/icsmontreal.com\/en\/#organization","name":"Institut de chirurgie sp\u00e9cialis\u00e9e de Montr\u00e9al","url":"https:\/\/icsmontreal.com\/en\/","logo":{"@type":"ImageObject","inLanguage":"en-US","@id":"https:\/\/icsmontreal.com\/en\/#\/schema\/logo\/image\/","url":"https:\/\/icsmontreal.com\/wp-content\/uploads\/2023\/05\/logoics.jpg","contentUrl":"https:\/\/icsmontreal.com\/wp-content\/uploads\/2023\/05\/logoics.jpg","width":310,"height":200,"caption":"Institut de chirurgie sp\u00e9cialis\u00e9e de Montr\u00e9al"},"image":{"@id":"https:\/\/icsmontreal.com\/en\/#\/schema\/logo\/image\/"},"sameAs":["https:\/\/www.facebook.com\/icsmontreal","https:\/\/www.instagram.com\/ics.montreal\/"]}]}},"acf":[],"_links":{"self":[{"href":"https:\/\/icsmontreal.com\/en\/wp-json\/wp\/v2\/pages\/405","targetHints":{"allow":["GET"]}}],"collection":[{"href":"https:\/\/icsmontreal.com\/en\/wp-json\/wp\/v2\/pages"}],"about":[{"href":"https:\/\/icsmontreal.com\/en\/wp-json\/wp\/v2\/types\/page"}],"author":[{"embeddable":true,"href":"https:\/\/icsmontreal.com\/en\/wp-json\/wp\/v2\/users\/1"}],"replies":[{"embeddable":true,"href":"https:\/\/icsmontreal.com\/en\/wp-json\/wp\/v2\/comments?post=405"}],"version-history":[{"count":14,"href":"https:\/\/icsmontreal.com\/en\/wp-json\/wp\/v2\/pages\/405\/revisions"}],"predecessor-version":[{"id":1233,"href":"https:\/\/icsmontreal.com\/en\/wp-json\/wp\/v2\/pages\/405\/revisions\/1233"}],"wp:featuredmedia":[{"embeddable":true,"href":"https:\/\/icsmontreal.com\/en\/wp-json\/wp\/v2\/media\/228"}],"wp:attachment":[{"href":"https:\/\/icsmontreal.com\/en\/wp-json\/wp\/v2\/media?parent=405"}],"curies":[{"name":"wp","href":"https:\/\/api.w.org\/{rel}","templated":true}]}}