{"id":437,"date":"2023-06-14T17:49:31","date_gmt":"2023-06-14T17:49:31","guid":{"rendered":"https:\/\/icsmontreal.com\/?page_id=437"},"modified":"2023-12-11T13:59:43","modified_gmt":"2023-12-11T13:59:43","slug":"equipe","status":"publish","type":"page","link":"https:\/\/icsmontreal.com\/en\/equipe\/","title":{"rendered":"Equipe"},"content":{"rendered":"<p>[vc_row css_animation=&#8221;&#8221; row_type=&#8221;row&#8221; use_row_as_full_screen_section=&#8221;no&#8221; type=&#8221;grid&#8221; angled_section=&#8221;no&#8221; text_align=&#8221;left&#8221; background_image_as_pattern=&#8221;without_pattern&#8221; z_index=&#8221;&#8221; el_class=&#8221;grayish&#8221;][vc_column width=&#8221;1\/2&#8243;][vc_single_image image=&#8221;949&#8243; img_size=&#8221;full&#8221; alignment=&#8221;center&#8221; qode_css_animation=&#8221;&#8221;][\/vc_column][vc_column width=&#8221;1\/2&#8243;][vc_column_text]<\/p>\n<h2>Notre \u00e9quipe<\/h2>\n<p>L\u2019Institut de chirurgie sp\u00e9cialis\u00e9e de Montr\u00e9al rassemble une \u00e9quipe compos\u00e9e des sp\u00e9cialistes de haut niveau dans leur discipline au Canada.<\/p>\n<p>L\u2019Institut incarne l\u2019excellence, d\u00e9butant avec l\u2019accueil r\u00e9serv\u00e9 au patient jusqu\u2019\u00e0 la convalescence. Notre mission est de vous d\u00e9montrer notre efficacit\u00e9 \u00e0 offrir un service personnalis\u00e9, \u00eatre \u00e0 votre \u00e9coute et vous offrir l\u2019accessibilit\u00e9 \u00e0 des soins de sant\u00e9 que vous m\u00e9ritez.[\/vc_column_text][\/vc_column][\/vc_row][vc_row css_animation=&#8221;&#8221; row_type=&#8221;row&#8221; use_row_as_full_screen_section=&#8221;no&#8221; type=&#8221;grid&#8221; angled_section=&#8221;no&#8221; text_align=&#8221;left&#8221; background_image_as_pattern=&#8221;without_pattern&#8221; z_index=&#8221;&#8221;][vc_column][vc_column_text el_class=&#8221;title-section&#8221;]D\u00e8s votre premier rendez-vous, nos assistantes et adjointes vous dirigeront vers une \u00e9quipe multidisciplinaire compos\u00e9e de professionnels de la sant\u00e9, inhaloth\u00e9rapeutes et infirmi\u00e8res. Nous prenons le temps de vous \u00e9couter, d\u2019analyser vos besoins et de vous proposer des soins de haute qualit\u00e9 en vue de votre intervention. En r\u00e9duisant le nombre d\u2019intervenants, une complicit\u00e9 s\u2019installera entre vous et notre \u00e9quipe. Voil\u00e0 une fa\u00e7on de personnaliser vos rendez-vous pour des services essentiels qui disparaissent graduellement des h\u00f4pitaux publics.[\/vc_column_text][\/vc_column][\/vc_row][vc_row css_animation=&#8221;&#8221; row_type=&#8221;row&#8221; use_row_as_full_screen_section=&#8221;no&#8221; type=&#8221;grid&#8221; angled_section=&#8221;no&#8221; text_align=&#8221;left&#8221; background_image_as_pattern=&#8221;without_pattern&#8221; z_index=&#8221;&#8221; el_id=&#8221;equipe&#8221;][vc_column][vc_column_text el_class=&#8221;anim-single anim-up&#8221;]<\/p>\n<h2>Direction<\/h2>\n<div class=\"anim-single anim-up team-grid\"><div class=\"team-single\">\n\n            <img loading=\"lazy\" decoding=\"async\" width=\"600\" height=\"900\" src=\"https:\/\/icsmontreal.com\/wp-content\/uploads\/2023\/05\/XH14324-Edit-2.jpg\" class=\"attachment-post-thumbnail size-post-thumbnail wp-post-image\" alt=\"\" srcset=\"https:\/\/icsmontreal.com\/wp-content\/uploads\/2023\/05\/XH14324-Edit-2.jpg 600w, https:\/\/icsmontreal.com\/wp-content\/uploads\/2023\/05\/XH14324-Edit-2-200x300.jpg 200w\" sizes=\"auto, (max-width: 600px) 100vw, 600px\" \/>\n            <div>\n            <h4>Dr. Jacques Toueg <em>B. M.D., FRCS<\/em><\/h4>\n            <p>Orthopedic surgeon<\/p><p><a  class=\"bio-btn\" href=\"https:\/\/icsmontreal.com\/en\/specialiste\/dr-jacques-toueg\/\">VIEW BIOGRAPHY<\/a><\/p>\n            <\/div>\n            <\/div><div class=\"team-single\">\n\n            <img loading=\"lazy\" decoding=\"async\" width=\"600\" height=\"900\" src=\"https:\/\/icsmontreal.com\/wp-content\/uploads\/2023\/06\/nancy-1.jpg\" class=\"attachment-post-thumbnail size-post-thumbnail wp-post-image\" alt=\"\" srcset=\"https:\/\/icsmontreal.com\/wp-content\/uploads\/2023\/06\/nancy-1.jpg 600w, https:\/\/icsmontreal.com\/wp-content\/uploads\/2023\/06\/nancy-1-200x300.jpg 200w\" sizes=\"auto, (max-width: 600px) 100vw, 600px\" \/>\n            <div>\n            <h4>Nancy Kelly <em><\/em><\/h4>\n            <p><\/p><p><a  class=\"bio-btn\" href=\"https:\/\/icsmontreal.com\/en\/specialiste\/nancy-kelly\/\">VIEW BIOGRAPHY<\/a><\/p>\n            <\/div>\n            <\/div><\/div>[\/vc_column_text][vc_column_text el_class=&#8221;anim-single anim-up&#8221;]<\/p>\n<h2>Chirurgie orthop\u00e9dique<\/h2>\n<div class=\"anim-single anim-up team-grid\"><div class=\"team-single\">\n\n            <img loading=\"lazy\" decoding=\"async\" width=\"600\" height=\"900\" src=\"https:\/\/icsmontreal.com\/wp-content\/uploads\/2023\/05\/XH14324-Edit-2.jpg\" class=\"attachment-post-thumbnail size-post-thumbnail wp-post-image\" alt=\"\" srcset=\"https:\/\/icsmontreal.com\/wp-content\/uploads\/2023\/05\/XH14324-Edit-2.jpg 600w, https:\/\/icsmontreal.com\/wp-content\/uploads\/2023\/05\/XH14324-Edit-2-200x300.jpg 200w\" sizes=\"auto, (max-width: 600px) 100vw, 600px\" \/>\n            <div>\n            <h4>Dr. Jacques Toueg <em>B. M.D., FRCS<\/em><\/h4>\n            <p>Orthopedic surgeon<\/p><p><a  class=\"bio-btn\" href=\"https:\/\/icsmontreal.com\/en\/specialiste\/dr-jacques-toueg\/\">VIEW BIOGRAPHY<\/a><\/p>\n            <\/div>\n            <\/div><div class=\"team-single\">\n\n            <img loading=\"lazy\" decoding=\"async\" width=\"600\" height=\"900\" src=\"https:\/\/icsmontreal.com\/wp-content\/uploads\/2023\/05\/XH14315-Edit-1.jpg\" class=\"attachment-post-thumbnail size-post-thumbnail wp-post-image\" alt=\"\" srcset=\"https:\/\/icsmontreal.com\/wp-content\/uploads\/2023\/05\/XH14315-Edit-1.jpg 600w, https:\/\/icsmontreal.com\/wp-content\/uploads\/2023\/05\/XH14315-Edit-1-200x300.jpg 200w\" sizes=\"auto, (max-width: 600px) 100vw, 600px\" \/>\n            <div>\n            <h4>Dr. Khalil Masri <em>MD, FRCS (C)<\/em><\/h4>\n            <p>Orthopedic Surgeon<\/p><p><a  class=\"bio-btn\" href=\"https:\/\/icsmontreal.com\/en\/specialiste\/dr-khalil-masri\/\">VIEW BIOGRAPHY<\/a><\/p>\n            <\/div>\n            <\/div><div class=\"team-single\">\n\n            <img loading=\"lazy\" decoding=\"async\" width=\"600\" height=\"900\" src=\"https:\/\/icsmontreal.com\/wp-content\/uploads\/2023\/05\/XH14358-Edit.jpg\" class=\"attachment-post-thumbnail size-post-thumbnail wp-post-image\" alt=\"\" srcset=\"https:\/\/icsmontreal.com\/wp-content\/uploads\/2023\/05\/XH14358-Edit.jpg 600w, https:\/\/icsmontreal.com\/wp-content\/uploads\/2023\/05\/XH14358-Edit-200x300.jpg 200w\" sizes=\"auto, (max-width: 600px) 100vw, 600px\" \/>\n            <div>\n            <h4>Dr. Michel Malo <em>MD, FRSC(c)<\/em><\/h4>\n            <p>Orthopedic Surgeon<\/p><p><a  class=\"bio-btn\" href=\"https:\/\/icsmontreal.com\/en\/specialiste\/dr-michel-malo\/\">VIEW BIOGRAPHY<\/a><\/p>\n            <\/div>\n            <\/div><\/div>[\/vc_column_text][vc_column_text el_class=&#8221;anim-single anim-up&#8221;]<\/p>\n<h2>Chirurgie de la main et chirurgie esth\u00e9tique<\/h2>\n<div class=\"anim-single anim-up team-grid\"><div class=\"team-single\">\n\n            <img loading=\"lazy\" decoding=\"async\" width=\"600\" height=\"900\" src=\"https:\/\/icsmontreal.com\/wp-content\/uploads\/2023\/05\/durna.jpg\" class=\"attachment-post-thumbnail size-post-thumbnail wp-post-image\" alt=\"\" srcset=\"https:\/\/icsmontreal.com\/wp-content\/uploads\/2023\/05\/durna.jpg 600w, https:\/\/icsmontreal.com\/wp-content\/uploads\/2023\/05\/durna-200x300.jpg 200w\" sizes=\"auto, (max-width: 600px) 100vw, 600px\" \/>\n            <div>\n            <h4>Dr. Daniel Durand <em>M.D.C.M, FRCS, FACS<\/em><\/h4>\n            <p>Plastic surgeon<br\/> Hand surgeon<\/p><p><a  class=\"bio-btn\" href=\"https:\/\/icsmontreal.com\/en\/specialiste\/dr-daniel-durand\/\">VIEW BIOGRAPHY<\/a><\/p>\n            <\/div>\n            <\/div><\/div>[\/vc_column_text][vc_column_text el_class=&#8221;anim-single anim-up&#8221;]<\/p>\n<h2>M\u00e9decine sportive<\/h2>\n<div class=\"anim-single anim-up team-grid\"><div class=\"team-single\">\n\n            <img loading=\"lazy\" decoding=\"async\" width=\"600\" height=\"900\" src=\"https:\/\/icsmontreal.com\/wp-content\/uploads\/2023\/05\/XH15396-Edit-2.jpg\" class=\"attachment-post-thumbnail size-post-thumbnail wp-post-image\" alt=\"\" srcset=\"https:\/\/icsmontreal.com\/wp-content\/uploads\/2023\/05\/XH15396-Edit-2.jpg 600w, https:\/\/icsmontreal.com\/wp-content\/uploads\/2023\/05\/XH15396-Edit-2-200x300.jpg 200w\" sizes=\"auto, (max-width: 600px) 100vw, 600px\" \/>\n            <div>\n            <h4>Dr. Nicolas Sauv\u00e9 <em>MD<\/em><\/h4>\n            <p>Sports physician and kinesiologist<\/p><p><a  class=\"bio-btn\" href=\"https:\/\/icsmontreal.com\/en\/specialiste\/dr-nicolas-sauve\/\">VIEW BIOGRAPHY<\/a><\/p>\n            <\/div>\n            <\/div><div class=\"team-single\">\n\n            <img loading=\"lazy\" decoding=\"async\" width=\"600\" height=\"900\" src=\"https:\/\/icsmontreal.com\/wp-content\/uploads\/2023\/05\/XH14541-Edit-1.jpg\" class=\"attachment-post-thumbnail size-post-thumbnail wp-post-image\" alt=\"\" srcset=\"https:\/\/icsmontreal.com\/wp-content\/uploads\/2023\/05\/XH14541-Edit-1.jpg 600w, https:\/\/icsmontreal.com\/wp-content\/uploads\/2023\/05\/XH14541-Edit-1-200x300.jpg 200w\" sizes=\"auto, (max-width: 600px) 100vw, 600px\" \/>\n            <div>\n            <h4>Dr. Alexandra Bwenge <em>Dip. Med. Sport, CCFP (MSE)<\/em><\/h4>\n            <p>Sports and Exercise Medicine<\/p><p><a  class=\"bio-btn\" href=\"https:\/\/icsmontreal.com\/en\/specialiste\/dre-alexandra-bwenge\/\">VIEW BIOGRAPHY<\/a><\/p>\n            <\/div>\n            <\/div><\/div>[\/vc_column_text][vc_column_text el_class=&#8221;anim-single anim-up&#8221;]<\/p>\n<h2>Anesth\u00e9sie<\/h2>\n<div class=\"anim-single anim-up team-grid\"><div class=\"team-single\">\n\n            <img loading=\"lazy\" decoding=\"async\" width=\"462\" height=\"616\" src=\"https:\/\/icsmontreal.com\/wp-content\/uploads\/2023\/05\/Dr-Jean-Denis-Roy.jpg\" class=\"attachment-post-thumbnail size-post-thumbnail wp-post-image\" alt=\"\" srcset=\"https:\/\/icsmontreal.com\/wp-content\/uploads\/2023\/05\/Dr-Jean-Denis-Roy.jpg 462w, https:\/\/icsmontreal.com\/wp-content\/uploads\/2023\/05\/Dr-Jean-Denis-Roy-225x300.jpg 225w\" sizes=\"auto, (max-width: 462px) 100vw, 462px\" \/>\n            <div>\n            <h4>Dr Jean-Denis Roy <em>MD<\/em><\/h4>\n            <p>Anesth\u00e9siologiste-r\u00e9animateur<\/p><p><a  class=\"bio-btn\" href=\"https:\/\/icsmontreal.com\/en\/specialiste\/dr-jean-denis-roy-md\/\">VIEW BIOGRAPHY<\/a><\/p>\n            <\/div>\n            <\/div><\/div>[\/vc_column_text][\/vc_column][\/vc_row]<\/p>\n","protected":false},"excerpt":{"rendered":"<p>[vc_row css_animation=&#8221;&#8221; row_type=&#8221;row&#8221; use_row_as_full_screen_section=&#8221;no&#8221; type=&#8221;grid&#8221; angled_section=&#8221;no&#8221; text_align=&#8221;left&#8221; background_image_as_pattern=&#8221;without_pattern&#8221; z_index=&#8221;&#8221; el_class=&#8221;grayish&#8221;][vc_column width=&#8221;1\/2&#8243;][vc_single_image image=&#8221;949&#8243; img_size=&#8221;full&#8221; alignment=&#8221;center&#8221; qode_css_animation=&#8221;&#8221;][\/vc_column][vc_column width=&#8221;1\/2&#8243;][vc_column_text] Notre \u00e9quipe L\u2019Institut de chirurgie sp\u00e9cialis\u00e9e de Montr\u00e9al rassemble une \u00e9quipe compos\u00e9e des sp\u00e9cialistes de haut niveau dans leur discipline au Canada. L\u2019Institut incarne l\u2019excellence, d\u00e9butant avec l\u2019accueil r\u00e9serv\u00e9&#8230;<\/p>\n","protected":false},"author":1,"featured_media":0,"parent":0,"menu_order":0,"comment_status":"closed","ping_status":"closed","template":"full_width.php","meta":{"footnotes":""},"class_list":["post-437","page","type-page","status-publish","hentry"],"yoast_head":"<!-- This site is optimized with the Yoast SEO plugin v21.7 - https:\/\/yoast.com\/wordpress\/plugins\/seo\/ -->\n<title>Equipe | Institut de chirurgie sp\u00e9cialis\u00e9e de Montr\u00e9al<\/title>\n<meta name=\"description\" content=\"Equipe | Chirurgiens orthop\u00e9diques et plasticiens de Montr\u00e9al dans une clinique de chirurgie priv\u00e9e\" \/>\n<meta name=\"robots\" content=\"index, follow, max-snippet:-1, max-image-preview:large, max-video-preview:-1\" \/>\n<link rel=\"canonical\" href=\"https:\/\/icsmontreal.com\/en\/equipe\/\" \/>\n<meta property=\"og:locale\" content=\"en_US\" \/>\n<meta property=\"og:type\" content=\"article\" \/>\n<meta property=\"og:title\" content=\"Equipe | Institut de chirurgie sp\u00e9cialis\u00e9e de Montr\u00e9al\" \/>\n<meta property=\"og:description\" content=\"Equipe | Chirurgiens orthop\u00e9diques et plasticiens de Montr\u00e9al dans une clinique de chirurgie priv\u00e9e\" \/>\n<meta property=\"og:url\" content=\"https:\/\/icsmontreal.com\/en\/equipe\/\" \/>\n<meta property=\"og:site_name\" content=\"Institut de chirurgie sp\u00e9cialis\u00e9e de Montr\u00e9al\" \/>\n<meta property=\"article:publisher\" content=\"https:\/\/www.facebook.com\/icsmontreal\" \/>\n<meta property=\"article:modified_time\" content=\"2023-12-11T13:59:43+00:00\" \/>\n<meta property=\"og:image\" content=\"https:\/\/icsmontreal.com\/wp-content\/uploads\/2023\/12\/Logo-ICS.jpg\" \/>\n\t<meta property=\"og:image:width\" content=\"1200\" \/>\n\t<meta property=\"og:image:height\" content=\"675\" \/>\n\t<meta property=\"og:image:type\" content=\"image\/jpeg\" \/>\n<meta name=\"twitter:card\" content=\"summary_large_image\" \/>\n<meta name=\"twitter:label1\" content=\"Est. reading time\" \/>\n\t<meta name=\"twitter:data1\" content=\"2 minutes\" \/>\n<script type=\"application\/ld+json\" class=\"yoast-schema-graph\">{\"@context\":\"https:\/\/schema.org\",\"@graph\":[{\"@type\":\"WebPage\",\"@id\":\"https:\/\/icsmontreal.com\/en\/equipe\/\",\"url\":\"https:\/\/icsmontreal.com\/en\/equipe\/\",\"name\":\"Equipe | Institut de chirurgie sp\u00e9cialis\u00e9e de Montr\u00e9al\",\"isPartOf\":{\"@id\":\"https:\/\/icsmontreal.com\/en\/#website\"},\"datePublished\":\"2023-06-14T17:49:31+00:00\",\"dateModified\":\"2023-12-11T13:59:43+00:00\",\"description\":\"Equipe | Chirurgiens orthop\u00e9diques et plasticiens de Montr\u00e9al dans une clinique de chirurgie priv\u00e9e\",\"breadcrumb\":{\"@id\":\"https:\/\/icsmontreal.com\/en\/equipe\/#breadcrumb\"},\"inLanguage\":\"en-US\",\"potentialAction\":[{\"@type\":\"ReadAction\",\"target\":[\"https:\/\/icsmontreal.com\/en\/equipe\/\"]}]},{\"@type\":\"BreadcrumbList\",\"@id\":\"https:\/\/icsmontreal.com\/en\/equipe\/#breadcrumb\",\"itemListElement\":[{\"@type\":\"ListItem\",\"position\":1,\"name\":\"Home\",\"item\":\"https:\/\/icsmontreal.com\/en\/\"},{\"@type\":\"ListItem\",\"position\":2,\"name\":\"Equipe\"}]},{\"@type\":\"WebSite\",\"@id\":\"https:\/\/icsmontreal.com\/en\/#website\",\"url\":\"https:\/\/icsmontreal.com\/en\/\",\"name\":\"Institut de chirurgie sp\u00e9cialis\u00e9e de Montr\u00e9al\",\"description\":\"\",\"publisher\":{\"@id\":\"https:\/\/icsmontreal.com\/en\/#organization\"},\"potentialAction\":[{\"@type\":\"SearchAction\",\"target\":{\"@type\":\"EntryPoint\",\"urlTemplate\":\"https:\/\/icsmontreal.com\/en\/?s={search_term_string}\"},\"query-input\":\"required name=search_term_string\"}],\"inLanguage\":\"en-US\"},{\"@type\":\"Organization\",\"@id\":\"https:\/\/icsmontreal.com\/en\/#organization\",\"name\":\"Institut de chirurgie sp\u00e9cialis\u00e9e de Montr\u00e9al\",\"url\":\"https:\/\/icsmontreal.com\/en\/\",\"logo\":{\"@type\":\"ImageObject\",\"inLanguage\":\"en-US\",\"@id\":\"https:\/\/icsmontreal.com\/en\/#\/schema\/logo\/image\/\",\"url\":\"https:\/\/icsmontreal.com\/wp-content\/uploads\/2023\/05\/logoics.jpg\",\"contentUrl\":\"https:\/\/icsmontreal.com\/wp-content\/uploads\/2023\/05\/logoics.jpg\",\"width\":310,\"height\":200,\"caption\":\"Institut de chirurgie sp\u00e9cialis\u00e9e de Montr\u00e9al\"},\"image\":{\"@id\":\"https:\/\/icsmontreal.com\/en\/#\/schema\/logo\/image\/\"},\"sameAs\":[\"https:\/\/www.facebook.com\/icsmontreal\",\"https:\/\/www.instagram.com\/ics.montreal\/\"]}]}<\/script>\n<!-- \/ Yoast SEO plugin. -->","yoast_head_json":{"title":"Equipe | Institut de chirurgie sp\u00e9cialis\u00e9e de Montr\u00e9al","description":"Equipe | Chirurgiens orthop\u00e9diques et plasticiens de Montr\u00e9al dans une clinique de chirurgie priv\u00e9e","robots":{"index":"index","follow":"follow","max-snippet":"max-snippet:-1","max-image-preview":"max-image-preview:large","max-video-preview":"max-video-preview:-1"},"canonical":"https:\/\/icsmontreal.com\/en\/equipe\/","og_locale":"en_US","og_type":"article","og_title":"Equipe | Institut de chirurgie sp\u00e9cialis\u00e9e de Montr\u00e9al","og_description":"Equipe | Chirurgiens orthop\u00e9diques et plasticiens de Montr\u00e9al dans une clinique de chirurgie priv\u00e9e","og_url":"https:\/\/icsmontreal.com\/en\/equipe\/","og_site_name":"Institut de chirurgie sp\u00e9cialis\u00e9e de Montr\u00e9al","article_publisher":"https:\/\/www.facebook.com\/icsmontreal","article_modified_time":"2023-12-11T13:59:43+00:00","og_image":[{"width":1200,"height":675,"url":"https:\/\/icsmontreal.com\/wp-content\/uploads\/2023\/12\/Logo-ICS.jpg","type":"image\/jpeg"}],"twitter_card":"summary_large_image","twitter_misc":{"Est. reading time":"2 minutes"},"schema":{"@context":"https:\/\/schema.org","@graph":[{"@type":"WebPage","@id":"https:\/\/icsmontreal.com\/en\/equipe\/","url":"https:\/\/icsmontreal.com\/en\/equipe\/","name":"Equipe | Institut de chirurgie sp\u00e9cialis\u00e9e de Montr\u00e9al","isPartOf":{"@id":"https:\/\/icsmontreal.com\/en\/#website"},"datePublished":"2023-06-14T17:49:31+00:00","dateModified":"2023-12-11T13:59:43+00:00","description":"Equipe | Chirurgiens orthop\u00e9diques et plasticiens de Montr\u00e9al dans une clinique de chirurgie priv\u00e9e","breadcrumb":{"@id":"https:\/\/icsmontreal.com\/en\/equipe\/#breadcrumb"},"inLanguage":"en-US","potentialAction":[{"@type":"ReadAction","target":["https:\/\/icsmontreal.com\/en\/equipe\/"]}]},{"@type":"BreadcrumbList","@id":"https:\/\/icsmontreal.com\/en\/equipe\/#breadcrumb","itemListElement":[{"@type":"ListItem","position":1,"name":"Home","item":"https:\/\/icsmontreal.com\/en\/"},{"@type":"ListItem","position":2,"name":"Equipe"}]},{"@type":"WebSite","@id":"https:\/\/icsmontreal.com\/en\/#website","url":"https:\/\/icsmontreal.com\/en\/","name":"Institut de chirurgie sp\u00e9cialis\u00e9e de Montr\u00e9al","description":"","publisher":{"@id":"https:\/\/icsmontreal.com\/en\/#organization"},"potentialAction":[{"@type":"SearchAction","target":{"@type":"EntryPoint","urlTemplate":"https:\/\/icsmontreal.com\/en\/?s={search_term_string}"},"query-input":"required name=search_term_string"}],"inLanguage":"en-US"},{"@type":"Organization","@id":"https:\/\/icsmontreal.com\/en\/#organization","name":"Institut de chirurgie sp\u00e9cialis\u00e9e de Montr\u00e9al","url":"https:\/\/icsmontreal.com\/en\/","logo":{"@type":"ImageObject","inLanguage":"en-US","@id":"https:\/\/icsmontreal.com\/en\/#\/schema\/logo\/image\/","url":"https:\/\/icsmontreal.com\/wp-content\/uploads\/2023\/05\/logoics.jpg","contentUrl":"https:\/\/icsmontreal.com\/wp-content\/uploads\/2023\/05\/logoics.jpg","width":310,"height":200,"caption":"Institut de chirurgie sp\u00e9cialis\u00e9e de Montr\u00e9al"},"image":{"@id":"https:\/\/icsmontreal.com\/en\/#\/schema\/logo\/image\/"},"sameAs":["https:\/\/www.facebook.com\/icsmontreal","https:\/\/www.instagram.com\/ics.montreal\/"]}]}},"acf":[],"_links":{"self":[{"href":"https:\/\/icsmontreal.com\/en\/wp-json\/wp\/v2\/pages\/437","targetHints":{"allow":["GET"]}}],"collection":[{"href":"https:\/\/icsmontreal.com\/en\/wp-json\/wp\/v2\/pages"}],"about":[{"href":"https:\/\/icsmontreal.com\/en\/wp-json\/wp\/v2\/types\/page"}],"author":[{"embeddable":true,"href":"https:\/\/icsmontreal.com\/en\/wp-json\/wp\/v2\/users\/1"}],"replies":[{"embeddable":true,"href":"https:\/\/icsmontreal.com\/en\/wp-json\/wp\/v2\/comments?post=437"}],"version-history":[{"count":17,"href":"https:\/\/icsmontreal.com\/en\/wp-json\/wp\/v2\/pages\/437\/revisions"}],"predecessor-version":[{"id":1238,"href":"https:\/\/icsmontreal.com\/en\/wp-json\/wp\/v2\/pages\/437\/revisions\/1238"}],"wp:attachment":[{"href":"https:\/\/icsmontreal.com\/en\/wp-json\/wp\/v2\/media?parent=437"}],"curies":[{"name":"wp","href":"https:\/\/api.w.org\/{rel}","templated":true}]}}