{"id":486,"date":"2023-06-14T20:23:01","date_gmt":"2023-06-14T20:23:01","guid":{"rendered":"https:\/\/icsmontreal.com\/?page_id=486"},"modified":"2023-06-28T14:28:07","modified_gmt":"2023-06-28T14:28:07","slug":"blogue","status":"publish","type":"page","link":"https:\/\/icsmontreal.com\/en\/blogue\/","title":{"rendered":"Blogue"},"content":{"rendered":"<p>[vc_row css_animation=&#8221;&#8221; row_type=&#8221;row&#8221; use_row_as_full_screen_section=&#8221;no&#8221; type=&#8221;grid&#8221; angled_section=&#8221;no&#8221; text_align=&#8221;left&#8221; background_image_as_pattern=&#8221;without_pattern&#8221; el_class=&#8221;grayish&#8221; z_index=&#8221;&#8221;][vc_column width=&#8221;1\/2&#8243;][vc_single_image image=&#8221;490&#8243; img_size=&#8221;full&#8221; qode_css_animation=&#8221;&#8221;][\/vc_column][vc_column width=&#8221;1\/2&#8243;][vc_column_text el_class=&#8221;title-section&#8221;]<\/p>\n<h2 style=\"margin-bottom: 20px;\">Blogue<\/h2>\n<p>Informations utiles en orthop\u00e9die et m\u00e9decine du sport[\/vc_column_text][\/vc_column][\/vc_row][vc_row css_animation=&#8221;&#8221; row_type=&#8221;row&#8221; use_row_as_full_screen_section=&#8221;no&#8221; type=&#8221;grid&#8221; angled_section=&#8221;no&#8221; text_align=&#8221;left&#8221; background_image_as_pattern=&#8221;without_pattern&#8221; z_index=&#8221;&#8221; el_id=&#8221;blog&#8221;][vc_column]<div class='q_masonry_blog'><div class=\"q_masonry_blog_grid_sizer\"><\/div><div class=\"q_masonry_blog_grid_gutter\"><\/div><\/div>[\/vc_column][\/vc_row]<\/p>\n","protected":false},"excerpt":{"rendered":"<p>Informations utiles en orthop\u00e9die et m\u00e9decine du sport<\/p>\n","protected":false},"author":1,"featured_media":490,"parent":0,"menu_order":0,"comment_status":"closed","ping_status":"closed","template":"full_width.php","meta":{"footnotes":""},"class_list":["post-486","page","type-page","status-publish","has-post-thumbnail","hentry"],"yoast_head":"<!-- This site is optimized with the Yoast SEO plugin v21.7 - https:\/\/yoast.com\/wordpress\/plugins\/seo\/ -->\n<title>Blogue | Institut de chirurgie sp\u00e9cialis\u00e9e de Montr\u00e9al<\/title>\n<meta name=\"description\" content=\"Blogue | Chirurgiens orthop\u00e9diques et plasticiens de Montr\u00e9al dans une clinique de chirurgie priv\u00e9e\" \/>\n<meta name=\"robots\" content=\"index, follow, max-snippet:-1, max-image-preview:large, max-video-preview:-1\" \/>\n<link rel=\"canonical\" href=\"https:\/\/icsmontreal.com\/en\/blogue\/\" \/>\n<meta property=\"og:locale\" content=\"en_US\" \/>\n<meta property=\"og:type\" content=\"article\" \/>\n<meta property=\"og:title\" content=\"Blogue | Institut de chirurgie sp\u00e9cialis\u00e9e de Montr\u00e9al\" \/>\n<meta property=\"og:description\" content=\"Blogue | Chirurgiens orthop\u00e9diques et plasticiens de Montr\u00e9al dans une clinique de chirurgie priv\u00e9e\" \/>\n<meta property=\"og:url\" content=\"https:\/\/icsmontreal.com\/en\/blogue\/\" \/>\n<meta property=\"og:site_name\" content=\"Institut de chirurgie sp\u00e9cialis\u00e9e de Montr\u00e9al\" \/>\n<meta property=\"article:publisher\" content=\"https:\/\/www.facebook.com\/icsmontreal\" \/>\n<meta property=\"article:modified_time\" content=\"2023-06-28T14:28:07+00:00\" \/>\n<meta property=\"og:image\" content=\"https:\/\/icsmontreal.com\/wp-content\/uploads\/2023\/06\/blogue.jpg?_t=1703086826\" \/>\n\t<meta property=\"og:image:width\" content=\"1920\" \/>\n\t<meta property=\"og:image:height\" content=\"1073\" \/>\n\t<meta property=\"og:image:type\" content=\"image\/jpeg\" \/>\n<meta name=\"twitter:card\" content=\"summary_large_image\" \/>\n<meta name=\"twitter:label1\" content=\"Est. reading time\" \/>\n\t<meta name=\"twitter:data1\" content=\"1 minute\" \/>\n<script type=\"application\/ld+json\" class=\"yoast-schema-graph\">{\"@context\":\"https:\/\/schema.org\",\"@graph\":[{\"@type\":\"WebPage\",\"@id\":\"https:\/\/icsmontreal.com\/en\/blogue\/\",\"url\":\"https:\/\/icsmontreal.com\/en\/blogue\/\",\"name\":\"Blogue | Institut de chirurgie sp\u00e9cialis\u00e9e de Montr\u00e9al\",\"isPartOf\":{\"@id\":\"https:\/\/icsmontreal.com\/en\/#website\"},\"datePublished\":\"2023-06-14T20:23:01+00:00\",\"dateModified\":\"2023-06-28T14:28:07+00:00\",\"description\":\"Blogue | Chirurgiens orthop\u00e9diques et plasticiens de Montr\u00e9al dans une clinique de chirurgie priv\u00e9e\",\"breadcrumb\":{\"@id\":\"https:\/\/icsmontreal.com\/en\/blogue\/#breadcrumb\"},\"inLanguage\":\"en-US\",\"potentialAction\":[{\"@type\":\"ReadAction\",\"target\":[\"https:\/\/icsmontreal.com\/en\/blogue\/\"]}]},{\"@type\":\"BreadcrumbList\",\"@id\":\"https:\/\/icsmontreal.com\/en\/blogue\/#breadcrumb\",\"itemListElement\":[{\"@type\":\"ListItem\",\"position\":1,\"name\":\"Home\",\"item\":\"https:\/\/icsmontreal.com\/en\/\"},{\"@type\":\"ListItem\",\"position\":2,\"name\":\"Blogue\"}]},{\"@type\":\"WebSite\",\"@id\":\"https:\/\/icsmontreal.com\/en\/#website\",\"url\":\"https:\/\/icsmontreal.com\/en\/\",\"name\":\"Institut de chirurgie sp\u00e9cialis\u00e9e de Montr\u00e9al\",\"description\":\"\",\"publisher\":{\"@id\":\"https:\/\/icsmontreal.com\/en\/#organization\"},\"potentialAction\":[{\"@type\":\"SearchAction\",\"target\":{\"@type\":\"EntryPoint\",\"urlTemplate\":\"https:\/\/icsmontreal.com\/en\/?s={search_term_string}\"},\"query-input\":\"required name=search_term_string\"}],\"inLanguage\":\"en-US\"},{\"@type\":\"Organization\",\"@id\":\"https:\/\/icsmontreal.com\/en\/#organization\",\"name\":\"Institut de chirurgie sp\u00e9cialis\u00e9e de Montr\u00e9al\",\"url\":\"https:\/\/icsmontreal.com\/en\/\",\"logo\":{\"@type\":\"ImageObject\",\"inLanguage\":\"en-US\",\"@id\":\"https:\/\/icsmontreal.com\/en\/#\/schema\/logo\/image\/\",\"url\":\"https:\/\/icsmontreal.com\/wp-content\/uploads\/2023\/05\/logoics.jpg\",\"contentUrl\":\"https:\/\/icsmontreal.com\/wp-content\/uploads\/2023\/05\/logoics.jpg\",\"width\":310,\"height\":200,\"caption\":\"Institut de chirurgie sp\u00e9cialis\u00e9e de Montr\u00e9al\"},\"image\":{\"@id\":\"https:\/\/icsmontreal.com\/en\/#\/schema\/logo\/image\/\"},\"sameAs\":[\"https:\/\/www.facebook.com\/icsmontreal\",\"https:\/\/www.instagram.com\/ics.montreal\/\"]}]}<\/script>\n<!-- \/ Yoast SEO plugin. -->","yoast_head_json":{"title":"Blogue | Institut de chirurgie sp\u00e9cialis\u00e9e de Montr\u00e9al","description":"Blogue | Chirurgiens orthop\u00e9diques et plasticiens de Montr\u00e9al dans une clinique de chirurgie priv\u00e9e","robots":{"index":"index","follow":"follow","max-snippet":"max-snippet:-1","max-image-preview":"max-image-preview:large","max-video-preview":"max-video-preview:-1"},"canonical":"https:\/\/icsmontreal.com\/en\/blogue\/","og_locale":"en_US","og_type":"article","og_title":"Blogue | Institut de chirurgie sp\u00e9cialis\u00e9e de Montr\u00e9al","og_description":"Blogue | Chirurgiens orthop\u00e9diques et plasticiens de Montr\u00e9al dans une clinique de chirurgie priv\u00e9e","og_url":"https:\/\/icsmontreal.com\/en\/blogue\/","og_site_name":"Institut de chirurgie sp\u00e9cialis\u00e9e de Montr\u00e9al","article_publisher":"https:\/\/www.facebook.com\/icsmontreal","article_modified_time":"2023-06-28T14:28:07+00:00","og_image":[{"width":1920,"height":1073,"url":"https:\/\/icsmontreal.com\/wp-content\/uploads\/2023\/06\/blogue.jpg?_t=1703086826","type":"image\/jpeg"}],"twitter_card":"summary_large_image","twitter_misc":{"Est. reading time":"1 minute"},"schema":{"@context":"https:\/\/schema.org","@graph":[{"@type":"WebPage","@id":"https:\/\/icsmontreal.com\/en\/blogue\/","url":"https:\/\/icsmontreal.com\/en\/blogue\/","name":"Blogue | Institut de chirurgie sp\u00e9cialis\u00e9e de Montr\u00e9al","isPartOf":{"@id":"https:\/\/icsmontreal.com\/en\/#website"},"datePublished":"2023-06-14T20:23:01+00:00","dateModified":"2023-06-28T14:28:07+00:00","description":"Blogue | Chirurgiens orthop\u00e9diques et plasticiens de Montr\u00e9al dans une clinique de chirurgie priv\u00e9e","breadcrumb":{"@id":"https:\/\/icsmontreal.com\/en\/blogue\/#breadcrumb"},"inLanguage":"en-US","potentialAction":[{"@type":"ReadAction","target":["https:\/\/icsmontreal.com\/en\/blogue\/"]}]},{"@type":"BreadcrumbList","@id":"https:\/\/icsmontreal.com\/en\/blogue\/#breadcrumb","itemListElement":[{"@type":"ListItem","position":1,"name":"Home","item":"https:\/\/icsmontreal.com\/en\/"},{"@type":"ListItem","position":2,"name":"Blogue"}]},{"@type":"WebSite","@id":"https:\/\/icsmontreal.com\/en\/#website","url":"https:\/\/icsmontreal.com\/en\/","name":"Institut de chirurgie sp\u00e9cialis\u00e9e de Montr\u00e9al","description":"","publisher":{"@id":"https:\/\/icsmontreal.com\/en\/#organization"},"potentialAction":[{"@type":"SearchAction","target":{"@type":"EntryPoint","urlTemplate":"https:\/\/icsmontreal.com\/en\/?s={search_term_string}"},"query-input":"required name=search_term_string"}],"inLanguage":"en-US"},{"@type":"Organization","@id":"https:\/\/icsmontreal.com\/en\/#organization","name":"Institut de chirurgie sp\u00e9cialis\u00e9e de Montr\u00e9al","url":"https:\/\/icsmontreal.com\/en\/","logo":{"@type":"ImageObject","inLanguage":"en-US","@id":"https:\/\/icsmontreal.com\/en\/#\/schema\/logo\/image\/","url":"https:\/\/icsmontreal.com\/wp-content\/uploads\/2023\/05\/logoics.jpg","contentUrl":"https:\/\/icsmontreal.com\/wp-content\/uploads\/2023\/05\/logoics.jpg","width":310,"height":200,"caption":"Institut de chirurgie sp\u00e9cialis\u00e9e de Montr\u00e9al"},"image":{"@id":"https:\/\/icsmontreal.com\/en\/#\/schema\/logo\/image\/"},"sameAs":["https:\/\/www.facebook.com\/icsmontreal","https:\/\/www.instagram.com\/ics.montreal\/"]}]}},"acf":[],"_links":{"self":[{"href":"https:\/\/icsmontreal.com\/en\/wp-json\/wp\/v2\/pages\/486","targetHints":{"allow":["GET"]}}],"collection":[{"href":"https:\/\/icsmontreal.com\/en\/wp-json\/wp\/v2\/pages"}],"about":[{"href":"https:\/\/icsmontreal.com\/en\/wp-json\/wp\/v2\/types\/page"}],"author":[{"embeddable":true,"href":"https:\/\/icsmontreal.com\/en\/wp-json\/wp\/v2\/users\/1"}],"replies":[{"embeddable":true,"href":"https:\/\/icsmontreal.com\/en\/wp-json\/wp\/v2\/comments?post=486"}],"version-history":[{"count":7,"href":"https:\/\/icsmontreal.com\/en\/wp-json\/wp\/v2\/pages\/486\/revisions"}],"predecessor-version":[{"id":916,"href":"https:\/\/icsmontreal.com\/en\/wp-json\/wp\/v2\/pages\/486\/revisions\/916"}],"wp:featuredmedia":[{"embeddable":true,"href":"https:\/\/icsmontreal.com\/en\/wp-json\/wp\/v2\/media\/490"}],"wp:attachment":[{"href":"https:\/\/icsmontreal.com\/en\/wp-json\/wp\/v2\/media?parent=486"}],"curies":[{"name":"wp","href":"https:\/\/api.w.org\/{rel}","templated":true}]}}