{"id":500,"date":"2023-06-15T16:41:52","date_gmt":"2023-06-15T16:41:52","guid":{"rendered":"https:\/\/icsmontreal.com\/?page_id=500"},"modified":"2023-12-15T18:18:00","modified_gmt":"2023-12-15T18:18:00","slug":"notre-clinique","status":"publish","type":"page","link":"https:\/\/icsmontreal.com\/en\/notre-clinique\/","title":{"rendered":"Notre clinique"},"content":{"rendered":"<p>[vc_row css_animation=&#8221;&#8221; row_type=&#8221;row&#8221; use_row_as_full_screen_section=&#8221;no&#8221; type=&#8221;grid&#8221; angled_section=&#8221;no&#8221; text_align=&#8221;left&#8221; background_image_as_pattern=&#8221;without_pattern&#8221; z_index=&#8221;&#8221; el_class=&#8221;grayish mt-100&#8243;][vc_column width=&#8221;1\/2&#8243;][vc_single_image image=&#8221;507&#8243; img_size=&#8221;full&#8221; qode_css_animation=&#8221;&#8221;][\/vc_column][vc_column width=&#8221;1\/2&#8243;][vc_column_text]<\/p>\n<h2>Institut de chirurgie sp\u00e9cialis\u00e9e de Montr\u00e9al<\/h2>\n<h3 class=\"subtitle\">Des chirurgies priv\u00e9es, sans d\u00e9lais, de haute qualit\u00e9 avec des installations m\u00e9dicales \u00e0 la fine pointe de la technologie.<\/h3>\n<p>L\u2019Institut de chirurgie sp\u00e9cialis\u00e9e de Montr\u00e9al est situ\u00e9 au Sanctuaire du Mont-Royal, au c\u0153ur de la m\u00e9tropole, pr\u00e8s des grands axes routiers, et \u00e0 proximit\u00e9 de divers h\u00f4tels et h\u00e9bergements. Notre clinique regroupe des sp\u00e9cialistes de hauts niveaux, des chirurgiens et des professionnels de la sant\u00e9. En plus de b\u00e9n\u00e9ficier d\u2019un environnement agr\u00e9able et chaleureux, vous obtiendrez un rendez-vous sans d\u00e9lais, selon vos disponibilit\u00e9s. Ceci vous assure de ne pas \u00eatre sur une liste d\u2019attente parfois de nombreux mois. Vous augmenterez les chances d\u2019une situation qui peux devenir irr\u00e9versible. Nous collaborons \u00e9troitement avec plusieurs sources de r\u00e9f\u00e9rences : M\u00e9decins, m\u00e9decins sp\u00e9cialistes, pharmaciens, radiologistes, centres de physioth\u00e9rapie; ce qui fait de l\u2019Institut de chirurgie sp\u00e9cialis\u00e9e de Montr\u00e9al le meilleur choix possible pour votre chirurgie.<\/p>\n<p>[\/vc_column_text][\/vc_column][\/vc_row][vc_row css_animation=&#8221;&#8221; row_type=&#8221;row&#8221; use_row_as_full_screen_section=&#8221;no&#8221; type=&#8221;grid&#8221; angled_section=&#8221;no&#8221; text_align=&#8221;left&#8221; background_image_as_pattern=&#8221;without_pattern&#8221; z_index=&#8221;&#8221; el_class=&#8221;right-pic&#8221;][vc_column width=&#8221;1\/2&#8243;][vc_column_text]<\/p>\n<h2>Notre \u00e9quipe<\/h2>\n<p>Nos chirurgiens r\u00e9put\u00e9s travaillent dans un environnement contr\u00f4l\u00e9 et hautement s\u00e9curitaire. Les salles de chirurgies de l\u2019Institut de chirurgie sp\u00e9cialis\u00e9e de Montr\u00e9al sont inspect\u00e9es et ont \u00e9t\u00e9 accr\u00e9dit\u00e9es par Agr\u00e9ment Canada avec mention. Notre d\u00e9partement d\u2019anesth\u00e9sie est affili\u00e9 \u00e0 l\u2019Universit\u00e9 de Montr\u00e9al et nos soins postop\u00e9ratoires sont dispens\u00e9s par une \u00e9quipe de professionnels de la sant\u00e9. Nos m\u00e9decins sp\u00e9cialistes agissent aussi aupr\u00e8s d\u2019\u00e9quipes et d\u2019athl\u00e8tes professionnels.[\/vc_column_text]<div style=\"text-align:left\"><a href=\"https:\/\/icsmontreal.com\/equipe\/\" class=\"button button--calypso \" target=\"_self\"><div class=\"btn__bg\"><\/div><span>VOIR NOTRE \u00c9QUIPE<\/span><\/a><\/div>[\/vc_column][vc_column width=&#8221;1\/2&#8243;][vc_single_image image=&#8221;949&#8243; img_size=&#8221;full&#8221; alignment=&#8221;center&#8221; qode_css_animation=&#8221;&#8221;][\/vc_column][\/vc_row][vc_row css_animation=&#8221;&#8221; row_type=&#8221;row&#8221; use_row_as_full_screen_section=&#8221;no&#8221; type=&#8221;grid&#8221; angled_section=&#8221;no&#8221; text_align=&#8221;left&#8221; background_image_as_pattern=&#8221;without_pattern&#8221; z_index=&#8221;&#8221; el_id=&#8221;nos-services&#8221;][vc_column][vc_column_text]<\/p>\n<h2 style=\"text-align: center;\">Nos services<\/h2>\n<p>[\/vc_column_text][vc_row_inner row_type=&#8221;row&#8221; type=&#8221;full_width&#8221; text_align=&#8221;left&#8221; css_animation=&#8221;&#8221;][vc_column_inner el_class=&#8221;anim-single anim-up&#8221; width=&#8221;1\/4&#8243;][vc_single_image image=&#8221;503&#8243; img_size=&#8221;full&#8221; add_caption=&#8221;yes&#8221; onclick=&#8221;custom_link&#8221; qode_css_animation=&#8221;&#8221; link=&#8221;https:\/\/icsmontreal.com\/la-chirurgie-orthopedique\/&#8221;][\/vc_column_inner][vc_column_inner el_class=&#8221;anim-single anim-up&#8221; width=&#8221;1\/4&#8243;][vc_single_image image=&#8221;502&#8243; img_size=&#8221;full&#8221; add_caption=&#8221;yes&#8221; onclick=&#8221;custom_link&#8221; qode_css_animation=&#8221;&#8221; link=&#8221;https:\/\/icsmontreal.com\/chirurgie-de-la-main\/&#8221;][\/vc_column_inner][vc_column_inner el_class=&#8221;anim-single anim-up&#8221; width=&#8221;1\/4&#8243;][vc_single_image image=&#8221;512&#8243; img_size=&#8221;full&#8221; add_caption=&#8221;yes&#8221; onclick=&#8221;custom_link&#8221; qode_css_animation=&#8221;&#8221; link=&#8221;https:\/\/icsmontreal.com\/procedure\/medecine-sportive\/&#8221;][\/vc_column_inner][vc_column_inner el_class=&#8221;anim-single anim-up&#8221; width=&#8221;1\/4&#8243;][vc_single_image image=&#8221;501&#8243; img_size=&#8221;full&#8221; add_caption=&#8221;yes&#8221; onclick=&#8221;custom_link&#8221; img_link_target=&#8221;_blank&#8221; qode_css_animation=&#8221;&#8221; link=&#8221;https:\/\/www.danieldurand.ca\/fr\/&#8221;][\/vc_column_inner][\/vc_row_inner][\/vc_column][\/vc_row][vc_row css_animation=&#8221;&#8221; row_type=&#8221;row&#8221; use_row_as_full_screen_section=&#8221;no&#8221; type=&#8221;grid&#8221; angled_section=&#8221;no&#8221; text_align=&#8221;left&#8221; background_image_as_pattern=&#8221;without_pattern&#8221; el_class=&#8221;blued&#8221; z_index=&#8221;&#8221;][vc_column][vc_column_text]<\/p>\n<p style=\"text-align: center;\">N\u2019attendez plus et soyez ma\u00eetre de votre sant\u00e9! Consultez un sp\u00e9cialiste sans billet de m\u00e9decin ni reference<\/p>\n<p>[\/vc_column_text]<div style=\"text-align:center\"><a href=\"\/consultation\/\" class=\"button button--calypso \" target=\"_self\"><div class=\"btn__bg\"><\/div><span>R\u00c9SERVER UNE CONSULTATION<\/span><\/a><\/div>[\/vc_column][\/vc_row][vc_row css_animation=&#8221;&#8221; row_type=&#8221;row&#8221; use_row_as_full_screen_section=&#8221;no&#8221; type=&#8221;grid&#8221; angled_section=&#8221;no&#8221; text_align=&#8221;left&#8221; background_image_as_pattern=&#8221;without_pattern&#8221; z_index=&#8221;&#8221;][vc_column width=&#8221;1\/2&#8243;][vc_single_image image=&#8221;509&#8243; img_size=&#8221;full&#8221; qode_css_animation=&#8221;&#8221;][\/vc_column][vc_column width=&#8221;1\/2&#8243;][vc_column_text]<\/p>\n<h2>Nous sommes l\u00e0 pour vous aider<\/h2>\n<p>L\u2019Institut de chirurgie sp\u00e9cialis\u00e9e de Montr\u00e9al rassemble une \u00e9quipe compos\u00e9e des sp\u00e9cialistes de haut niveau dans leur discipline au Canada.<\/p>\n<p>L\u2019Institut incarne l\u2019excellence, d\u00e9butant avec l\u2019accueil r\u00e9serv\u00e9 au patient jusqu\u2019\u00e0 la convalescence. Notre mission est de vous d\u00e9montrer notre efficacit\u00e9 \u00e0 offrir un service personnalis\u00e9, \u00eatre \u00e0 votre \u00e9coute et vous offrir l\u2019accessibilit\u00e9 \u00e0 des soins de sant\u00e9 que vous m\u00e9ritez.[\/vc_column_text][\/vc_column][\/vc_row][vc_row css_animation=&#8221;&#8221; column_reverse_sm=&#8221;1&#8243; row_type=&#8221;row&#8221; use_row_as_full_screen_section=&#8221;no&#8221; type=&#8221;grid&#8221; angled_section=&#8221;no&#8221; text_align=&#8221;left&#8221; background_image_as_pattern=&#8221;without_pattern&#8221; z_index=&#8221;&#8221; el_class=&#8221;right-pic mt-100&#8243;][vc_column width=&#8221;1\/2&#8243;][vc_column_text]<\/p>\n<h2>AVANTAGES D\u2019UNE CHIRURGIE PRIV\u00c9E \u00c0 L\u2019ICS de Montr\u00e9al<\/h2>\n<ul class=\"checkmarks\">\n<li>Temps d\u2019attente inexistant, contrairement \u00e0 la congestion chronique actuelle des h\u00f4pitaux<\/li>\n<li>Consultation personnalis\u00e9e<\/li>\n<li>Rendez-vous fix\u00e9 selon vos disponibilit\u00e9s<\/li>\n<li>Environnement accr\u00e9dit\u00e9 par l\u2019Association Canadienne d\u2019Accr\u00e9ditation des Installations de Chirurgie Ambulatoire (ACALCA) et le minist\u00e8re de la Sant\u00e9 et des Services sociaux du Qu\u00e9bec<\/li>\n<li>Environnement multiservice o\u00f9 peuvent pratiquer les sp\u00e9cialistes de haut niveau<\/li>\n<li>Salle de chirurgie ultra perfectionn\u00e9e<\/li>\n<li>Service de radiologie sur place<\/li>\n<li>Pharmacie accessible dans le m\u00eame complexe<\/li>\n<li>\u00c9quipement m\u00e9dical s\u00e9curitaire \u00e0 la fine pointe de la technologie<\/li>\n<\/ul>\n<p>[\/vc_column_text][\/vc_column][vc_column width=&#8221;1\/2&#8243;][vc_single_image image=&#8221;510&#8243; img_size=&#8221;full&#8221; qode_css_animation=&#8221;&#8221;][\/vc_column][\/vc_row]<\/p>\n","protected":false},"excerpt":{"rendered":"<p>[vc_row css_animation=&#8221;&#8221; row_type=&#8221;row&#8221; use_row_as_full_screen_section=&#8221;no&#8221; type=&#8221;grid&#8221; angled_section=&#8221;no&#8221; text_align=&#8221;left&#8221; background_image_as_pattern=&#8221;without_pattern&#8221; z_index=&#8221;&#8221; el_class=&#8221;grayish mt-100&#8243;][vc_column width=&#8221;1\/2&#8243;][vc_single_image image=&#8221;507&#8243; img_size=&#8221;full&#8221; qode_css_animation=&#8221;&#8221;][\/vc_column][vc_column width=&#8221;1\/2&#8243;][vc_column_text] Institut de chirurgie sp\u00e9cialis\u00e9e de Montr\u00e9al Des chirurgies priv\u00e9es, sans d\u00e9lais, de haute qualit\u00e9 avec des installations m\u00e9dicales \u00e0 la fine pointe de la technologie. L\u2019Institut de chirurgie sp\u00e9cialis\u00e9e&#8230;<\/p>\n","protected":false},"author":1,"featured_media":0,"parent":0,"menu_order":0,"comment_status":"closed","ping_status":"closed","template":"full_width.php","meta":{"footnotes":""},"class_list":["post-500","page","type-page","status-publish","hentry"],"yoast_head":"<!-- This site is optimized with the Yoast SEO plugin v21.7 - https:\/\/yoast.com\/wordpress\/plugins\/seo\/ -->\n<title>Notre clinique | Institut de chirurgie sp\u00e9cialis\u00e9e de Montr\u00e9al<\/title>\n<meta name=\"description\" content=\"Notre clinique | Chirurgiens orthop\u00e9diques et plasticiens de Montr\u00e9al dans une clinique de chirurgie priv\u00e9e\" \/>\n<meta name=\"robots\" content=\"index, follow, max-snippet:-1, max-image-preview:large, max-video-preview:-1\" \/>\n<link rel=\"canonical\" href=\"https:\/\/icsmontreal.com\/en\/notre-clinique\/\" \/>\n<meta property=\"og:locale\" content=\"en_US\" \/>\n<meta property=\"og:type\" content=\"article\" \/>\n<meta property=\"og:title\" content=\"Notre clinique | Institut de chirurgie sp\u00e9cialis\u00e9e de Montr\u00e9al\" \/>\n<meta property=\"og:description\" content=\"Notre clinique | Chirurgiens orthop\u00e9diques et plasticiens de Montr\u00e9al dans une clinique de chirurgie priv\u00e9e\" \/>\n<meta property=\"og:url\" content=\"https:\/\/icsmontreal.com\/en\/notre-clinique\/\" \/>\n<meta property=\"og:site_name\" content=\"Institut de chirurgie sp\u00e9cialis\u00e9e de Montr\u00e9al\" \/>\n<meta property=\"article:publisher\" content=\"https:\/\/www.facebook.com\/icsmontreal\" \/>\n<meta property=\"article:modified_time\" content=\"2023-12-15T18:18:00+00:00\" \/>\n<meta property=\"og:image\" content=\"https:\/\/icsmontreal.com\/wp-content\/uploads\/2023\/12\/Logo-ICS.jpg\" \/>\n\t<meta property=\"og:image:width\" content=\"1200\" \/>\n\t<meta property=\"og:image:height\" content=\"675\" \/>\n\t<meta property=\"og:image:type\" content=\"image\/jpeg\" \/>\n<meta name=\"twitter:card\" content=\"summary_large_image\" \/>\n<meta name=\"twitter:label1\" content=\"Est. reading time\" \/>\n\t<meta name=\"twitter:data1\" content=\"5 minutes\" \/>\n<script type=\"application\/ld+json\" class=\"yoast-schema-graph\">{\"@context\":\"https:\/\/schema.org\",\"@graph\":[{\"@type\":\"WebPage\",\"@id\":\"https:\/\/icsmontreal.com\/en\/notre-clinique\/\",\"url\":\"https:\/\/icsmontreal.com\/en\/notre-clinique\/\",\"name\":\"Notre clinique | Institut de chirurgie sp\u00e9cialis\u00e9e de Montr\u00e9al\",\"isPartOf\":{\"@id\":\"https:\/\/icsmontreal.com\/en\/#website\"},\"datePublished\":\"2023-06-15T16:41:52+00:00\",\"dateModified\":\"2023-12-15T18:18:00+00:00\",\"description\":\"Notre clinique | Chirurgiens orthop\u00e9diques et plasticiens de Montr\u00e9al dans une clinique de chirurgie priv\u00e9e\",\"breadcrumb\":{\"@id\":\"https:\/\/icsmontreal.com\/en\/notre-clinique\/#breadcrumb\"},\"inLanguage\":\"en-US\",\"potentialAction\":[{\"@type\":\"ReadAction\",\"target\":[\"https:\/\/icsmontreal.com\/en\/notre-clinique\/\"]}]},{\"@type\":\"BreadcrumbList\",\"@id\":\"https:\/\/icsmontreal.com\/en\/notre-clinique\/#breadcrumb\",\"itemListElement\":[{\"@type\":\"ListItem\",\"position\":1,\"name\":\"Home\",\"item\":\"https:\/\/icsmontreal.com\/en\/\"},{\"@type\":\"ListItem\",\"position\":2,\"name\":\"Notre clinique\"}]},{\"@type\":\"WebSite\",\"@id\":\"https:\/\/icsmontreal.com\/en\/#website\",\"url\":\"https:\/\/icsmontreal.com\/en\/\",\"name\":\"Institut de chirurgie sp\u00e9cialis\u00e9e de Montr\u00e9al\",\"description\":\"\",\"publisher\":{\"@id\":\"https:\/\/icsmontreal.com\/en\/#organization\"},\"potentialAction\":[{\"@type\":\"SearchAction\",\"target\":{\"@type\":\"EntryPoint\",\"urlTemplate\":\"https:\/\/icsmontreal.com\/en\/?s={search_term_string}\"},\"query-input\":\"required name=search_term_string\"}],\"inLanguage\":\"en-US\"},{\"@type\":\"Organization\",\"@id\":\"https:\/\/icsmontreal.com\/en\/#organization\",\"name\":\"Institut de chirurgie sp\u00e9cialis\u00e9e de Montr\u00e9al\",\"url\":\"https:\/\/icsmontreal.com\/en\/\",\"logo\":{\"@type\":\"ImageObject\",\"inLanguage\":\"en-US\",\"@id\":\"https:\/\/icsmontreal.com\/en\/#\/schema\/logo\/image\/\",\"url\":\"https:\/\/icsmontreal.com\/wp-content\/uploads\/2023\/05\/logoics.jpg\",\"contentUrl\":\"https:\/\/icsmontreal.com\/wp-content\/uploads\/2023\/05\/logoics.jpg\",\"width\":310,\"height\":200,\"caption\":\"Institut de chirurgie sp\u00e9cialis\u00e9e de Montr\u00e9al\"},\"image\":{\"@id\":\"https:\/\/icsmontreal.com\/en\/#\/schema\/logo\/image\/\"},\"sameAs\":[\"https:\/\/www.facebook.com\/icsmontreal\",\"https:\/\/www.instagram.com\/ics.montreal\/\"]}]}<\/script>\n<!-- \/ Yoast SEO plugin. -->","yoast_head_json":{"title":"Notre clinique | Institut de chirurgie sp\u00e9cialis\u00e9e de Montr\u00e9al","description":"Notre clinique | Chirurgiens orthop\u00e9diques et plasticiens de Montr\u00e9al dans une clinique de chirurgie priv\u00e9e","robots":{"index":"index","follow":"follow","max-snippet":"max-snippet:-1","max-image-preview":"max-image-preview:large","max-video-preview":"max-video-preview:-1"},"canonical":"https:\/\/icsmontreal.com\/en\/notre-clinique\/","og_locale":"en_US","og_type":"article","og_title":"Notre clinique | Institut de chirurgie sp\u00e9cialis\u00e9e de Montr\u00e9al","og_description":"Notre clinique | Chirurgiens orthop\u00e9diques et plasticiens de Montr\u00e9al dans une clinique de chirurgie priv\u00e9e","og_url":"https:\/\/icsmontreal.com\/en\/notre-clinique\/","og_site_name":"Institut de chirurgie sp\u00e9cialis\u00e9e de Montr\u00e9al","article_publisher":"https:\/\/www.facebook.com\/icsmontreal","article_modified_time":"2023-12-15T18:18:00+00:00","og_image":[{"width":1200,"height":675,"url":"https:\/\/icsmontreal.com\/wp-content\/uploads\/2023\/12\/Logo-ICS.jpg","type":"image\/jpeg"}],"twitter_card":"summary_large_image","twitter_misc":{"Est. reading time":"5 minutes"},"schema":{"@context":"https:\/\/schema.org","@graph":[{"@type":"WebPage","@id":"https:\/\/icsmontreal.com\/en\/notre-clinique\/","url":"https:\/\/icsmontreal.com\/en\/notre-clinique\/","name":"Notre clinique | Institut de chirurgie sp\u00e9cialis\u00e9e de Montr\u00e9al","isPartOf":{"@id":"https:\/\/icsmontreal.com\/en\/#website"},"datePublished":"2023-06-15T16:41:52+00:00","dateModified":"2023-12-15T18:18:00+00:00","description":"Notre clinique | Chirurgiens orthop\u00e9diques et plasticiens de Montr\u00e9al dans une clinique de chirurgie priv\u00e9e","breadcrumb":{"@id":"https:\/\/icsmontreal.com\/en\/notre-clinique\/#breadcrumb"},"inLanguage":"en-US","potentialAction":[{"@type":"ReadAction","target":["https:\/\/icsmontreal.com\/en\/notre-clinique\/"]}]},{"@type":"BreadcrumbList","@id":"https:\/\/icsmontreal.com\/en\/notre-clinique\/#breadcrumb","itemListElement":[{"@type":"ListItem","position":1,"name":"Home","item":"https:\/\/icsmontreal.com\/en\/"},{"@type":"ListItem","position":2,"name":"Notre clinique"}]},{"@type":"WebSite","@id":"https:\/\/icsmontreal.com\/en\/#website","url":"https:\/\/icsmontreal.com\/en\/","name":"Institut de chirurgie sp\u00e9cialis\u00e9e de Montr\u00e9al","description":"","publisher":{"@id":"https:\/\/icsmontreal.com\/en\/#organization"},"potentialAction":[{"@type":"SearchAction","target":{"@type":"EntryPoint","urlTemplate":"https:\/\/icsmontreal.com\/en\/?s={search_term_string}"},"query-input":"required name=search_term_string"}],"inLanguage":"en-US"},{"@type":"Organization","@id":"https:\/\/icsmontreal.com\/en\/#organization","name":"Institut de chirurgie sp\u00e9cialis\u00e9e de Montr\u00e9al","url":"https:\/\/icsmontreal.com\/en\/","logo":{"@type":"ImageObject","inLanguage":"en-US","@id":"https:\/\/icsmontreal.com\/en\/#\/schema\/logo\/image\/","url":"https:\/\/icsmontreal.com\/wp-content\/uploads\/2023\/05\/logoics.jpg","contentUrl":"https:\/\/icsmontreal.com\/wp-content\/uploads\/2023\/05\/logoics.jpg","width":310,"height":200,"caption":"Institut de chirurgie sp\u00e9cialis\u00e9e de Montr\u00e9al"},"image":{"@id":"https:\/\/icsmontreal.com\/en\/#\/schema\/logo\/image\/"},"sameAs":["https:\/\/www.facebook.com\/icsmontreal","https:\/\/www.instagram.com\/ics.montreal\/"]}]}},"acf":[],"_links":{"self":[{"href":"https:\/\/icsmontreal.com\/en\/wp-json\/wp\/v2\/pages\/500","targetHints":{"allow":["GET"]}}],"collection":[{"href":"https:\/\/icsmontreal.com\/en\/wp-json\/wp\/v2\/pages"}],"about":[{"href":"https:\/\/icsmontreal.com\/en\/wp-json\/wp\/v2\/types\/page"}],"author":[{"embeddable":true,"href":"https:\/\/icsmontreal.com\/en\/wp-json\/wp\/v2\/users\/1"}],"replies":[{"embeddable":true,"href":"https:\/\/icsmontreal.com\/en\/wp-json\/wp\/v2\/comments?post=500"}],"version-history":[{"count":20,"href":"https:\/\/icsmontreal.com\/en\/wp-json\/wp\/v2\/pages\/500\/revisions"}],"predecessor-version":[{"id":1266,"href":"https:\/\/icsmontreal.com\/en\/wp-json\/wp\/v2\/pages\/500\/revisions\/1266"}],"wp:attachment":[{"href":"https:\/\/icsmontreal.com\/en\/wp-json\/wp\/v2\/media?parent=500"}],"curies":[{"name":"wp","href":"https:\/\/api.w.org\/{rel}","templated":true}]}}