{"id":521,"date":"2023-06-15T19:53:39","date_gmt":"2023-06-15T19:53:39","guid":{"rendered":"https:\/\/icsmontreal.com\/?page_id=521"},"modified":"2023-12-02T21:20:06","modified_gmt":"2023-12-02T21:20:06","slug":"votre-intervention","status":"publish","type":"page","link":"https:\/\/icsmontreal.com\/en\/votre-intervention\/","title":{"rendered":"Votre intervention"},"content":{"rendered":"<p>[vc_row css_animation=&#8221;&#8221; row_type=&#8221;row&#8221; use_row_as_full_screen_section=&#8221;no&#8221; type=&#8221;grid&#8221; angled_section=&#8221;no&#8221; text_align=&#8221;left&#8221; background_image_as_pattern=&#8221;without_pattern&#8221; z_index=&#8221;&#8221; el_class=&#8221;small-page grayish mt-100&#8243;][vc_column width=&#8221;1\/2&#8243;][vc_single_image image=&#8221;522&#8243; img_size=&#8221;full&#8221; qode_css_animation=&#8221;&#8221;][\/vc_column][vc_column width=&#8221;1\/2&#8243;][vc_column_text]<\/p>\n<h2>Votre intervention<\/h2>\n<p>Votre chemin vers une vie plus saine<\/p>\n<p>[\/vc_column_text][\/vc_column][\/vc_row][vc_row css_animation=&#8221;&#8221; column_reverse_sm=&#8221;1&#8243; row_type=&#8221;row&#8221; use_row_as_full_screen_section=&#8221;no&#8221; type=&#8221;grid&#8221; angled_section=&#8221;no&#8221; text_align=&#8221;left&#8221; background_image_as_pattern=&#8221;without_pattern&#8221; z_index=&#8221;&#8221; el_class=&#8221;right-pic mt-100&#8243;][vc_column width=&#8221;1\/2&#8243;][vc_column_text]<\/p>\n<h2>Votre consultation<\/h2>\n<p>Si vous avez d\u00e9j\u00e0 consult\u00e9 un sp\u00e9cialiste, apportez vos rapports radiologiques existants lors de votre rendez-vous. Mais m\u00eame si vous avez d\u00e9j\u00e0 consult\u00e9 dans le secteur public, avant de subir une chirurgie \u00e0 l\u2019ICS, vous devez rencontrer l\u2019un de nos chirurgiens.<\/p>\n<p>Si vous habitez en r\u00e9gion, faites-nous le savoir lors de votre prise de rendez-vous : nous veillerons \u00e0 limiter vos d\u00e9placements! Demandez notre trousse d\u2019information relative \u00e0 la chirurgie qui vous est propos\u00e9e : les renseignements qui s\u2019y trouvent vous aideront \u00e0 mieux comprendre l\u2019implication de vos soins et \u00e0 faciliter votre prise de d\u00e9cision.[\/vc_column_text][\/vc_column][vc_column width=&#8221;1\/2&#8243;][vc_column_text]<\/p>\n<div style=\"width: 1060px;\" class=\"wp-video\"><video class=\"wp-video-shortcode\" id=\"video-521-1\" width=\"1060\" height=\"596\" poster=\"https:\/\/icsmontreal.com\/wp-content\/uploads\/2023\/09\/XH142977.jpg\" preload=\"metadata\" controls=\"controls\"><source type=\"video\/mp4\" src=\"https:\/\/icsmontreal.com\/wp-content\/uploads\/2023\/06\/VOTRE-CONSULTATION.mp4?_=1\" \/><a href=\"https:\/\/icsmontreal.com\/wp-content\/uploads\/2023\/06\/VOTRE-CONSULTATION.mp4\">https:\/\/icsmontreal.com\/wp-content\/uploads\/2023\/06\/VOTRE-CONSULTATION.mp4<\/a><\/video><\/div>\n<p>[\/vc_column_text][\/vc_column][\/vc_row][vc_row css_animation=&#8221;&#8221; row_type=&#8221;row&#8221; use_row_as_full_screen_section=&#8221;no&#8221; type=&#8221;grid&#8221; angled_section=&#8221;no&#8221; text_align=&#8221;left&#8221; background_image_as_pattern=&#8221;without_pattern&#8221; z_index=&#8221;&#8221; el_class=&#8221;mini blued mt-100&#8243;][vc_column][vc_column_text]<\/p>\n<h2 style=\"color: white;\">Vous aurez une d\u00e9cision \u00e0 prendre<\/h2>\n<p>Une fois qu\u2019on vous aura propos\u00e9 une chirurgie, vous devrez effectuer votre r\u00e9servation. Vous recevrez une trousse comprenant les renseignements relatifs \u00e0 votre chirurgie ainsi qu\u2019un questionnaire \u00e0 remplir.[\/vc_column_text]<div style=\"text-align:center\"><a href=\"https:\/\/icsmontreal.com\/consultation\/\" class=\"button button--calypso \" target=\"_self\"><div class=\"btn__bg\"><\/div><span>PLANIFIER UNE CONSULTATION<\/span><\/a><\/div>[\/vc_column][\/vc_row][vc_row css_animation=&#8221;&#8221; row_type=&#8221;row&#8221; use_row_as_full_screen_section=&#8221;no&#8221; type=&#8221;grid&#8221; angled_section=&#8221;no&#8221; text_align=&#8221;left&#8221; background_image_as_pattern=&#8221;without_pattern&#8221; z_index=&#8221;&#8221; el_class=&#8221;mt-100&#8243;][vc_column width=&#8221;1\/2&#8243;][vc_single_image image=&#8221;524&#8243; img_size=&#8221;full&#8221; qode_css_animation=&#8221;&#8221;][\/vc_column][vc_column width=&#8221;1\/2&#8243;][vc_column_text]<\/p>\n<h2>Avant la chirurgie<\/h2>\n<p>Il vous sera possible d\u2019obtenir votre intervention dans les deux semaines suivant la premi\u00e8re rencontre. Vous ne serez soumis \u00e0 aucune annulation de derni\u00e8re minute\u2026 Dans les jours suivants, on communiquera avec vous pour compl\u00e9ter les renseignements m\u00e9dicaux d\u00e9j\u00e0 recueillis. \u00c0 cette occasion, on vous expliquera les directives pr\u00e9op\u00e9ratoires et on vous indiquera l\u2019heure de votre chirurgie. Si vous avez 40 ans et plus, vous devez passer un \u00e9lectrocardiogramme (offert gratuitement) avant votre chirurgie \u00e0 l\u2019Institut de chirurgie sp\u00e9cialis\u00e9e de Montr\u00e9al.<\/p>\n<p>Un service de transport est disponible; n\u2019h\u00e9sitez pas \u00e0 vous renseigner lors de votre rendez-vous.<\/p>\n<p><a class=\"lnk\" href=\"https:\/\/icsmontreal.com\/forms\/\">Veuillez lire nos recommandations pr\u00e9op\u00e9ratoires ici <\/a>[\/vc_column_text][\/vc_column][\/vc_row][vc_row css_animation=&#8221;&#8221; column_reverse_sm=&#8221;1&#8243; row_type=&#8221;row&#8221; use_row_as_full_screen_section=&#8221;no&#8221; type=&#8221;grid&#8221; angled_section=&#8221;no&#8221; text_align=&#8221;left&#8221; background_image_as_pattern=&#8221;without_pattern&#8221; z_index=&#8221;&#8221; el_class=&#8221;right-pic&#8221;][vc_column width=&#8221;1\/2&#8243;][vc_column_text]<\/p>\n<h2>Votre premi\u00e8re journ\u00e9e postop\u00e9ratoire<\/h2>\n<p>Une infirmi\u00e8re communiquera avec vous le lendemain de votre intervention. Elle sera disponible pour r\u00e9pondre \u00e0 toutes vos questions et vous pr\u00e9cisera les directives \u00e0 suivre. Assurez-vous de nous indiquer l\u2019endroit o\u00f9 vous s\u00e9journerez pour la dur\u00e9e de votre convalescence. Il est possible de nous joindre en tout temps en semaine pour tout renseignement sur les directives postop\u00e9ratoires. Lors de votre s\u00e9jour parmi nous, nous vous expliquerons les mesures \u00e0 suivre en cas d\u2019urgence.<\/p>\n<p><a class=\"lnk\" href=\"https:\/\/icsmontreal.com\/forms\/\">Veuillez lire nos recommandations postop\u00e9ratoires ici<\/a>[\/vc_column_text][\/vc_column][vc_column width=&#8221;1\/2&#8243;][vc_single_image image=&#8221;874&#8243; img_size=&#8221;full&#8221; qode_css_animation=&#8221;&#8221;][\/vc_column][\/vc_row][vc_row css_animation=&#8221;&#8221; row_type=&#8221;row&#8221; use_row_as_full_screen_section=&#8221;no&#8221; type=&#8221;grid&#8221; angled_section=&#8221;no&#8221; text_align=&#8221;left&#8221; background_image_as_pattern=&#8221;without_pattern&#8221; el_class=&#8221;kvadra&#8221; z_index=&#8221;&#8221;][vc_column width=&#8221;2\/3&#8243;][vc_column_text el_class=&#8221;two-cols&#8221;]<\/p>\n<h2>Les co\u00fbts<\/h2>\n<p>La consultation en orthop\u00e9die et en esth\u00e9tique ainsi que les chirurgies sont offertes en service priv\u00e9. Veuillez noter que nos sp\u00e9cialistes sont d\u00e9saffili\u00e9s du r\u00e9gime de sant\u00e9 public.<\/p>\n<p>Un acompte de 40 % du co\u00fbt total de votre chirurgie vous sera demand\u00e9 lors de la r\u00e9servation de votre intervention, et le solde devra \u00eatre acquitt\u00e9 le jour de votre chirurgie.<\/p>\n<p>Nous pouvons vous diriger vers des institutions qui offrent du financement pour les actes m\u00e9dicaux.<\/p>\n<p>Afin de faciliter votre paiement, nous acceptons les cartes de cr\u00e9dit Visa et MasterCard, et offrons le service Interac. Les ch\u00e8ques doivent \u00eatre certifi\u00e9s par votre institution bancaire.[\/vc_column_text][\/vc_column][vc_column width=&#8221;1\/3&#8243;][vc_column_text]<\/p>\n<h2>Comment r\u00e9duire mes frais<\/h2>\n<p>Dans certains cas, il nous est possible de pr\u00e9parer une soumission que vous pourrez pr\u00e9senter \u00e0 votre employeur ou \u00e0 votre assureur. N\u2019h\u00e9sitez pas \u00e0 nous en faire la demande. Le partage des co\u00fbts, c\u2019est payant pour tous\u2026[\/vc_column_text][\/vc_column][\/vc_row]<\/p>\n","protected":false},"excerpt":{"rendered":"<p>[vc_row css_animation=&#8221;&#8221; row_type=&#8221;row&#8221; use_row_as_full_screen_section=&#8221;no&#8221; type=&#8221;grid&#8221; angled_section=&#8221;no&#8221; text_align=&#8221;left&#8221; background_image_as_pattern=&#8221;without_pattern&#8221; z_index=&#8221;&#8221; el_class=&#8221;small-page grayish mt-100&#8243;][vc_column width=&#8221;1\/2&#8243;][vc_single_image image=&#8221;522&#8243; img_size=&#8221;full&#8221; qode_css_animation=&#8221;&#8221;][\/vc_column][vc_column width=&#8221;1\/2&#8243;][vc_column_text] Votre intervention Votre chemin vers une vie plus saine [\/vc_column_text][\/vc_column][\/vc_row][vc_row css_animation=&#8221;&#8221; column_reverse_sm=&#8221;1&#8243; row_type=&#8221;row&#8221; use_row_as_full_screen_section=&#8221;no&#8221; type=&#8221;grid&#8221; angled_section=&#8221;no&#8221; text_align=&#8221;left&#8221; background_image_as_pattern=&#8221;without_pattern&#8221; z_index=&#8221;&#8221; el_class=&#8221;right-pic mt-100&#8243;][vc_column width=&#8221;1\/2&#8243;][vc_column_text] Votre consultation Si vous avez d\u00e9j\u00e0&#8230;<\/p>\n","protected":false},"author":1,"featured_media":0,"parent":0,"menu_order":0,"comment_status":"closed","ping_status":"closed","template":"full_width.php","meta":{"footnotes":""},"class_list":["post-521","page","type-page","status-publish","hentry"],"yoast_head":"<!-- This site is optimized with the Yoast SEO plugin v21.7 - https:\/\/yoast.com\/wordpress\/plugins\/seo\/ -->\n<title>Votre intervention | Institut de chirurgie sp\u00e9cialis\u00e9e de Montr\u00e9al<\/title>\n<meta name=\"description\" content=\"Votre intervention | Chirurgiens orthop\u00e9diques et plasticiens de Montr\u00e9al dans une clinique de chirurgie priv\u00e9e\" \/>\n<meta name=\"robots\" content=\"index, follow, max-snippet:-1, max-image-preview:large, max-video-preview:-1\" \/>\n<link rel=\"canonical\" href=\"https:\/\/icsmontreal.com\/en\/votre-intervention\/\" \/>\n<meta property=\"og:locale\" content=\"en_US\" \/>\n<meta property=\"og:type\" content=\"article\" \/>\n<meta property=\"og:title\" content=\"Votre intervention | Institut de chirurgie sp\u00e9cialis\u00e9e de Montr\u00e9al\" \/>\n<meta property=\"og:description\" content=\"Votre intervention | Chirurgiens orthop\u00e9diques et plasticiens de Montr\u00e9al dans une clinique de chirurgie priv\u00e9e\" \/>\n<meta property=\"og:url\" content=\"https:\/\/icsmontreal.com\/en\/votre-intervention\/\" \/>\n<meta property=\"og:site_name\" content=\"Institut de chirurgie sp\u00e9cialis\u00e9e de Montr\u00e9al\" \/>\n<meta property=\"article:publisher\" content=\"https:\/\/www.facebook.com\/icsmontreal\" \/>\n<meta property=\"article:modified_time\" content=\"2023-12-02T21:20:06+00:00\" \/>\n<meta property=\"og:image\" content=\"https:\/\/icsmontreal.com\/wp-content\/uploads\/2023\/12\/Logo-ICS.jpg\" \/>\n\t<meta property=\"og:image:width\" content=\"1200\" \/>\n\t<meta property=\"og:image:height\" content=\"675\" \/>\n\t<meta property=\"og:image:type\" content=\"image\/jpeg\" \/>\n<meta name=\"twitter:card\" content=\"summary_large_image\" \/>\n<meta name=\"twitter:label1\" content=\"Est. reading time\" \/>\n\t<meta name=\"twitter:data1\" content=\"5 minutes\" \/>\n<script type=\"application\/ld+json\" class=\"yoast-schema-graph\">{\"@context\":\"https:\/\/schema.org\",\"@graph\":[{\"@type\":\"WebPage\",\"@id\":\"https:\/\/icsmontreal.com\/en\/votre-intervention\/\",\"url\":\"https:\/\/icsmontreal.com\/en\/votre-intervention\/\",\"name\":\"Votre intervention | Institut de chirurgie sp\u00e9cialis\u00e9e de Montr\u00e9al\",\"isPartOf\":{\"@id\":\"https:\/\/icsmontreal.com\/en\/#website\"},\"datePublished\":\"2023-06-15T19:53:39+00:00\",\"dateModified\":\"2023-12-02T21:20:06+00:00\",\"description\":\"Votre intervention | Chirurgiens orthop\u00e9diques et plasticiens de Montr\u00e9al dans une clinique de chirurgie priv\u00e9e\",\"breadcrumb\":{\"@id\":\"https:\/\/icsmontreal.com\/en\/votre-intervention\/#breadcrumb\"},\"inLanguage\":\"en-US\",\"potentialAction\":[{\"@type\":\"ReadAction\",\"target\":[\"https:\/\/icsmontreal.com\/en\/votre-intervention\/\"]}]},{\"@type\":\"BreadcrumbList\",\"@id\":\"https:\/\/icsmontreal.com\/en\/votre-intervention\/#breadcrumb\",\"itemListElement\":[{\"@type\":\"ListItem\",\"position\":1,\"name\":\"Home\",\"item\":\"https:\/\/icsmontreal.com\/en\/\"},{\"@type\":\"ListItem\",\"position\":2,\"name\":\"Votre intervention\"}]},{\"@type\":\"WebSite\",\"@id\":\"https:\/\/icsmontreal.com\/en\/#website\",\"url\":\"https:\/\/icsmontreal.com\/en\/\",\"name\":\"Institut de chirurgie sp\u00e9cialis\u00e9e de Montr\u00e9al\",\"description\":\"\",\"publisher\":{\"@id\":\"https:\/\/icsmontreal.com\/en\/#organization\"},\"potentialAction\":[{\"@type\":\"SearchAction\",\"target\":{\"@type\":\"EntryPoint\",\"urlTemplate\":\"https:\/\/icsmontreal.com\/en\/?s={search_term_string}\"},\"query-input\":\"required name=search_term_string\"}],\"inLanguage\":\"en-US\"},{\"@type\":\"Organization\",\"@id\":\"https:\/\/icsmontreal.com\/en\/#organization\",\"name\":\"Institut de chirurgie sp\u00e9cialis\u00e9e de Montr\u00e9al\",\"url\":\"https:\/\/icsmontreal.com\/en\/\",\"logo\":{\"@type\":\"ImageObject\",\"inLanguage\":\"en-US\",\"@id\":\"https:\/\/icsmontreal.com\/en\/#\/schema\/logo\/image\/\",\"url\":\"https:\/\/icsmontreal.com\/wp-content\/uploads\/2023\/05\/logoics.jpg\",\"contentUrl\":\"https:\/\/icsmontreal.com\/wp-content\/uploads\/2023\/05\/logoics.jpg\",\"width\":310,\"height\":200,\"caption\":\"Institut de chirurgie sp\u00e9cialis\u00e9e de Montr\u00e9al\"},\"image\":{\"@id\":\"https:\/\/icsmontreal.com\/en\/#\/schema\/logo\/image\/\"},\"sameAs\":[\"https:\/\/www.facebook.com\/icsmontreal\",\"https:\/\/www.instagram.com\/ics.montreal\/\"]}]}<\/script>\n<!-- \/ Yoast SEO plugin. -->","yoast_head_json":{"title":"Votre intervention | Institut de chirurgie sp\u00e9cialis\u00e9e de Montr\u00e9al","description":"Votre intervention | Chirurgiens orthop\u00e9diques et plasticiens de Montr\u00e9al dans une clinique de chirurgie priv\u00e9e","robots":{"index":"index","follow":"follow","max-snippet":"max-snippet:-1","max-image-preview":"max-image-preview:large","max-video-preview":"max-video-preview:-1"},"canonical":"https:\/\/icsmontreal.com\/en\/votre-intervention\/","og_locale":"en_US","og_type":"article","og_title":"Votre intervention | Institut de chirurgie sp\u00e9cialis\u00e9e de Montr\u00e9al","og_description":"Votre intervention | Chirurgiens orthop\u00e9diques et plasticiens de Montr\u00e9al dans une clinique de chirurgie priv\u00e9e","og_url":"https:\/\/icsmontreal.com\/en\/votre-intervention\/","og_site_name":"Institut de chirurgie sp\u00e9cialis\u00e9e de Montr\u00e9al","article_publisher":"https:\/\/www.facebook.com\/icsmontreal","article_modified_time":"2023-12-02T21:20:06+00:00","og_image":[{"width":1200,"height":675,"url":"https:\/\/icsmontreal.com\/wp-content\/uploads\/2023\/12\/Logo-ICS.jpg","type":"image\/jpeg"}],"twitter_card":"summary_large_image","twitter_misc":{"Est. reading time":"5 minutes"},"schema":{"@context":"https:\/\/schema.org","@graph":[{"@type":"WebPage","@id":"https:\/\/icsmontreal.com\/en\/votre-intervention\/","url":"https:\/\/icsmontreal.com\/en\/votre-intervention\/","name":"Votre intervention | Institut de chirurgie sp\u00e9cialis\u00e9e de Montr\u00e9al","isPartOf":{"@id":"https:\/\/icsmontreal.com\/en\/#website"},"datePublished":"2023-06-15T19:53:39+00:00","dateModified":"2023-12-02T21:20:06+00:00","description":"Votre intervention | Chirurgiens orthop\u00e9diques et plasticiens de Montr\u00e9al dans une clinique de chirurgie priv\u00e9e","breadcrumb":{"@id":"https:\/\/icsmontreal.com\/en\/votre-intervention\/#breadcrumb"},"inLanguage":"en-US","potentialAction":[{"@type":"ReadAction","target":["https:\/\/icsmontreal.com\/en\/votre-intervention\/"]}]},{"@type":"BreadcrumbList","@id":"https:\/\/icsmontreal.com\/en\/votre-intervention\/#breadcrumb","itemListElement":[{"@type":"ListItem","position":1,"name":"Home","item":"https:\/\/icsmontreal.com\/en\/"},{"@type":"ListItem","position":2,"name":"Votre intervention"}]},{"@type":"WebSite","@id":"https:\/\/icsmontreal.com\/en\/#website","url":"https:\/\/icsmontreal.com\/en\/","name":"Institut de chirurgie sp\u00e9cialis\u00e9e de Montr\u00e9al","description":"","publisher":{"@id":"https:\/\/icsmontreal.com\/en\/#organization"},"potentialAction":[{"@type":"SearchAction","target":{"@type":"EntryPoint","urlTemplate":"https:\/\/icsmontreal.com\/en\/?s={search_term_string}"},"query-input":"required name=search_term_string"}],"inLanguage":"en-US"},{"@type":"Organization","@id":"https:\/\/icsmontreal.com\/en\/#organization","name":"Institut de chirurgie sp\u00e9cialis\u00e9e de Montr\u00e9al","url":"https:\/\/icsmontreal.com\/en\/","logo":{"@type":"ImageObject","inLanguage":"en-US","@id":"https:\/\/icsmontreal.com\/en\/#\/schema\/logo\/image\/","url":"https:\/\/icsmontreal.com\/wp-content\/uploads\/2023\/05\/logoics.jpg","contentUrl":"https:\/\/icsmontreal.com\/wp-content\/uploads\/2023\/05\/logoics.jpg","width":310,"height":200,"caption":"Institut de chirurgie sp\u00e9cialis\u00e9e de Montr\u00e9al"},"image":{"@id":"https:\/\/icsmontreal.com\/en\/#\/schema\/logo\/image\/"},"sameAs":["https:\/\/www.facebook.com\/icsmontreal","https:\/\/www.instagram.com\/ics.montreal\/"]}]}},"acf":[],"_links":{"self":[{"href":"https:\/\/icsmontreal.com\/en\/wp-json\/wp\/v2\/pages\/521","targetHints":{"allow":["GET"]}}],"collection":[{"href":"https:\/\/icsmontreal.com\/en\/wp-json\/wp\/v2\/pages"}],"about":[{"href":"https:\/\/icsmontreal.com\/en\/wp-json\/wp\/v2\/types\/page"}],"author":[{"embeddable":true,"href":"https:\/\/icsmontreal.com\/en\/wp-json\/wp\/v2\/users\/1"}],"replies":[{"embeddable":true,"href":"https:\/\/icsmontreal.com\/en\/wp-json\/wp\/v2\/comments?post=521"}],"version-history":[{"count":12,"href":"https:\/\/icsmontreal.com\/en\/wp-json\/wp\/v2\/pages\/521\/revisions"}],"predecessor-version":[{"id":526,"href":"https:\/\/icsmontreal.com\/en\/wp-json\/wp\/v2\/pages\/521\/revisions\/526"}],"wp:attachment":[{"href":"https:\/\/icsmontreal.com\/en\/wp-json\/wp\/v2\/media?parent=521"}],"curies":[{"name":"wp","href":"https:\/\/api.w.org\/{rel}","templated":true}]}}