{"id":530,"date":"2023-06-15T20:09:41","date_gmt":"2023-06-15T20:09:41","guid":{"rendered":"https:\/\/icsmontreal.com\/?page_id=530"},"modified":"2023-12-01T15:46:02","modified_gmt":"2023-12-01T15:46:02","slug":"consultation-en-orthopedie","status":"publish","type":"page","link":"https:\/\/icsmontreal.com\/en\/consultation-en-orthopedie\/","title":{"rendered":"Consultation en orthop\u00e9die"},"content":{"rendered":"<p>[vc_row css_animation=&#8221;&#8221; row_type=&#8221;row&#8221; use_row_as_full_screen_section=&#8221;no&#8221; type=&#8221;grid&#8221; angled_section=&#8221;no&#8221; text_align=&#8221;left&#8221; background_image_as_pattern=&#8221;without_pattern&#8221; z_index=&#8221;&#8221; el_class=&#8221;small-page grayish mt-100&#8243;][vc_column width=&#8221;1\/2&#8243;]\n\t\t\t<!-- START spotr REVOLUTION SLIDER 6.5.5 --><p class=\"rs-p-wp-fix\"><\/p>\n\t\t\t<rs-module-wrap id=\"rev_slider_4_1_wrapper\" data-source=\"post\" style=\"visibility:hidden;background:transparent;padding:0;margin:0px auto;margin-top:0;margin-bottom:0;\">\n\t\t\t\t<rs-module id=\"rev_slider_4_1\" style=\"\" data-version=\"6.5.5\">\n\t\t\t\t\t<rs-slides>\n\t\t\t\t\t\t<rs-slide style=\"position: absolute;\" data-key=\"rs-530\" data-title=\"Consultation en orthop\u00e9die\" data-in=\"o:0;\" data-out=\"a:false;\">\n\t\t\t\t\t\t\t<img loading=\"lazy\" decoding=\"async\" src=\"\/\/icsmontreal.com\/wp-content\/plugins\/revslider\/public\/assets\/assets\/dummy.png\" title=\"sportif800\" width=\"800\" height=\"800\" class=\"rev-slidebg tp-rs-img rs-lazyload\" data-lazyload=\"\/\/icsmontreal.com\/wp-content\/uploads\/2023\/06\/sportif800.jpg\" data-bg=\"p:left center;\" data-no-retina>\n<!--\n\t\t\t\t\t\t\t--><rs-layer\n\t\t\t\t\t\t\t\tid=\"slider-4-slide-530-layer-3\" \n\t\t\t\t\t\t\t\tdata-type=\"image\"\n\t\t\t\t\t\t\t\tdata-rsp_ch=\"on\"\n\t\t\t\t\t\t\t\tdata-xy=\"x:c;y:c;\"\n\t\t\t\t\t\t\t\tdata-text=\"w:normal;\"\n\t\t\t\t\t\t\t\tdata-dim=\"w:100%;h:100%;\"\n\t\t\t\t\t\t\t\tdata-basealign=\"slide\"\n\t\t\t\t\t\t\t\tdata-frame_1=\"st:1410;sp:500;sR:1410;\"\n\t\t\t\t\t\t\t\tdata-frame_999=\"o:0;e:power4.inOut;st:w;sp:500;sR:7090;\"\n\t\t\t\t\t\t\t\tdata-loop_0=\"o:0;\"\n\t\t\t\t\t\t\t\tdata-loop_999=\"sp:1500;e:sine.inOut;yyf:t;\"\n\t\t\t\t\t\t\t\tstyle=\"z-index:8;\"\n\t\t\t\t\t\t\t><img loading=\"lazy\" decoding=\"async\" src=\"\/\/icsmontreal.com\/wp-content\/plugins\/revslider\/public\/assets\/assets\/dummy.png\" class=\"tp-rs-img rs-lazyload\" width=\"800\" height=\"800\" data-lazyload=\"\/\/icsmontreal.com\/wp-content\/uploads\/2023\/06\/sportif-red800-1.png\" data-c=\"cover\" data-no-retina> \n\t\t\t\t\t\t\t<\/rs-layer><!--\n-->\t\t\t\t\t\t<\/rs-slide>\n\t\t\t\t\t<\/rs-slides>\n\t\t\t\t<\/rs-module>\n\t\t\t\t<script type=\"text\/javascript\">\n\t\t\t\t\tsetREVStartSize({c: 'rev_slider_4_1',rl:[1240,1024,778,480],el:[800],gw:[800],gh:[800],type:'standard',justify:'',layout:'fullwidth',mh:\"0\"});if (window.RS_MODULES!==undefined && window.RS_MODULES.modules!==undefined && window.RS_MODULES.modules[\"revslider41\"]!==undefined) {window.RS_MODULES.modules[\"revslider41\"].once = false;window.revapi4 = undefined;window.RS_MODULES.checkMinimal()}\n\t\t\t\t<\/script>\n\t\t\t<\/rs-module-wrap>\n\t\t\t<!-- END REVOLUTION SLIDER -->\n[\/vc_column][vc_column width=&#8221;1\/2&#8243;][vc_column_text el_class=&#8221;title-section&#8221;]<\/p>\n<h2>Consultation en orthop\u00e9die<\/h2>\n<p>Revenir \u00e0 la vie que vous aimez commence par d\u00e9terminer la cause de votre inconfort.[\/vc_column_text][\/vc_column][\/vc_row][vc_row css_animation=&#8221;&#8221; column_reverse_sm=&#8221;1&#8243; row_type=&#8221;row&#8221; use_row_as_full_screen_section=&#8221;no&#8221; type=&#8221;grid&#8221; angled_section=&#8221;no&#8221; text_align=&#8221;left&#8221; background_image_as_pattern=&#8221;without_pattern&#8221; z_index=&#8221;&#8221; el_class=&#8221;right-pic&#8221;][vc_column width=&#8221;1\/2&#8243;][vc_column_text]<\/p>\n<h2>Votre consultation en orthop\u00e9die<\/h2>\n<p>L\u2019Institut de chirurgie sp\u00e9cialis\u00e9e de Montr\u00e9al a d\u00e9velopp\u00e9 une expertise essentiellement appliqu\u00e9e \u00e0 la chirurgie orthop\u00e9dique par arthroscopie (utilisation d\u2019une cam\u00e9ra) de l\u2019\u00e9paule, du poignet, de la hanche et du genou. L\u2019Institut poss\u00e8de aussi une unit\u00e9 sp\u00e9cialis\u00e9e en chirurgie du poignet et de la main ainsi que des experts en m\u00e9decine du sport.[\/vc_column_text][\/vc_column][vc_column width=&#8221;1\/2&#8243;][vc_single_image image=&#8221;1172&#8243; img_size=&#8221;full&#8221; qode_css_animation=&#8221;&#8221;][\/vc_column][\/vc_row][vc_row css_animation=&#8221;&#8221; row_type=&#8221;row&#8221; use_row_as_full_screen_section=&#8221;no&#8221; type=&#8221;grid&#8221; angled_section=&#8221;no&#8221; text_align=&#8221;left&#8221; background_image_as_pattern=&#8221;without_pattern&#8221; z_index=&#8221;&#8221;][vc_column width=&#8221;1\/2&#8243;][vc_single_image image=&#8221;537&#8243; img_size=&#8221;full&#8221; qode_css_animation=&#8221;&#8221;][\/vc_column][vc_column width=&#8221;1\/2&#8243;][vc_column_text]La majorit\u00e9 de nos patients continuent d\u2019attendre une place en chirurgie ou une consultation avec un m\u00e9decin sp\u00e9cialis\u00e9 dans le r\u00e9seau public. Nous savons que votre sant\u00e9 m\u00e9rite une approche personnalis\u00e9e et surtout une intervention rapide. C\u2019est pourquoi nous avons r\u00e9duit les d\u00e9lais de consultation et de chirurgie \u00e0 deux semaines.[\/vc_column_text][\/vc_column][\/vc_row][vc_row css_animation=&#8221;&#8221; row_type=&#8221;row&#8221; use_row_as_full_screen_section=&#8221;no&#8221; type=&#8221;grid&#8221; angled_section=&#8221;no&#8221; text_align=&#8221;left&#8221; background_image_as_pattern=&#8221;without_pattern&#8221; z_index=&#8221;&#8221; el_class=&#8221;right-pic&#8221;][vc_column width=&#8221;1\/2&#8243;][vc_column_text]\u00c0 notre clinique, il n\u2019est pas n\u00e9cessaire d\u2019apporter un billet de consultation d\u2019un autre m\u00e9decin pour obtenir un rendez-vous. Nos patients acc\u00e8dent directement aux sp\u00e9cialistes sans attendre. Dans certains cas, nous vous offrirons de rencontrer l\u2019un de nos m\u00e9decins sp\u00e9cialis\u00e9s en troubles musculosquelettiques pour obtenir un traitement ou r\u00e9aliser un examen radiologique.<\/p>\n<p>Pour nous aider \u00e0 vous diriger vers le service de haut qualit\u00e9, vous pourrez, le cas \u00e9ch\u00e9ant, nous envoyer les r\u00e9sultats de vos examens radiologiques avant votre rendez-vous.[\/vc_column_text][\/vc_column][vc_column width=&#8221;1\/2&#8243;][vc_single_image image=&#8221;536&#8243; img_size=&#8221;full&#8221; qode_css_animation=&#8221;&#8221;][\/vc_column][\/vc_row][vc_row css_animation=&#8221;&#8221; row_type=&#8221;row&#8221; use_row_as_full_screen_section=&#8221;no&#8221; type=&#8221;grid&#8221; angled_section=&#8221;no&#8221; text_align=&#8221;left&#8221; background_image_as_pattern=&#8221;without_pattern&#8221; z_index=&#8221;&#8221;][vc_column][vc_column_text el_class=&#8221;italic&#8221;]<\/p>\n<p style=\"text-align: center;\"><em>**Veuillez noter que nos m\u00e9decins sont nonparticipant au r\u00e9gime de sant\u00e9 publique. Les frais de consultation ou de chirurgie ne sont pas rembours\u00e9s par la R\u00e9gie de l\u2019assurance maladie du Qu\u00e9bec.<\/em><\/p>\n<p style=\"text-align: center;\"><em>Les r\u00e9gimes d\u2019assurances priv\u00e9s peuvent rembourser les frais de consultation et de chirurgie, dans certains cas.<\/em><\/p>\n<p>[\/vc_column_text][vc_column_text el_class=&#8221;anim-single anim-up conseils&#8221;]<\/p>\n<h3>Conseils pratiques pour la consultation en orthop\u00e9die<\/h3>\n<ul class=\"checkmarks\">\n<li>Apportez si possible vos rapports radiologiques et les disques qui contiennent vos donn\u00e9es enregistr\u00e9es.<\/li>\n<li>Apportez le billet de consultation de votre m\u00e9decin si vous en avez un.<\/li>\n<li>Si vous avez d\u00e9j\u00e0 subi une chirurgie \u00e0 une articulation pour laquelle vous nous consultez, apportez-nous votre protocole op\u00e9ratoire, qui est disponible aux archives de l\u2019h\u00f4pital concern\u00e9.<\/li>\n<\/ul>\n<p>[\/vc_column_text][vc_column_text el_class=&#8221;mb-60 anim-single anim-up&#8221;]<\/p>\n<h2 style=\"text-align: center;\">Nos chirurgiens orthop\u00e9distes et experts en chirurgie arthroscopique et services de proth\u00e8se<\/h2>\n<p>[\/vc_column_text][vc_column_text el_class=&#8221;anim-single anim-up&#8221;]<br \/>\n<div class=\"anim-single anim-up team-grid\"><div class=\"team-single\">\n\n            <img loading=\"lazy\" decoding=\"async\" width=\"600\" height=\"900\" src=\"https:\/\/icsmontreal.com\/wp-content\/uploads\/2023\/05\/XH14324-Edit-2.jpg\" class=\"attachment-post-thumbnail size-post-thumbnail wp-post-image\" alt=\"\" srcset=\"https:\/\/icsmontreal.com\/wp-content\/uploads\/2023\/05\/XH14324-Edit-2.jpg 600w, https:\/\/icsmontreal.com\/wp-content\/uploads\/2023\/05\/XH14324-Edit-2-200x300.jpg 200w\" sizes=\"auto, (max-width: 600px) 100vw, 600px\" \/>\n            <div>\n            <h4>Dr. Jacques Toueg <em>B. M.D., FRCS<\/em><\/h4>\n            <p>Orthopedic surgeon<\/p><p><a  class=\"bio-btn\" href=\"https:\/\/icsmontreal.com\/en\/specialiste\/dr-jacques-toueg\/\">VIEW BIOGRAPHY<\/a><\/p>\n            <\/div>\n            <\/div><div class=\"team-single\">\n\n            <img loading=\"lazy\" decoding=\"async\" width=\"600\" height=\"900\" src=\"https:\/\/icsmontreal.com\/wp-content\/uploads\/2023\/05\/XH14315-Edit-1.jpg\" class=\"attachment-post-thumbnail size-post-thumbnail wp-post-image\" alt=\"\" srcset=\"https:\/\/icsmontreal.com\/wp-content\/uploads\/2023\/05\/XH14315-Edit-1.jpg 600w, https:\/\/icsmontreal.com\/wp-content\/uploads\/2023\/05\/XH14315-Edit-1-200x300.jpg 200w\" sizes=\"auto, (max-width: 600px) 100vw, 600px\" \/>\n            <div>\n            <h4>Dr. Khalil Masri <em>MD, FRCS (C)<\/em><\/h4>\n            <p>Orthopedic Surgeon<\/p><p><a  class=\"bio-btn\" href=\"https:\/\/icsmontreal.com\/en\/specialiste\/dr-khalil-masri\/\">VIEW BIOGRAPHY<\/a><\/p>\n            <\/div>\n            <\/div><div class=\"team-single\">\n\n            <img loading=\"lazy\" decoding=\"async\" width=\"600\" height=\"900\" src=\"https:\/\/icsmontreal.com\/wp-content\/uploads\/2023\/05\/XH14358-Edit.jpg\" class=\"attachment-post-thumbnail size-post-thumbnail wp-post-image\" alt=\"\" srcset=\"https:\/\/icsmontreal.com\/wp-content\/uploads\/2023\/05\/XH14358-Edit.jpg 600w, https:\/\/icsmontreal.com\/wp-content\/uploads\/2023\/05\/XH14358-Edit-200x300.jpg 200w\" sizes=\"auto, (max-width: 600px) 100vw, 600px\" \/>\n            <div>\n            <h4>Dr. Michel Malo <em>MD, FRSC(c)<\/em><\/h4>\n            <p>Orthopedic Surgeon<\/p><p><a  class=\"bio-btn\" href=\"https:\/\/icsmontreal.com\/en\/specialiste\/dr-michel-malo\/\">VIEW BIOGRAPHY<\/a><\/p>\n            <\/div>\n            <\/div><div class=\"team-single\">\n\n            <img loading=\"lazy\" decoding=\"async\" width=\"600\" height=\"900\" src=\"https:\/\/icsmontreal.com\/wp-content\/uploads\/2023\/05\/durna.jpg\" class=\"attachment-post-thumbnail size-post-thumbnail wp-post-image\" alt=\"\" srcset=\"https:\/\/icsmontreal.com\/wp-content\/uploads\/2023\/05\/durna.jpg 600w, https:\/\/icsmontreal.com\/wp-content\/uploads\/2023\/05\/durna-200x300.jpg 200w\" sizes=\"auto, (max-width: 600px) 100vw, 600px\" \/>\n            <div>\n            <h4>Dr. Daniel Durand <em>M.D.C.M, FRCS, FACS<\/em><\/h4>\n            <p>Plastic surgeon<br\/> Hand surgeon<\/p><p><a  class=\"bio-btn\" href=\"https:\/\/icsmontreal.com\/en\/specialiste\/dr-daniel-durand\/\">VIEW BIOGRAPHY<\/a><\/p>\n            <\/div>\n            <\/div><\/div>[\/vc_column_text][\/vc_column][\/vc_row]<\/p>\n","protected":false},"excerpt":{"rendered":"<p>[vc_row css_animation=&#8221;&#8221; row_type=&#8221;row&#8221; use_row_as_full_screen_section=&#8221;no&#8221; type=&#8221;grid&#8221; angled_section=&#8221;no&#8221; text_align=&#8221;left&#8221; background_image_as_pattern=&#8221;without_pattern&#8221; z_index=&#8221;&#8221; el_class=&#8221;small-page grayish mt-100&#8243;][vc_column width=&#8221;1\/2&#8243;][\/vc_column][vc_column width=&#8221;1\/2&#8243;][vc_column_text el_class=&#8221;title-section&#8221;] Consultation en orthop\u00e9die Revenir \u00e0 la vie que vous aimez commence par d\u00e9terminer la cause de votre inconfort.[\/vc_column_text][\/vc_column][\/vc_row][vc_row css_animation=&#8221;&#8221; column_reverse_sm=&#8221;1&#8243; row_type=&#8221;row&#8221; use_row_as_full_screen_section=&#8221;no&#8221; type=&#8221;grid&#8221; angled_section=&#8221;no&#8221; text_align=&#8221;left&#8221; background_image_as_pattern=&#8221;without_pattern&#8221; z_index=&#8221;&#8221; el_class=&#8221;right-pic&#8221;][vc_column width=&#8221;1\/2&#8243;][vc_column_text] Votre&#8230;<\/p>\n","protected":false},"author":1,"featured_media":0,"parent":0,"menu_order":0,"comment_status":"closed","ping_status":"closed","template":"full_width.php","meta":{"footnotes":""},"class_list":["post-530","page","type-page","status-publish","hentry"],"yoast_head":"<!-- This site is optimized with the Yoast SEO plugin v21.7 - https:\/\/yoast.com\/wordpress\/plugins\/seo\/ -->\n<title>Consultation en orthop\u00e9die | Institut de chirurgie sp\u00e9cialis\u00e9e de Montr\u00e9al<\/title>\n<meta name=\"description\" content=\"Consultation en orthop\u00e9die | Chirurgiens orthop\u00e9diques et plasticiens de Montr\u00e9al dans une clinique de chirurgie priv\u00e9e\" \/>\n<meta name=\"robots\" content=\"index, follow, max-snippet:-1, max-image-preview:large, max-video-preview:-1\" \/>\n<link rel=\"canonical\" href=\"https:\/\/icsmontreal.com\/en\/consultation-en-orthopedie\/\" \/>\n<meta property=\"og:locale\" content=\"en_US\" \/>\n<meta property=\"og:type\" content=\"article\" \/>\n<meta property=\"og:title\" content=\"Consultation en orthop\u00e9die | Institut de chirurgie sp\u00e9cialis\u00e9e de Montr\u00e9al\" \/>\n<meta property=\"og:description\" content=\"Consultation en orthop\u00e9die | Chirurgiens orthop\u00e9diques et plasticiens de Montr\u00e9al dans une clinique de chirurgie priv\u00e9e\" \/>\n<meta property=\"og:url\" content=\"https:\/\/icsmontreal.com\/en\/consultation-en-orthopedie\/\" \/>\n<meta property=\"og:site_name\" content=\"Institut de chirurgie sp\u00e9cialis\u00e9e de Montr\u00e9al\" \/>\n<meta property=\"article:publisher\" content=\"https:\/\/www.facebook.com\/icsmontreal\" \/>\n<meta property=\"article:modified_time\" content=\"2023-12-01T15:46:02+00:00\" \/>\n<meta property=\"og:image\" content=\"https:\/\/icsmontreal.com\/wp-content\/uploads\/2023\/12\/Logo-ICS.jpg\" \/>\n\t<meta property=\"og:image:width\" content=\"1200\" \/>\n\t<meta property=\"og:image:height\" content=\"675\" \/>\n\t<meta property=\"og:image:type\" content=\"image\/jpeg\" \/>\n<meta name=\"twitter:card\" content=\"summary_large_image\" \/>\n<meta name=\"twitter:label1\" content=\"Est. reading time\" \/>\n\t<meta name=\"twitter:data1\" content=\"4 minutes\" \/>\n<script type=\"application\/ld+json\" class=\"yoast-schema-graph\">{\"@context\":\"https:\/\/schema.org\",\"@graph\":[{\"@type\":\"WebPage\",\"@id\":\"https:\/\/icsmontreal.com\/en\/consultation-en-orthopedie\/\",\"url\":\"https:\/\/icsmontreal.com\/en\/consultation-en-orthopedie\/\",\"name\":\"Consultation en orthop\u00e9die | Institut de chirurgie sp\u00e9cialis\u00e9e de Montr\u00e9al\",\"isPartOf\":{\"@id\":\"https:\/\/icsmontreal.com\/en\/#website\"},\"datePublished\":\"2023-06-15T20:09:41+00:00\",\"dateModified\":\"2023-12-01T15:46:02+00:00\",\"description\":\"Consultation en orthop\u00e9die | Chirurgiens orthop\u00e9diques et plasticiens de Montr\u00e9al dans une clinique de chirurgie priv\u00e9e\",\"breadcrumb\":{\"@id\":\"https:\/\/icsmontreal.com\/en\/consultation-en-orthopedie\/#breadcrumb\"},\"inLanguage\":\"en-US\",\"potentialAction\":[{\"@type\":\"ReadAction\",\"target\":[\"https:\/\/icsmontreal.com\/en\/consultation-en-orthopedie\/\"]}]},{\"@type\":\"BreadcrumbList\",\"@id\":\"https:\/\/icsmontreal.com\/en\/consultation-en-orthopedie\/#breadcrumb\",\"itemListElement\":[{\"@type\":\"ListItem\",\"position\":1,\"name\":\"Home\",\"item\":\"https:\/\/icsmontreal.com\/en\/\"},{\"@type\":\"ListItem\",\"position\":2,\"name\":\"Consultation en orthop\u00e9die\"}]},{\"@type\":\"WebSite\",\"@id\":\"https:\/\/icsmontreal.com\/en\/#website\",\"url\":\"https:\/\/icsmontreal.com\/en\/\",\"name\":\"Institut de chirurgie sp\u00e9cialis\u00e9e de Montr\u00e9al\",\"description\":\"\",\"publisher\":{\"@id\":\"https:\/\/icsmontreal.com\/en\/#organization\"},\"potentialAction\":[{\"@type\":\"SearchAction\",\"target\":{\"@type\":\"EntryPoint\",\"urlTemplate\":\"https:\/\/icsmontreal.com\/en\/?s={search_term_string}\"},\"query-input\":\"required name=search_term_string\"}],\"inLanguage\":\"en-US\"},{\"@type\":\"Organization\",\"@id\":\"https:\/\/icsmontreal.com\/en\/#organization\",\"name\":\"Institut de chirurgie sp\u00e9cialis\u00e9e de Montr\u00e9al\",\"url\":\"https:\/\/icsmontreal.com\/en\/\",\"logo\":{\"@type\":\"ImageObject\",\"inLanguage\":\"en-US\",\"@id\":\"https:\/\/icsmontreal.com\/en\/#\/schema\/logo\/image\/\",\"url\":\"https:\/\/icsmontreal.com\/wp-content\/uploads\/2023\/05\/logoics.jpg\",\"contentUrl\":\"https:\/\/icsmontreal.com\/wp-content\/uploads\/2023\/05\/logoics.jpg\",\"width\":310,\"height\":200,\"caption\":\"Institut de chirurgie sp\u00e9cialis\u00e9e de Montr\u00e9al\"},\"image\":{\"@id\":\"https:\/\/icsmontreal.com\/en\/#\/schema\/logo\/image\/\"},\"sameAs\":[\"https:\/\/www.facebook.com\/icsmontreal\",\"https:\/\/www.instagram.com\/ics.montreal\/\"]}]}<\/script>\n<!-- \/ Yoast SEO plugin. -->","yoast_head_json":{"title":"Consultation en orthop\u00e9die | Institut de chirurgie sp\u00e9cialis\u00e9e de Montr\u00e9al","description":"Consultation en orthop\u00e9die | Chirurgiens orthop\u00e9diques et plasticiens de Montr\u00e9al dans une clinique de chirurgie priv\u00e9e","robots":{"index":"index","follow":"follow","max-snippet":"max-snippet:-1","max-image-preview":"max-image-preview:large","max-video-preview":"max-video-preview:-1"},"canonical":"https:\/\/icsmontreal.com\/en\/consultation-en-orthopedie\/","og_locale":"en_US","og_type":"article","og_title":"Consultation en orthop\u00e9die | Institut de chirurgie sp\u00e9cialis\u00e9e de Montr\u00e9al","og_description":"Consultation en orthop\u00e9die | Chirurgiens orthop\u00e9diques et plasticiens de Montr\u00e9al dans une clinique de chirurgie priv\u00e9e","og_url":"https:\/\/icsmontreal.com\/en\/consultation-en-orthopedie\/","og_site_name":"Institut de chirurgie sp\u00e9cialis\u00e9e de Montr\u00e9al","article_publisher":"https:\/\/www.facebook.com\/icsmontreal","article_modified_time":"2023-12-01T15:46:02+00:00","og_image":[{"width":1200,"height":675,"url":"https:\/\/icsmontreal.com\/wp-content\/uploads\/2023\/12\/Logo-ICS.jpg","type":"image\/jpeg"}],"twitter_card":"summary_large_image","twitter_misc":{"Est. reading time":"4 minutes"},"schema":{"@context":"https:\/\/schema.org","@graph":[{"@type":"WebPage","@id":"https:\/\/icsmontreal.com\/en\/consultation-en-orthopedie\/","url":"https:\/\/icsmontreal.com\/en\/consultation-en-orthopedie\/","name":"Consultation en orthop\u00e9die | Institut de chirurgie sp\u00e9cialis\u00e9e de Montr\u00e9al","isPartOf":{"@id":"https:\/\/icsmontreal.com\/en\/#website"},"datePublished":"2023-06-15T20:09:41+00:00","dateModified":"2023-12-01T15:46:02+00:00","description":"Consultation en orthop\u00e9die | Chirurgiens orthop\u00e9diques et plasticiens de Montr\u00e9al dans une clinique de chirurgie priv\u00e9e","breadcrumb":{"@id":"https:\/\/icsmontreal.com\/en\/consultation-en-orthopedie\/#breadcrumb"},"inLanguage":"en-US","potentialAction":[{"@type":"ReadAction","target":["https:\/\/icsmontreal.com\/en\/consultation-en-orthopedie\/"]}]},{"@type":"BreadcrumbList","@id":"https:\/\/icsmontreal.com\/en\/consultation-en-orthopedie\/#breadcrumb","itemListElement":[{"@type":"ListItem","position":1,"name":"Home","item":"https:\/\/icsmontreal.com\/en\/"},{"@type":"ListItem","position":2,"name":"Consultation en orthop\u00e9die"}]},{"@type":"WebSite","@id":"https:\/\/icsmontreal.com\/en\/#website","url":"https:\/\/icsmontreal.com\/en\/","name":"Institut de chirurgie sp\u00e9cialis\u00e9e de Montr\u00e9al","description":"","publisher":{"@id":"https:\/\/icsmontreal.com\/en\/#organization"},"potentialAction":[{"@type":"SearchAction","target":{"@type":"EntryPoint","urlTemplate":"https:\/\/icsmontreal.com\/en\/?s={search_term_string}"},"query-input":"required name=search_term_string"}],"inLanguage":"en-US"},{"@type":"Organization","@id":"https:\/\/icsmontreal.com\/en\/#organization","name":"Institut de chirurgie sp\u00e9cialis\u00e9e de Montr\u00e9al","url":"https:\/\/icsmontreal.com\/en\/","logo":{"@type":"ImageObject","inLanguage":"en-US","@id":"https:\/\/icsmontreal.com\/en\/#\/schema\/logo\/image\/","url":"https:\/\/icsmontreal.com\/wp-content\/uploads\/2023\/05\/logoics.jpg","contentUrl":"https:\/\/icsmontreal.com\/wp-content\/uploads\/2023\/05\/logoics.jpg","width":310,"height":200,"caption":"Institut de chirurgie sp\u00e9cialis\u00e9e de Montr\u00e9al"},"image":{"@id":"https:\/\/icsmontreal.com\/en\/#\/schema\/logo\/image\/"},"sameAs":["https:\/\/www.facebook.com\/icsmontreal","https:\/\/www.instagram.com\/ics.montreal\/"]}]}},"acf":[],"_links":{"self":[{"href":"https:\/\/icsmontreal.com\/en\/wp-json\/wp\/v2\/pages\/530","targetHints":{"allow":["GET"]}}],"collection":[{"href":"https:\/\/icsmontreal.com\/en\/wp-json\/wp\/v2\/pages"}],"about":[{"href":"https:\/\/icsmontreal.com\/en\/wp-json\/wp\/v2\/types\/page"}],"author":[{"embeddable":true,"href":"https:\/\/icsmontreal.com\/en\/wp-json\/wp\/v2\/users\/1"}],"replies":[{"embeddable":true,"href":"https:\/\/icsmontreal.com\/en\/wp-json\/wp\/v2\/comments?post=530"}],"version-history":[{"count":12,"href":"https:\/\/icsmontreal.com\/en\/wp-json\/wp\/v2\/pages\/530\/revisions"}],"predecessor-version":[{"id":1220,"href":"https:\/\/icsmontreal.com\/en\/wp-json\/wp\/v2\/pages\/530\/revisions\/1220"}],"wp:attachment":[{"href":"https:\/\/icsmontreal.com\/en\/wp-json\/wp\/v2\/media?parent=530"}],"curies":[{"name":"wp","href":"https:\/\/api.w.org\/{rel}","templated":true}]}}