{"id":558,"date":"2023-06-16T14:04:14","date_gmt":"2023-06-16T14:04:14","guid":{"rendered":"https:\/\/icsmontreal.com\/?page_id=558"},"modified":"2023-07-18T18:40:31","modified_gmt":"2023-07-18T18:40:31","slug":"votre-consultation-esthetique-3d","status":"publish","type":"page","link":"https:\/\/icsmontreal.com\/en\/votre-consultation-esthetique-3d\/","title":{"rendered":"Votre nouvelle apparence en 3D"},"content":{"rendered":"<p>[vc_row css_animation=&#8221;&#8221; row_type=&#8221;row&#8221; use_row_as_full_screen_section=&#8221;no&#8221; type=&#8221;grid&#8221; angled_section=&#8221;no&#8221; text_align=&#8221;left&#8221; background_image_as_pattern=&#8221;without_pattern&#8221; z_index=&#8221;&#8221; el_class=&#8221;flex-center reverse-column-sm&#8221;][vc_column width=&#8221;1\/2&#8243; el_class=&#8221;pl-60&#8243;][vc_single_image image=&#8221;960&#8243; img_size=&#8221;full&#8221; qode_css_animation=&#8221;&#8221; el_class=&#8221;show-sm&#8221;][vc_column_text]<\/p>\n<h2>D\u00e9couvrez votre avant et apr\u00e8s en <strong>3<\/strong>D<\/h2>\n<h3 class=\"subtitle\">Vous voulez savoir ce qui vous va le mieux\u00a0?<\/h3>\n<p>Commencez d\u00e8s maintenant votre consultation 3D avec le Dr Daniel Durand, chirurgien plasticien de haut niveau \u00e0 Montr\u00e9al au Canada, en utilisant la solution unique Crisalix 3D afin de r\u00e9pondre \u00e0 la question essentielle \u00ab\u00a0De quoi aurais-je l\u2019air apr\u00e8s la proc\u00e9dure ?\u00a0\u00bb.[\/vc_column_text]<div style=\"text-align:left\"><a href=\"https:\/\/my.crisalix.com\/signup?token=6111e4479d92ac75595789e345787f05&amp;origin=directory&amp;locale=en\" class=\"button button--calypso anim-single anim-up\" target=\"_blank\"><div class=\"btn__bg\"><\/div><span>D\u00c9COUVREZ VOTRE AVANT ET APR\u00c8S EN 3D<\/span><\/a><\/div>[\/vc_column][vc_column width=&#8221;1\/2&#8243;]<div class=\"qode_video_box\">\n\t<a itemprop=\"image\" class=\"qode_video_image\" href=\"https:\/\/youtu.be\/qx2WttbEtco\" data-rel=\"prettyPhoto\">\n\t\t\t\n\t\t\t<img decoding=\"async\" src=\"https:\/\/icsmontreal.com\/wp-content\/uploads\/2023\/06\/Crisalix-for-Patients.jpg\" \/>\n\t\t\t<span class=\"qode_video_box_button_holder\">\n\t\t\t\t<span class=\"qode_video_box_button\">\n\t\t\t\t\t<span class=\"qode_video_box_button_arrow\">\n\t\t\t\t\t<\/span>\n\t\t\t\t<\/span>\n\t\t\t<\/span>\n\t\t\t<\/a>\n<\/div>[\/vc_column][\/vc_row][vc_row css_animation=&#8221;&#8221; row_type=&#8221;row&#8221; use_row_as_full_screen_section=&#8221;no&#8221; type=&#8221;grid&#8221; angled_section=&#8221;no&#8221; text_align=&#8221;left&#8221; background_image_as_pattern=&#8221;without_pattern&#8221; z_index=&#8221;&#8221; el_class=&#8221;like&#8221;][vc_column][vc_column_text]<\/p>\n<h2>\u00c0 quoi ressemble une consultation 3D typique ?<\/h2>\n<h3 class=\"subtitle\">C&#8217;est simple!<\/h3>\n<ol>\n<li>Avant la consultation, vous pouvez t\u00e9l\u00e9charger trois photos standards de vous afin d\u2019avoir acc\u00e8s \u00e0 votre simulation 3D lors de votre prochain rendez-vous avec le Dr Daniel Durand. Vous pouvez aussi r\u00e9server une consultation avec le Dr Durand qui vous scannera en 3D avec la technologie hybride ayant recours \u00e0 un scanner 3D mobile.<\/li>\n<li>Lors de votre consultation, vous pourrez d\u00e9couvrir votre \u00ab nouveau vous \u00bb en 3D tout en b\u00e9n\u00e9ficiant des pr\u00e9cieux conseils du Dr Daniel Durand. Le Dr Durand modifiera la simulation 3D pour obtenir vos r\u00e9sultats souhait\u00e9s.<\/li>\n<li>Apr\u00e8s la consultation, le Dr Daniel Durand vous donnera acc\u00e8s \u00e0 votre \u00ab nouveau vous \u00bb \u00e0 partir du confort de votre demeure vous \u00e0 l\u2019aide de votre compte personnel Crisalix. Cela vous permettra de le partager avec votre famille, vos amis ou toute autre personne avec qui vous voudriez obtenir un avis afin de prendre une d\u00e9cision plus \u00e9clair\u00e9e.<\/li>\n<\/ol>\n<p>[\/vc_column_text]<div style=\"text-align:center\"><a href=\"https:\/\/my.crisalix.com\/signup?token=6111e4479d92ac75595789e345787f05&amp;origin=directory&amp;locale=en\" class=\"button button--calypso anim-single anim-up\" target=\"_blank\"><div class=\"btn__bg\"><\/div><span>VOIR VOTRE NOUVEAU VOUS MAINTENANT !<\/span><\/a><\/div>[\/vc_column][\/vc_row][vc_row css_animation=&#8221;&#8221; column_reverse_sm=&#8221;1&#8243; row_type=&#8221;row&#8221; use_row_as_full_screen_section=&#8221;no&#8221; type=&#8221;grid&#8221; angled_section=&#8221;no&#8221; text_align=&#8221;left&#8221; background_image_as_pattern=&#8221;without_pattern&#8221; z_index=&#8221;&#8221; el_class=&#8221;reverse-column-sm flex-center-md&#8221;][vc_column width=&#8221;1\/2&#8243; el_class=&#8221;pl-60&#8243;][vc_column_text el_class=&#8221;smallerh&#8221;]<\/p>\n<h2>Vous n&#8217;\u00eates pas s\u00fbr de la diff\u00e9rence entre 300cc et 400cc?<\/h2>\n<h3 class=\"subtitle\">Envie d&#8217;un r\u00e9sultat naturel ?<br \/>\nVous vous demandez de quoi vous aurez l\u2019air apr\u00e8s la chirurgie ?<br \/>\nVous voulez ressembler \u00e0 une c\u00e9l\u00e9brit\u00e9 en particulier ?<\/h3>\n<p>D\u00e9couvrez votre nouveau vous lors d&#8217;une consultation avec le Dr Daniel Durand pour voir quel pourrait \u00eatre le r\u00e9sultat final de votre intervention chirurgicale.[\/vc_column_text]<div style=\"text-align:left\"><a href=\"https:\/\/my.crisalix.com\/signup?token=6111e4479d92ac75595789e345787f05&amp;origin=directory&amp;locale=en\" class=\"button button--calypso anim-single anim-up\" target=\"_blank\"><div class=\"btn__bg\"><\/div><span>VOIR VOTRE NOUVEAU VOUS MAINTENANT !<\/span><\/a><\/div>[\/vc_column][vc_column width=&#8221;1\/2&#8243;]<div class=\"qode_video_box\">\n\t<a itemprop=\"image\" class=\"qode_video_image\" href=\"https:\/\/vimeo.com\/152177163\" data-rel=\"prettyPhoto\">\n\t\t\t\n\t\t\t<img decoding=\"async\" src=\"https:\/\/icsmontreal.com\/wp-content\/uploads\/2023\/06\/Crisalix-for-Patients-152177163.jpg\" \/>\n\t\t\t<span class=\"qode_video_box_button_holder\">\n\t\t\t\t<span class=\"qode_video_box_button\">\n\t\t\t\t\t<span class=\"qode_video_box_button_arrow\">\n\t\t\t\t\t<\/span>\n\t\t\t\t<\/span>\n\t\t\t<\/span>\n\t\t\t<\/a>\n<\/div>[\/vc_column][\/vc_row][vc_row css_animation=&#8221;&#8221; row_type=&#8221;row&#8221; use_row_as_full_screen_section=&#8221;no&#8221; type=&#8221;grid&#8221; angled_section=&#8221;no&#8221; text_align=&#8221;left&#8221; background_image_as_pattern=&#8221;without_pattern&#8221; z_index=&#8221;&#8221; el_id=&#8221;just&#8221;][vc_column][qode_content_slider direction_nav=&#8221;yes&#8221; control_nav=&#8221;yes&#8221; control_nav_justify=&#8221;yes&#8221; pause_on_hover=&#8221;yes&#8221;][qode_content_slider_item][vc_row_inner row_type=&#8221;row&#8221; type=&#8221;full_width&#8221; text_align=&#8221;left&#8221; css_animation=&#8221;&#8221; el_class=&#8221;flex-center-md&#8221;][vc_column_inner width=&#8221;1\/2&#8243;]\n\t\t\t<!-- START face REVOLUTION SLIDER 6.5.5 --><p class=\"rs-p-wp-fix\"><\/p>\n\t\t\t<rs-module-wrap id=\"rev_slider_6_1_wrapper\" data-source=\"gallery\" style=\"visibility:hidden;background:transparent;padding:0;margin:0px auto;margin-top:0;margin-bottom:0;\">\n\t\t\t\t<rs-module id=\"rev_slider_6_1\" style=\"\" data-version=\"6.5.5\">\n\t\t\t\t\t<rs-slides>\n\t\t\t\t\t\t<rs-slide style=\"position: absolute;\" data-key=\"rs-6\" data-title=\"Slide\" data-in=\"o:0;\" data-out=\"a:false;\">\n\t\t\t\t\t\t\t<img loading=\"lazy\" decoding=\"async\" src=\"\/\/icsmontreal.com\/wp-content\/plugins\/revslider\/public\/assets\/assets\/dummy.png\" title=\"face_7.jpeg\" width=\"776\" height=\"538\" class=\"rev-slidebg tp-rs-img rs-lazyload\" data-lazyload=\"\/\/icsmontreal.com\/wp-content\/uploads\/revslider\/mammo-1\/face_7.jpeg\" data-no-retina>\n\t\t\t\t\t\t\t<rs-bgvideo \n\t\t\t\t\t\t\t\tdata-video=\"w:100%;h:100%;nse:false;l:true;ptimer:false;vfc:true;\"\n\t\t\t\t\t\t\t\tdata-mp4=\"\/\/icsmontreal.com\/wp-content\/uploads\/revslider\/mammo-1\/face.mp4\"\n\t\t\t\t\t\t\t><\/rs-bgvideo>\n<!--\n\t\t\t\t\t\t\t--><rs-layer\n\t\t\t\t\t\t\t\tid=\"slider-6-slide-6-layer-0\" \n\t\t\t\t\t\t\t\tdata-type=\"image\"\n\t\t\t\t\t\t\t\tdata-rsp_ch=\"on\"\n\t\t\t\t\t\t\t\tdata-xy=\"x:c;y:40px;\"\n\t\t\t\t\t\t\t\tdata-text=\"w:normal;\"\n\t\t\t\t\t\t\t\tdata-dim=\"w:250px;h:63px;\"\n\t\t\t\t\t\t\t\tdata-frame_999=\"o:0;st:w;\"\n\t\t\t\t\t\t\t\tstyle=\"z-index:5;\"\n\t\t\t\t\t\t\t><img loading=\"lazy\" decoding=\"async\" src=\"\/\/icsmontreal.com\/wp-content\/plugins\/revslider\/public\/assets\/assets\/dummy.png\" class=\"tp-rs-img rs-lazyload\" width=\"400\" height=\"100\" data-lazyload=\"\/\/icsmontreal.com\/wp-content\/uploads\/revslider\/face-1\/logo_en.png\" data-no-retina> \n\t\t\t\t\t\t\t<\/rs-layer><!--\n-->\t\t\t\t\t\t<\/rs-slide>\n\t\t\t\t\t<\/rs-slides>\n\t\t\t\t<\/rs-module>\n\t\t\t\t<script type=\"text\/javascript\">\n\t\t\t\t\tsetREVStartSize({c: 'rev_slider_6_1',rl:[1240,1024,778,480],el:[538],gw:[776],gh:[538],type:'standard',justify:'',layout:'fullwidth',mh:\"0\"});if (window.RS_MODULES!==undefined && window.RS_MODULES.modules!==undefined && window.RS_MODULES.modules[\"revslider61\"]!==undefined) {window.RS_MODULES.modules[\"revslider61\"].once = false;window.revapi6 = undefined;window.RS_MODULES.checkMinimal()}\n\t\t\t\t<\/script>\n\t\t\t<\/rs-module-wrap>\n\t\t\t<!-- END REVOLUTION SLIDER -->\n[\/vc_column_inner][vc_column_inner width=&#8221;1\/2&#8243;][vc_column_text]<\/p>\n<h2>Visage<\/h2>\n<ul class=\"checkmarks\">\n<li>Rhinoplastie<\/li>\n<li>Redrapage du visage<\/li>\n<li>Sourcils<\/li>\n<li>Paupi\u00e8res \/ Bl\u00e9pharoplastie<\/li>\n<li>Implants de joues<\/li>\n<li>Augmentation des l\u00e8vres<\/li>\n<li>Augmentation du menton et de la macho\u00eere<\/li>\n<li>Peau du visage<\/li>\n<\/ul>\n<p>[\/vc_column_text][\/vc_column_inner][\/vc_row_inner][\/qode_content_slider_item][qode_content_slider_item][vc_row_inner row_type=&#8221;row&#8221; type=&#8221;full_width&#8221; text_align=&#8221;left&#8221; css_animation=&#8221;&#8221; el_class=&#8221;flex-center-md&#8221;][vc_column_inner width=&#8221;1\/2&#8243;]\n\t\t\t<!-- START mammo REVOLUTION SLIDER 6.5.5 --><p class=\"rs-p-wp-fix\"><\/p>\n\t\t\t<rs-module-wrap id=\"rev_slider_7_2_wrapper\" data-source=\"gallery\" style=\"visibility:hidden;background:transparent;padding:0;margin:0px auto;margin-top:0;margin-bottom:0;\">\n\t\t\t\t<rs-module id=\"rev_slider_7_2\" style=\"\" data-version=\"6.5.5\">\n\t\t\t\t\t<rs-slides>\n\t\t\t\t\t\t<rs-slide style=\"position: absolute;\" data-key=\"rs-7\" data-title=\"Slide\" data-in=\"o:0;\" data-out=\"a:false;\">\n\t\t\t\t\t\t\t<img loading=\"lazy\" decoding=\"async\" src=\"\/\/icsmontreal.com\/wp-content\/plugins\/revslider\/public\/assets\/assets\/dummy.png\" title=\"mammo_1.jpeg\" width=\"776\" height=\"538\" class=\"rev-slidebg tp-rs-img rs-lazyload\" data-lazyload=\"\/\/icsmontreal.com\/wp-content\/uploads\/revslider\/mammo\/mammo_1.jpeg\" data-no-retina>\n\t\t\t\t\t\t\t<rs-bgvideo \n\t\t\t\t\t\t\t\tdata-video=\"w:100%;h:100%;nse:false;l:true;ptimer:false;vfc:true;\"\n\t\t\t\t\t\t\t\tdata-mp4=\"\/\/icsmontreal.com\/wp-content\/uploads\/revslider\/mammo\/mammo.mp4\"\n\t\t\t\t\t\t\t><\/rs-bgvideo>\n<!--\n\t\t\t\t\t\t\t--><rs-layer\n\t\t\t\t\t\t\t\tid=\"slider-7-slide-7-layer-0\" \n\t\t\t\t\t\t\t\tdata-type=\"image\"\n\t\t\t\t\t\t\t\tdata-rsp_ch=\"on\"\n\t\t\t\t\t\t\t\tdata-xy=\"x:c;y:40px;\"\n\t\t\t\t\t\t\t\tdata-text=\"w:normal;\"\n\t\t\t\t\t\t\t\tdata-dim=\"w:250px;h:63px;\"\n\t\t\t\t\t\t\t\tdata-frame_999=\"o:0;st:w;\"\n\t\t\t\t\t\t\t\tstyle=\"z-index:5;\"\n\t\t\t\t\t\t\t><img loading=\"lazy\" decoding=\"async\" src=\"\/\/icsmontreal.com\/wp-content\/plugins\/revslider\/public\/assets\/assets\/dummy.png\" class=\"tp-rs-img rs-lazyload\" width=\"400\" height=\"100\" data-lazyload=\"\/\/icsmontreal.com\/wp-content\/uploads\/revslider\/face-1\/logo_en.png\" data-no-retina> \n\t\t\t\t\t\t\t<\/rs-layer><!--\n-->\t\t\t\t\t\t<\/rs-slide>\n\t\t\t\t\t<\/rs-slides>\n\t\t\t\t<\/rs-module>\n\t\t\t\t<script type=\"text\/javascript\">\n\t\t\t\t\tsetREVStartSize({c: 'rev_slider_7_2',rl:[1240,1024,778,480],el:[538],gw:[776],gh:[538],type:'standard',justify:'',layout:'fullwidth',mh:\"0\"});if (window.RS_MODULES!==undefined && window.RS_MODULES.modules!==undefined && window.RS_MODULES.modules[\"revslider72\"]!==undefined) {window.RS_MODULES.modules[\"revslider72\"].once = false;window.revapi7 = undefined;window.RS_MODULES.checkMinimal()}\n\t\t\t\t<\/script>\n\t\t\t<\/rs-module-wrap>\n\t\t\t<!-- END REVOLUTION SLIDER -->\n[\/vc_column_inner][vc_column_inner width=&#8221;1\/2&#8243;][vc_column_text]<\/p>\n<h2>Sein<\/h2>\n<ul class=\"checkmarks\">\n<li>Augmentation mammaire<\/li>\n<li>R\u00e9duction mammaire<\/li>\n<li>Mastopexie \/ Redrapage mammaire<\/li>\n<li>Implants salins \/ silicones<\/li>\n<li>Simulations asym\u00e9triques<\/li>\n<li>R\u00e9vision des implants<\/li>\n<li>Cicatrices<\/li>\n<li>Reconstruction mammaire<\/li>\n<li>Transfert de graisse<\/li>\n<\/ul>\n<p>[\/vc_column_text][\/vc_column_inner][\/vc_row_inner][\/qode_content_slider_item][qode_content_slider_item][vc_row_inner row_type=&#8221;row&#8221; type=&#8221;full_width&#8221; text_align=&#8221;left&#8221; css_animation=&#8221;&#8221; el_class=&#8221;flex-center-md&#8221;][vc_column_inner width=&#8221;1\/2&#8243;]\n\t\t\t<!-- START body REVOLUTION SLIDER 6.5.5 --><p class=\"rs-p-wp-fix\"><\/p>\n\t\t\t<rs-module-wrap id=\"rev_slider_5_3_wrapper\" data-source=\"gallery\" style=\"visibility:hidden;background:transparent;padding:0;margin:0px auto;margin-top:0;margin-bottom:0;\">\n\t\t\t\t<rs-module id=\"rev_slider_5_3\" style=\"\" data-version=\"6.5.5\">\n\t\t\t\t\t<rs-slides>\n\t\t\t\t\t\t<rs-slide style=\"position: absolute;\" data-key=\"rs-5\" data-title=\"Slide\" data-in=\"o:0;\" data-out=\"a:false;\">\n\t\t\t\t\t\t\t<img loading=\"lazy\" decoding=\"async\" src=\"\/\/icsmontreal.com\/wp-content\/plugins\/revslider\/public\/assets\/assets\/dummy.png\" title=\"body_8.jpeg\" width=\"776\" height=\"538\" class=\"rev-slidebg tp-rs-img rs-lazyload\" data-lazyload=\"\/\/icsmontreal.com\/wp-content\/uploads\/revslider\/face-1\/body_8.jpeg\" data-no-retina>\n\t\t\t\t\t\t\t<rs-bgvideo \n\t\t\t\t\t\t\t\tdata-video=\"w:100%;h:100%;nse:false;l:true;ptimer:false;vfc:true;\"\n\t\t\t\t\t\t\t\tdata-mp4=\"\/\/icsmontreal.com\/wp-content\/uploads\/revslider\/face-1\/body.mp4\"\n\t\t\t\t\t\t\t><\/rs-bgvideo>\n<!--\n\t\t\t\t\t\t\t--><rs-layer\n\t\t\t\t\t\t\t\tid=\"slider-5-slide-5-layer-0\" \n\t\t\t\t\t\t\t\tdata-type=\"image\"\n\t\t\t\t\t\t\t\tdata-rsp_ch=\"on\"\n\t\t\t\t\t\t\t\tdata-xy=\"x:c;y:40px;\"\n\t\t\t\t\t\t\t\tdata-text=\"w:normal;\"\n\t\t\t\t\t\t\t\tdata-dim=\"w:250px;h:63px;\"\n\t\t\t\t\t\t\t\tdata-frame_999=\"o:0;st:w;\"\n\t\t\t\t\t\t\t\tstyle=\"z-index:5;\"\n\t\t\t\t\t\t\t><img loading=\"lazy\" decoding=\"async\" src=\"\/\/icsmontreal.com\/wp-content\/plugins\/revslider\/public\/assets\/assets\/dummy.png\" class=\"tp-rs-img rs-lazyload\" width=\"400\" height=\"100\" data-lazyload=\"\/\/icsmontreal.com\/wp-content\/uploads\/revslider\/face-1\/logo_en.png\" data-no-retina> \n\t\t\t\t\t\t\t<\/rs-layer><!--\n-->\t\t\t\t\t\t<\/rs-slide>\n\t\t\t\t\t<\/rs-slides>\n\t\t\t\t<\/rs-module>\n\t\t\t\t<script type=\"text\/javascript\">\n\t\t\t\t\tsetREVStartSize({c: 'rev_slider_5_3',rl:[1240,1024,778,480],el:[538],gw:[776],gh:[538],type:'standard',justify:'',layout:'fullwidth',mh:\"0\"});if (window.RS_MODULES!==undefined && window.RS_MODULES.modules!==undefined && window.RS_MODULES.modules[\"revslider53\"]!==undefined) {window.RS_MODULES.modules[\"revslider53\"].once = false;window.revapi5 = undefined;window.RS_MODULES.checkMinimal()}\n\t\t\t\t<\/script>\n\t\t\t<\/rs-module-wrap>\n\t\t\t<!-- END REVOLUTION SLIDER -->\n[\/vc_column_inner][vc_column_inner width=&#8221;1\/2&#8243;][vc_column_text]<\/p>\n<h2>Corps<\/h2>\n<ul class=\"checkmarks\">\n<li>Abdominoplastie<\/li>\n<li>Liposuccion \/ Liposculpture<\/li>\n<li>Contour du corps<\/li>\n<li>Fesses<\/li>\n<\/ul>\n<p><em style=\"font-size: 0.7em;\">(Uniquement disponible avec capteur 3D)<\/em>[\/vc_column_text][\/vc_column_inner][\/vc_row_inner][\/qode_content_slider_item][\/qode_content_slider][\/vc_column][\/vc_row][vc_row css_animation=&#8221;&#8221; column_reverse_sm=&#8221;1&#8243; row_type=&#8221;row&#8221; use_row_as_full_screen_section=&#8221;no&#8221; type=&#8221;grid&#8221; angled_section=&#8221;no&#8221; text_align=&#8221;left&#8221; background_image_as_pattern=&#8221;without_pattern&#8221; z_index=&#8221;&#8221; el_class=&#8221;reverse-column-sm flex-center-md&#8221;][vc_column width=&#8221;1\/2&#8243; el_class=&#8221;pl-60&#8243;][vc_column_text el_class=&#8221;smallerh&#8221;]<\/p>\n<h2>R\u00e9servez une consultation virtuelle 3D<\/h2>\n<h3 class=\"subtitle\">Bienvenue dans une nouvelle \u00e8re de consultations.<br \/>\nLa nouvelle norme de communication esth\u00e9tique pendant le covid-19 et au-del\u00e0.<\/h3>\n<p>Visitez virtuellement notre cabinet avec les consultations \u00e0 distance 3D ou la t\u00e9l\u00e9m\u00e9decine si vous envisagez des interventions et voulez s\u00e9curiser vos futurs traitements.<br \/>\nCommencez d\u00e8s maintenant votre consultation 3D avec le Dr Daniel Durand ![\/vc_column_text]<div style=\"text-align:left\"><a href=\"https:\/\/my.crisalix.com\/signup?token=6111e4479d92ac75595789e345787f05&amp;origin=directory&amp;locale=en\" class=\"button button--calypso anim-single anim-up\" target=\"_blank\"><div class=\"btn__bg\"><\/div><span>R\u00c9SERVER UNE CONSULTATION 3D<\/span><\/a><\/div>[\/vc_column][vc_column width=&#8221;1\/2&#8243;][vc_column_text]<\/p>\n<div style=\"width: 1060px;\" class=\"wp-video\"><video class=\"wp-video-shortcode\" id=\"video-558-1\" width=\"1060\" height=\"596\" poster=\"https:\/\/icsmontreal.com\/wp-content\/uploads\/2023\/06\/cris2.jpg\" preload=\"metadata\" controls=\"controls\"><source type=\"video\/mp4\" src=\"https:\/\/icsmontreal.com\/wp-content\/uploads\/2023\/06\/1914734158.mp4?_=1\" \/><a href=\"https:\/\/icsmontreal.com\/wp-content\/uploads\/2023\/06\/1914734158.mp4\">https:\/\/icsmontreal.com\/wp-content\/uploads\/2023\/06\/1914734158.mp4<\/a><\/video><\/div>\n<p>[\/vc_column_text][\/vc_column][\/vc_row]<\/p>\n","protected":false},"excerpt":{"rendered":"<p>Voyez vos r\u00e9sultats AVANT la chirurgie !<\/p>\n","protected":false},"author":1,"featured_media":560,"parent":0,"menu_order":0,"comment_status":"closed","ping_status":"closed","template":"full_width.php","meta":{"footnotes":""},"class_list":["post-558","page","type-page","status-publish","has-post-thumbnail","hentry"],"yoast_head":"<!-- This site is optimized with the Yoast SEO plugin v21.7 - https:\/\/yoast.com\/wordpress\/plugins\/seo\/ -->\n<title>Votre nouvelle apparence en 3D | Institut de chirurgie sp\u00e9cialis\u00e9e de Montr\u00e9al<\/title>\n<meta name=\"description\" content=\"Votre nouvelle apparence en 3D | Chirurgiens orthop\u00e9diques et plasticiens de Montr\u00e9al dans une clinique de chirurgie priv\u00e9e\" \/>\n<meta name=\"robots\" content=\"index, follow, max-snippet:-1, max-image-preview:large, max-video-preview:-1\" \/>\n<link rel=\"canonical\" href=\"https:\/\/icsmontreal.com\/en\/votre-consultation-esthetique-3d\/\" \/>\n<meta property=\"og:locale\" content=\"en_US\" \/>\n<meta property=\"og:type\" content=\"article\" \/>\n<meta property=\"og:title\" content=\"Votre nouvelle apparence en 3D | Institut de chirurgie sp\u00e9cialis\u00e9e de Montr\u00e9al\" \/>\n<meta property=\"og:description\" content=\"Votre nouvelle apparence en 3D | Chirurgiens orthop\u00e9diques et plasticiens de Montr\u00e9al dans une clinique de chirurgie priv\u00e9e\" \/>\n<meta property=\"og:url\" content=\"https:\/\/icsmontreal.com\/en\/votre-consultation-esthetique-3d\/\" \/>\n<meta property=\"og:site_name\" content=\"Institut de chirurgie sp\u00e9cialis\u00e9e de Montr\u00e9al\" \/>\n<meta property=\"article:publisher\" content=\"https:\/\/www.facebook.com\/icsmontreal\" \/>\n<meta property=\"article:modified_time\" content=\"2023-07-18T18:40:31+00:00\" \/>\n<meta property=\"og:image\" content=\"https:\/\/icsmontreal.com\/wp-content\/uploads\/2023\/06\/crisalix-1.jpg?_t=1703086826\" \/>\n\t<meta property=\"og:image:width\" content=\"1920\" \/>\n\t<meta property=\"og:image:height\" content=\"833\" \/>\n\t<meta property=\"og:image:type\" content=\"image\/jpeg\" \/>\n<meta name=\"twitter:card\" content=\"summary_large_image\" \/>\n<meta name=\"twitter:label1\" content=\"Est. reading time\" \/>\n\t<meta name=\"twitter:data1\" content=\"5 minutes\" \/>\n<script type=\"application\/ld+json\" class=\"yoast-schema-graph\">{\"@context\":\"https:\/\/schema.org\",\"@graph\":[{\"@type\":\"WebPage\",\"@id\":\"https:\/\/icsmontreal.com\/en\/votre-consultation-esthetique-3d\/\",\"url\":\"https:\/\/icsmontreal.com\/en\/votre-consultation-esthetique-3d\/\",\"name\":\"Votre nouvelle apparence en 3D | Institut de chirurgie sp\u00e9cialis\u00e9e de Montr\u00e9al\",\"isPartOf\":{\"@id\":\"https:\/\/icsmontreal.com\/en\/#website\"},\"datePublished\":\"2023-06-16T14:04:14+00:00\",\"dateModified\":\"2023-07-18T18:40:31+00:00\",\"description\":\"Votre nouvelle apparence en 3D | Chirurgiens orthop\u00e9diques et plasticiens de Montr\u00e9al dans une clinique de chirurgie priv\u00e9e\",\"breadcrumb\":{\"@id\":\"https:\/\/icsmontreal.com\/en\/votre-consultation-esthetique-3d\/#breadcrumb\"},\"inLanguage\":\"en-US\",\"potentialAction\":[{\"@type\":\"ReadAction\",\"target\":[\"https:\/\/icsmontreal.com\/en\/votre-consultation-esthetique-3d\/\"]}]},{\"@type\":\"BreadcrumbList\",\"@id\":\"https:\/\/icsmontreal.com\/en\/votre-consultation-esthetique-3d\/#breadcrumb\",\"itemListElement\":[{\"@type\":\"ListItem\",\"position\":1,\"name\":\"Home\",\"item\":\"https:\/\/icsmontreal.com\/en\/\"},{\"@type\":\"ListItem\",\"position\":2,\"name\":\"Votre nouvelle apparence en 3D\"}]},{\"@type\":\"WebSite\",\"@id\":\"https:\/\/icsmontreal.com\/en\/#website\",\"url\":\"https:\/\/icsmontreal.com\/en\/\",\"name\":\"Institut de chirurgie sp\u00e9cialis\u00e9e de Montr\u00e9al\",\"description\":\"\",\"publisher\":{\"@id\":\"https:\/\/icsmontreal.com\/en\/#organization\"},\"potentialAction\":[{\"@type\":\"SearchAction\",\"target\":{\"@type\":\"EntryPoint\",\"urlTemplate\":\"https:\/\/icsmontreal.com\/en\/?s={search_term_string}\"},\"query-input\":\"required name=search_term_string\"}],\"inLanguage\":\"en-US\"},{\"@type\":\"Organization\",\"@id\":\"https:\/\/icsmontreal.com\/en\/#organization\",\"name\":\"Institut de chirurgie sp\u00e9cialis\u00e9e de Montr\u00e9al\",\"url\":\"https:\/\/icsmontreal.com\/en\/\",\"logo\":{\"@type\":\"ImageObject\",\"inLanguage\":\"en-US\",\"@id\":\"https:\/\/icsmontreal.com\/en\/#\/schema\/logo\/image\/\",\"url\":\"https:\/\/icsmontreal.com\/wp-content\/uploads\/2023\/05\/logoics.jpg\",\"contentUrl\":\"https:\/\/icsmontreal.com\/wp-content\/uploads\/2023\/05\/logoics.jpg\",\"width\":310,\"height\":200,\"caption\":\"Institut de chirurgie sp\u00e9cialis\u00e9e de Montr\u00e9al\"},\"image\":{\"@id\":\"https:\/\/icsmontreal.com\/en\/#\/schema\/logo\/image\/\"},\"sameAs\":[\"https:\/\/www.facebook.com\/icsmontreal\",\"https:\/\/www.instagram.com\/ics.montreal\/\"]}]}<\/script>\n<!-- \/ Yoast SEO plugin. -->","yoast_head_json":{"title":"Votre nouvelle apparence en 3D | Institut de chirurgie sp\u00e9cialis\u00e9e de Montr\u00e9al","description":"Votre nouvelle apparence en 3D | Chirurgiens orthop\u00e9diques et plasticiens de Montr\u00e9al dans une clinique de chirurgie priv\u00e9e","robots":{"index":"index","follow":"follow","max-snippet":"max-snippet:-1","max-image-preview":"max-image-preview:large","max-video-preview":"max-video-preview:-1"},"canonical":"https:\/\/icsmontreal.com\/en\/votre-consultation-esthetique-3d\/","og_locale":"en_US","og_type":"article","og_title":"Votre nouvelle apparence en 3D | Institut de chirurgie sp\u00e9cialis\u00e9e de Montr\u00e9al","og_description":"Votre nouvelle apparence en 3D | Chirurgiens orthop\u00e9diques et plasticiens de Montr\u00e9al dans une clinique de chirurgie priv\u00e9e","og_url":"https:\/\/icsmontreal.com\/en\/votre-consultation-esthetique-3d\/","og_site_name":"Institut de chirurgie sp\u00e9cialis\u00e9e de Montr\u00e9al","article_publisher":"https:\/\/www.facebook.com\/icsmontreal","article_modified_time":"2023-07-18T18:40:31+00:00","og_image":[{"width":1920,"height":833,"url":"https:\/\/icsmontreal.com\/wp-content\/uploads\/2023\/06\/crisalix-1.jpg?_t=1703086826","type":"image\/jpeg"}],"twitter_card":"summary_large_image","twitter_misc":{"Est. reading time":"5 minutes"},"schema":{"@context":"https:\/\/schema.org","@graph":[{"@type":"WebPage","@id":"https:\/\/icsmontreal.com\/en\/votre-consultation-esthetique-3d\/","url":"https:\/\/icsmontreal.com\/en\/votre-consultation-esthetique-3d\/","name":"Votre nouvelle apparence en 3D | Institut de chirurgie sp\u00e9cialis\u00e9e de Montr\u00e9al","isPartOf":{"@id":"https:\/\/icsmontreal.com\/en\/#website"},"datePublished":"2023-06-16T14:04:14+00:00","dateModified":"2023-07-18T18:40:31+00:00","description":"Votre nouvelle apparence en 3D | Chirurgiens orthop\u00e9diques et plasticiens de Montr\u00e9al dans une clinique de chirurgie priv\u00e9e","breadcrumb":{"@id":"https:\/\/icsmontreal.com\/en\/votre-consultation-esthetique-3d\/#breadcrumb"},"inLanguage":"en-US","potentialAction":[{"@type":"ReadAction","target":["https:\/\/icsmontreal.com\/en\/votre-consultation-esthetique-3d\/"]}]},{"@type":"BreadcrumbList","@id":"https:\/\/icsmontreal.com\/en\/votre-consultation-esthetique-3d\/#breadcrumb","itemListElement":[{"@type":"ListItem","position":1,"name":"Home","item":"https:\/\/icsmontreal.com\/en\/"},{"@type":"ListItem","position":2,"name":"Votre nouvelle apparence en 3D"}]},{"@type":"WebSite","@id":"https:\/\/icsmontreal.com\/en\/#website","url":"https:\/\/icsmontreal.com\/en\/","name":"Institut de chirurgie sp\u00e9cialis\u00e9e de Montr\u00e9al","description":"","publisher":{"@id":"https:\/\/icsmontreal.com\/en\/#organization"},"potentialAction":[{"@type":"SearchAction","target":{"@type":"EntryPoint","urlTemplate":"https:\/\/icsmontreal.com\/en\/?s={search_term_string}"},"query-input":"required name=search_term_string"}],"inLanguage":"en-US"},{"@type":"Organization","@id":"https:\/\/icsmontreal.com\/en\/#organization","name":"Institut de chirurgie sp\u00e9cialis\u00e9e de Montr\u00e9al","url":"https:\/\/icsmontreal.com\/en\/","logo":{"@type":"ImageObject","inLanguage":"en-US","@id":"https:\/\/icsmontreal.com\/en\/#\/schema\/logo\/image\/","url":"https:\/\/icsmontreal.com\/wp-content\/uploads\/2023\/05\/logoics.jpg","contentUrl":"https:\/\/icsmontreal.com\/wp-content\/uploads\/2023\/05\/logoics.jpg","width":310,"height":200,"caption":"Institut de chirurgie sp\u00e9cialis\u00e9e de Montr\u00e9al"},"image":{"@id":"https:\/\/icsmontreal.com\/en\/#\/schema\/logo\/image\/"},"sameAs":["https:\/\/www.facebook.com\/icsmontreal","https:\/\/www.instagram.com\/ics.montreal\/"]}]}},"acf":[],"_links":{"self":[{"href":"https:\/\/icsmontreal.com\/en\/wp-json\/wp\/v2\/pages\/558","targetHints":{"allow":["GET"]}}],"collection":[{"href":"https:\/\/icsmontreal.com\/en\/wp-json\/wp\/v2\/pages"}],"about":[{"href":"https:\/\/icsmontreal.com\/en\/wp-json\/wp\/v2\/types\/page"}],"author":[{"embeddable":true,"href":"https:\/\/icsmontreal.com\/en\/wp-json\/wp\/v2\/users\/1"}],"replies":[{"embeddable":true,"href":"https:\/\/icsmontreal.com\/en\/wp-json\/wp\/v2\/comments?post=558"}],"version-history":[{"count":11,"href":"https:\/\/icsmontreal.com\/en\/wp-json\/wp\/v2\/pages\/558\/revisions"}],"predecessor-version":[{"id":962,"href":"https:\/\/icsmontreal.com\/en\/wp-json\/wp\/v2\/pages\/558\/revisions\/962"}],"wp:featuredmedia":[{"embeddable":true,"href":"https:\/\/icsmontreal.com\/en\/wp-json\/wp\/v2\/media\/560"}],"wp:attachment":[{"href":"https:\/\/icsmontreal.com\/en\/wp-json\/wp\/v2\/media?parent=558"}],"curies":[{"name":"wp","href":"https:\/\/api.w.org\/{rel}","templated":true}]}}